{"id":1628,"date":"2015-12-15T17:41:39","date_gmt":"2015-12-15T16:41:39","guid":{"rendered":"https:\/\/alphea.it\/products\/sem%20categoria\/esfoliacao-corporal-com-caroco-de-alperce\/"},"modified":"2022-03-10T10:58:55","modified_gmt":"2022-03-10T09:58:55","slug":"esfoliacao-corporal-com-caroco-de-alperce","status":"publish","type":"product","link":"https:\/\/alphea.it\/pt-pt\/products\/body-pt-pt\/special-line-pt-pt\/esfoliacao-corporal-com-caroco-de-alperce\/","title":{"rendered":"Esfolia\u00e7\u00e3o corporal com Caro\u00e7o de Alperce"},"content":{"rendered":"","protected":false},"excerpt":{"rendered":"<p><span style=\"font-weight: 400;\">A <\/span><b>esfolia\u00e7\u00e3o corpooral com caro\u00e7o de alperce<\/b><span style=\"font-weight: 400;\"> \u00e9 indicada para todas as peles antes de qualquer tratamento cosm\u00e9tico. <\/span><b>Elimina delicadamente as toxinas e c\u00e9lulas mortas<\/b><span style=\"font-weight: 400;\">, produzindo um efeito esfoliante gra\u00e7as \u00e0<\/span><b> textura constitu\u00edda por microesferas<\/b><span style=\"font-weight: 400;\"> que garantem uma esolia\u00e7\u00e3o delicada e eficaz para todo o corpo. Solu\u00e7\u00e3o indispens\u00e1vel para a est\u00e9tica profissional, a sua composi\u00e7\u00e3o \u00e9 \u00e0 base de caro\u00e7o de alperce micronizado, a esfolia\u00e7\u00e3o Alphea <\/span><b>remove as impurezas,<\/b><span style=\"font-weight: 400;\"> proporcionando uma pele suave, lisa e luminosa e favorecendo uma frescura e bem-estar imediatos.<\/span><\/p>\n<p><span style=\"font-weight: 400;\">Uso profissional<\/span><\/p>\n<p><span style=\"font-weight: 400;\">Formato de 500 ml<\/span><\/p>\n","protected":false},"featured_media":1227,"comment_status":"closed","ping_status":"closed","template":"","meta":{"_acf_changed":false},"product_brand":[],"product_cat":[55,57],"product_tag":[],"class_list":{"0":"post-1628","1":"product","2":"type-product","3":"status-publish","4":"has-post-thumbnail","6":"product_cat-body-pt-pt","7":"product_cat-special-line-pt-pt","9":"first","10":"instock","11":"shipping-taxable","12":"product-type-simple"},"acf":[],"yoast_head":"<!-- This site is optimized with the Yoast SEO plugin v26.8 - https:\/\/yoast.com\/product\/yoast-seo-wordpress\/ -->\n<title>Esfolia\u00e7\u00e3o corporal com Caro\u00e7o de Alperce - Alphea<\/title>\n<meta name=\"description\" content=\"A esfolia\u00e7\u00e3o corpooral com caro\u00e7o de alperce \u00e9 indicada para todas as peles antes de qualquer tratamento cosm\u00e9tico.\" \/>\n<meta name=\"robots\" content=\"index, follow, max-snippet:-1, max-image-preview:large, max-video-preview:-1\" \/>\n<link rel=\"canonical\" href=\"https:\/\/alphea.it\/pt-pt\/products\/body-pt-pt\/special-line-pt-pt\/esfoliacao-corporal-com-caroco-de-alperce\/\" \/>\n<meta property=\"og:locale\" content=\"pt_PT\" \/>\n<meta property=\"og:type\" content=\"article\" \/>\n<meta property=\"og:title\" content=\"Esfolia\u00e7\u00e3o corporal com Caro\u00e7o de Alperce - Alphea\" \/>\n<meta property=\"og:description\" content=\"A esfolia\u00e7\u00e3o corpooral com caro\u00e7o de alperce \u00e9 indicada para todas as peles antes de qualquer tratamento cosm\u00e9tico.\" \/>\n<meta property=\"og:url\" content=\"https:\/\/alphea.it\/pt-pt\/products\/body-pt-pt\/special-line-pt-pt\/esfoliacao-corporal-com-caroco-de-alperce\/\" \/>\n<meta property=\"og:site_name\" content=\"Alphea\" \/>\n<meta property=\"article:modified_time\" content=\"2022-03-10T09:58:55+00:00\" \/>\n<meta property=\"og:image\" content=\"https:\/\/alphea.it\/wp-content\/uploads\/2015\/12\/alphea_special__gommage_corpo_nocciolo_albicocca_500ml.png\" \/>\n\t<meta property=\"og:image:width\" content=\"600\" \/>\n\t<meta property=\"og:image:height\" content=\"600\" \/>\n\t<meta property=\"og:image:type\" content=\"image\/png\" \/>\n<meta name=\"twitter:card\" content=\"summary_large_image\" \/>\n<script type=\"application\/ld+json\" class=\"yoast-schema-graph\">{\"@context\":\"https:\/\/schema.org\",\"@graph\":[{\"@type\":\"WebPage\",\"@id\":\"https:\/\/alphea.it\/pt-pt\/products\/body-pt-pt\/special-line-pt-pt\/esfoliacao-corporal-com-caroco-de-alperce\/\",\"url\":\"https:\/\/alphea.it\/pt-pt\/products\/body-pt-pt\/special-line-pt-pt\/esfoliacao-corporal-com-caroco-de-alperce\/\",\"name\":\"Esfolia\u00e7\u00e3o corporal com Caro\u00e7o de Alperce - Alphea\",\"isPartOf\":{\"@id\":\"https:\/\/alphea.it\/#website\"},\"primaryImageOfPage\":{\"@id\":\"https:\/\/alphea.it\/pt-pt\/products\/body-pt-pt\/special-line-pt-pt\/esfoliacao-corporal-com-caroco-de-alperce\/#primaryimage\"},\"image\":{\"@id\":\"https:\/\/alphea.it\/pt-pt\/products\/body-pt-pt\/special-line-pt-pt\/esfoliacao-corporal-com-caroco-de-alperce\/#primaryimage\"},\"thumbnailUrl\":\"https:\/\/alphea.it\/wp-content\/uploads\/2015\/12\/alphea_special__gommage_corpo_nocciolo_albicocca_500ml.png\",\"datePublished\":\"2015-12-15T16:41:39+00:00\",\"dateModified\":\"2022-03-10T09:58:55+00:00\",\"description\":\"A esfolia\u00e7\u00e3o corpooral com caro\u00e7o de alperce \u00e9 indicada para todas as peles antes de qualquer tratamento cosm\u00e9tico.\",\"breadcrumb\":{\"@id\":\"https:\/\/alphea.it\/pt-pt\/products\/body-pt-pt\/special-line-pt-pt\/esfoliacao-corporal-com-caroco-de-alperce\/#breadcrumb\"},\"inLanguage\":\"pt-PT\",\"potentialAction\":[{\"@type\":\"ReadAction\",\"target\":[\"https:\/\/alphea.it\/pt-pt\/products\/body-pt-pt\/special-line-pt-pt\/esfoliacao-corporal-com-caroco-de-alperce\/\"]}]},{\"@type\":\"ImageObject\",\"inLanguage\":\"pt-PT\",\"@id\":\"https:\/\/alphea.it\/pt-pt\/products\/body-pt-pt\/special-line-pt-pt\/esfoliacao-corporal-com-caroco-de-alperce\/#primaryimage\",\"url\":\"https:\/\/alphea.it\/wp-content\/uploads\/2015\/12\/alphea_special__gommage_corpo_nocciolo_albicocca_500ml.png\",\"contentUrl\":\"https:\/\/alphea.it\/wp-content\/uploads\/2015\/12\/alphea_special__gommage_corpo_nocciolo_albicocca_500ml.png\",\"width\":600,\"height\":600},{\"@type\":\"BreadcrumbList\",\"@id\":\"https:\/\/alphea.it\/pt-pt\/products\/body-pt-pt\/special-line-pt-pt\/esfoliacao-corporal-com-caroco-de-alperce\/#breadcrumb\",\"itemListElement\":[{\"@type\":\"ListItem\",\"position\":1,\"name\":\"Home\",\"item\":\"https:\/\/alphea.it\/pt-pt\/\"},{\"@type\":\"ListItem\",\"position\":2,\"name\":\"Shop\",\"item\":\"https:\/\/alphea.it\/pt-pt\/shop\/\"},{\"@type\":\"ListItem\",\"position\":3,\"name\":\"Esfolia\u00e7\u00e3o corporal com Caro\u00e7o de Alperce\"}]},{\"@type\":\"WebSite\",\"@id\":\"https:\/\/alphea.it\/#website\",\"url\":\"https:\/\/alphea.it\/\",\"name\":\"Alphea\",\"description\":\"Beauty Line\",\"potentialAction\":[{\"@type\":\"SearchAction\",\"target\":{\"@type\":\"EntryPoint\",\"urlTemplate\":\"https:\/\/alphea.it\/?s={search_term_string}\"},\"query-input\":{\"@type\":\"PropertyValueSpecification\",\"valueRequired\":true,\"valueName\":\"search_term_string\"}}],\"inLanguage\":\"pt-PT\"}]}<\/script>\n<!-- \/ Yoast SEO plugin. -->","yoast_head_json":{"title":"Esfolia\u00e7\u00e3o corporal com Caro\u00e7o de Alperce - Alphea","description":"A esfolia\u00e7\u00e3o corpooral com caro\u00e7o de alperce \u00e9 indicada para todas as peles antes de qualquer tratamento cosm\u00e9tico.","robots":{"index":"index","follow":"follow","max-snippet":"max-snippet:-1","max-image-preview":"max-image-preview:large","max-video-preview":"max-video-preview:-1"},"canonical":"https:\/\/alphea.it\/pt-pt\/products\/body-pt-pt\/special-line-pt-pt\/esfoliacao-corporal-com-caroco-de-alperce\/","og_locale":"pt_PT","og_type":"article","og_title":"Esfolia\u00e7\u00e3o corporal com Caro\u00e7o de Alperce - Alphea","og_description":"A esfolia\u00e7\u00e3o corpooral com caro\u00e7o de alperce \u00e9 indicada para todas as peles antes de qualquer tratamento cosm\u00e9tico.","og_url":"https:\/\/alphea.it\/pt-pt\/products\/body-pt-pt\/special-line-pt-pt\/esfoliacao-corporal-com-caroco-de-alperce\/","og_site_name":"Alphea","article_modified_time":"2022-03-10T09:58:55+00:00","og_image":[{"width":600,"height":600,"url":"https:\/\/alphea.it\/wp-content\/uploads\/2015\/12\/alphea_special__gommage_corpo_nocciolo_albicocca_500ml.png","type":"image\/png"}],"twitter_card":"summary_large_image","schema":{"@context":"https:\/\/schema.org","@graph":[{"@type":"WebPage","@id":"https:\/\/alphea.it\/pt-pt\/products\/body-pt-pt\/special-line-pt-pt\/esfoliacao-corporal-com-caroco-de-alperce\/","url":"https:\/\/alphea.it\/pt-pt\/products\/body-pt-pt\/special-line-pt-pt\/esfoliacao-corporal-com-caroco-de-alperce\/","name":"Esfolia\u00e7\u00e3o corporal com Caro\u00e7o de Alperce - Alphea","isPartOf":{"@id":"https:\/\/alphea.it\/#website"},"primaryImageOfPage":{"@id":"https:\/\/alphea.it\/pt-pt\/products\/body-pt-pt\/special-line-pt-pt\/esfoliacao-corporal-com-caroco-de-alperce\/#primaryimage"},"image":{"@id":"https:\/\/alphea.it\/pt-pt\/products\/body-pt-pt\/special-line-pt-pt\/esfoliacao-corporal-com-caroco-de-alperce\/#primaryimage"},"thumbnailUrl":"https:\/\/alphea.it\/wp-content\/uploads\/2015\/12\/alphea_special__gommage_corpo_nocciolo_albicocca_500ml.png","datePublished":"2015-12-15T16:41:39+00:00","dateModified":"2022-03-10T09:58:55+00:00","description":"A esfolia\u00e7\u00e3o corpooral com caro\u00e7o de alperce \u00e9 indicada para todas as peles antes de qualquer tratamento cosm\u00e9tico.","breadcrumb":{"@id":"https:\/\/alphea.it\/pt-pt\/products\/body-pt-pt\/special-line-pt-pt\/esfoliacao-corporal-com-caroco-de-alperce\/#breadcrumb"},"inLanguage":"pt-PT","potentialAction":[{"@type":"ReadAction","target":["https:\/\/alphea.it\/pt-pt\/products\/body-pt-pt\/special-line-pt-pt\/esfoliacao-corporal-com-caroco-de-alperce\/"]}]},{"@type":"ImageObject","inLanguage":"pt-PT","@id":"https:\/\/alphea.it\/pt-pt\/products\/body-pt-pt\/special-line-pt-pt\/esfoliacao-corporal-com-caroco-de-alperce\/#primaryimage","url":"https:\/\/alphea.it\/wp-content\/uploads\/2015\/12\/alphea_special__gommage_corpo_nocciolo_albicocca_500ml.png","contentUrl":"https:\/\/alphea.it\/wp-content\/uploads\/2015\/12\/alphea_special__gommage_corpo_nocciolo_albicocca_500ml.png","width":600,"height":600},{"@type":"BreadcrumbList","@id":"https:\/\/alphea.it\/pt-pt\/products\/body-pt-pt\/special-line-pt-pt\/esfoliacao-corporal-com-caroco-de-alperce\/#breadcrumb","itemListElement":[{"@type":"ListItem","position":1,"name":"Home","item":"https:\/\/alphea.it\/pt-pt\/"},{"@type":"ListItem","position":2,"name":"Shop","item":"https:\/\/alphea.it\/pt-pt\/shop\/"},{"@type":"ListItem","position":3,"name":"Esfolia\u00e7\u00e3o corporal com Caro\u00e7o de Alperce"}]},{"@type":"WebSite","@id":"https:\/\/alphea.it\/#website","url":"https:\/\/alphea.it\/","name":"Alphea","description":"Beauty Line","potentialAction":[{"@type":"SearchAction","target":{"@type":"EntryPoint","urlTemplate":"https:\/\/alphea.it\/?s={search_term_string}"},"query-input":{"@type":"PropertyValueSpecification","valueRequired":true,"valueName":"search_term_string"}}],"inLanguage":"pt-PT"}]}},"_links":{"self":[{"href":"https:\/\/alphea.it\/pt-pt\/wp-json\/wp\/v2\/product\/1628","targetHints":{"allow":["GET"]}}],"collection":[{"href":"https:\/\/alphea.it\/pt-pt\/wp-json\/wp\/v2\/product"}],"about":[{"href":"https:\/\/alphea.it\/pt-pt\/wp-json\/wp\/v2\/types\/product"}],"replies":[{"embeddable":true,"href":"https:\/\/alphea.it\/pt-pt\/wp-json\/wp\/v2\/comments?post=1628"}],"wp:featuredmedia":[{"embeddable":true,"href":"https:\/\/alphea.it\/pt-pt\/wp-json\/wp\/v2\/media\/1227"}],"wp:attachment":[{"href":"https:\/\/alphea.it\/pt-pt\/wp-json\/wp\/v2\/media?parent=1628"}],"wp:term":[{"taxonomy":"product_brand","embeddable":true,"href":"https:\/\/alphea.it\/pt-pt\/wp-json\/wp\/v2\/product_brand?post=1628"},{"taxonomy":"product_cat","embeddable":true,"href":"https:\/\/alphea.it\/pt-pt\/wp-json\/wp\/v2\/product_cat?post=1628"},{"taxonomy":"product_tag","embeddable":true,"href":"https:\/\/alphea.it\/pt-pt\/wp-json\/wp\/v2\/product_tag?post=1628"}],"curies":[{"name":"wp","href":"https:\/\/api.w.org\/{rel}","templated":true}]}}