{"id":1624,"date":"2019-03-14T18:00:13","date_gmt":"2019-03-14T17:00:13","guid":{"rendered":"https:\/\/alphea.it\/products\/sem%20categoria\/oleo-pos-depilacao-com-argao\/"},"modified":"2022-03-10T10:48:18","modified_gmt":"2022-03-10T09:48:18","slug":"oleo-pos-depilacao-com-argao","status":"publish","type":"product","link":"https:\/\/alphea.it\/pt-pt\/products\/body-pt-pt\/special-line-pt-pt\/oleo-pos-depilacao-com-argao\/","title":{"rendered":"\u00d3leo p\u00f3s-depila\u00e7\u00e3o com Arg\u00e3o"},"content":{"rendered":"","protected":false},"excerpt":{"rendered":"<p><b>\u00d3leo p\u00f3s-depila\u00e7\u00e3o com arg\u00e3o<\/b><span style=\"font-weight: 400;\">, com textura extraordinariamente aveludada. Elimina eficientemente os res\u00edduos de cera ap\u00f3s a depila\u00e7\u00e3o com bandas e cera. Reduz <\/span><b>as vermelhid\u00f5es e irrita\u00e7\u00f5es<\/b><span style=\"font-weight: 400;\">, restabelece a elasticidade e suaviza a pele gra\u00e7as ao <\/span><b>arg\u00e3o<\/b><span style=\"font-weight: 400;\">, com propriedades hidratantes e nutritivas. O \u00f3leo p\u00f3s-depila\u00e7\u00e3o com arg\u00e3o \u00e9 n\u00e3o gorduroso e n\u00e3o mancha, deixando a <\/span><b>pele visivelmente aveludada, el\u00e1stica e lisa<\/b><span style=\"font-weight: 400;\">. N\u00e3o cont\u00e9m parafina.<\/span><\/p>\n<p><span style=\"font-weight: 400;\">Formato de 500 ml<\/span><\/p>\n","protected":false},"featured_media":1155,"comment_status":"closed","ping_status":"closed","template":"","meta":{"_acf_changed":false},"product_brand":[],"product_cat":[55,57],"product_tag":[],"class_list":{"0":"post-1624","1":"product","2":"type-product","3":"status-publish","4":"has-post-thumbnail","6":"product_cat-body-pt-pt","7":"product_cat-special-line-pt-pt","9":"first","10":"instock","11":"shipping-taxable","12":"product-type-simple"},"acf":[],"yoast_head":"<!-- This site is optimized with the Yoast SEO plugin v26.8 - https:\/\/yoast.com\/product\/yoast-seo-wordpress\/ -->\n<title>\u00d3leo p\u00f3s-depila\u00e7\u00e3o com Arg\u00e3o<\/title>\n<meta name=\"description\" content=\"\u00d3leo p\u00f3s-depila\u00e7\u00e3o com arg\u00e3o, com textura extraordinariamente aveludada. Elimina eficientemente os res\u00edduos de cera ap\u00f3s a depila\u00e7\u00e3o com bandas e cera.\" \/>\n<meta name=\"robots\" content=\"index, follow, max-snippet:-1, max-image-preview:large, max-video-preview:-1\" \/>\n<link rel=\"canonical\" href=\"https:\/\/alphea.it\/pt-pt\/products\/body-pt-pt\/special-line-pt-pt\/oleo-pos-depilacao-com-argao\/\" \/>\n<meta property=\"og:locale\" content=\"pt_PT\" \/>\n<meta property=\"og:type\" content=\"article\" \/>\n<meta property=\"og:title\" content=\"\u00d3leo p\u00f3s-depila\u00e7\u00e3o com Arg\u00e3o\" \/>\n<meta property=\"og:description\" content=\"\u00d3leo p\u00f3s-depila\u00e7\u00e3o com arg\u00e3o, com textura extraordinariamente aveludada. Elimina eficientemente os res\u00edduos de cera ap\u00f3s a depila\u00e7\u00e3o com bandas e cera.\" \/>\n<meta property=\"og:url\" content=\"https:\/\/alphea.it\/pt-pt\/products\/body-pt-pt\/special-line-pt-pt\/oleo-pos-depilacao-com-argao\/\" \/>\n<meta property=\"og:site_name\" content=\"Alphea\" \/>\n<meta property=\"article:modified_time\" content=\"2022-03-10T09:48:18+00:00\" \/>\n<meta property=\"og:image\" content=\"https:\/\/alphea.it\/wp-content\/uploads\/2019\/03\/alphea_special_olio_dopocera_argan_500ml.png\" \/>\n\t<meta property=\"og:image:width\" content=\"600\" \/>\n\t<meta property=\"og:image:height\" content=\"600\" \/>\n\t<meta property=\"og:image:type\" content=\"image\/png\" \/>\n<meta name=\"twitter:card\" content=\"summary_large_image\" \/>\n<script type=\"application\/ld+json\" class=\"yoast-schema-graph\">{\"@context\":\"https:\/\/schema.org\",\"@graph\":[{\"@type\":\"WebPage\",\"@id\":\"https:\/\/alphea.it\/pt-pt\/products\/body-pt-pt\/special-line-pt-pt\/oleo-pos-depilacao-com-argao\/\",\"url\":\"https:\/\/alphea.it\/pt-pt\/products\/body-pt-pt\/special-line-pt-pt\/oleo-pos-depilacao-com-argao\/\",\"name\":\"\u00d3leo p\u00f3s-depila\u00e7\u00e3o com Arg\u00e3o\",\"isPartOf\":{\"@id\":\"https:\/\/alphea.it\/#website\"},\"primaryImageOfPage\":{\"@id\":\"https:\/\/alphea.it\/pt-pt\/products\/body-pt-pt\/special-line-pt-pt\/oleo-pos-depilacao-com-argao\/#primaryimage\"},\"image\":{\"@id\":\"https:\/\/alphea.it\/pt-pt\/products\/body-pt-pt\/special-line-pt-pt\/oleo-pos-depilacao-com-argao\/#primaryimage\"},\"thumbnailUrl\":\"https:\/\/alphea.it\/wp-content\/uploads\/2019\/03\/alphea_special_olio_dopocera_argan_500ml.png\",\"datePublished\":\"2019-03-14T17:00:13+00:00\",\"dateModified\":\"2022-03-10T09:48:18+00:00\",\"description\":\"\u00d3leo p\u00f3s-depila\u00e7\u00e3o com arg\u00e3o, com textura extraordinariamente aveludada. Elimina eficientemente os res\u00edduos de cera ap\u00f3s a depila\u00e7\u00e3o com bandas e cera.\",\"breadcrumb\":{\"@id\":\"https:\/\/alphea.it\/pt-pt\/products\/body-pt-pt\/special-line-pt-pt\/oleo-pos-depilacao-com-argao\/#breadcrumb\"},\"inLanguage\":\"pt-PT\",\"potentialAction\":[{\"@type\":\"ReadAction\",\"target\":[\"https:\/\/alphea.it\/pt-pt\/products\/body-pt-pt\/special-line-pt-pt\/oleo-pos-depilacao-com-argao\/\"]}]},{\"@type\":\"ImageObject\",\"inLanguage\":\"pt-PT\",\"@id\":\"https:\/\/alphea.it\/pt-pt\/products\/body-pt-pt\/special-line-pt-pt\/oleo-pos-depilacao-com-argao\/#primaryimage\",\"url\":\"https:\/\/alphea.it\/wp-content\/uploads\/2019\/03\/alphea_special_olio_dopocera_argan_500ml.png\",\"contentUrl\":\"https:\/\/alphea.it\/wp-content\/uploads\/2019\/03\/alphea_special_olio_dopocera_argan_500ml.png\",\"width\":600,\"height\":600},{\"@type\":\"BreadcrumbList\",\"@id\":\"https:\/\/alphea.it\/pt-pt\/products\/body-pt-pt\/special-line-pt-pt\/oleo-pos-depilacao-com-argao\/#breadcrumb\",\"itemListElement\":[{\"@type\":\"ListItem\",\"position\":1,\"name\":\"Home\",\"item\":\"https:\/\/alphea.it\/pt-pt\/\"},{\"@type\":\"ListItem\",\"position\":2,\"name\":\"Shop\",\"item\":\"https:\/\/alphea.it\/pt-pt\/shop\/\"},{\"@type\":\"ListItem\",\"position\":3,\"name\":\"\u00d3leo p\u00f3s-depila\u00e7\u00e3o com Arg\u00e3o\"}]},{\"@type\":\"WebSite\",\"@id\":\"https:\/\/alphea.it\/#website\",\"url\":\"https:\/\/alphea.it\/\",\"name\":\"Alphea\",\"description\":\"Beauty Line\",\"potentialAction\":[{\"@type\":\"SearchAction\",\"target\":{\"@type\":\"EntryPoint\",\"urlTemplate\":\"https:\/\/alphea.it\/?s={search_term_string}\"},\"query-input\":{\"@type\":\"PropertyValueSpecification\",\"valueRequired\":true,\"valueName\":\"search_term_string\"}}],\"inLanguage\":\"pt-PT\"}]}<\/script>\n<!-- \/ Yoast SEO plugin. -->","yoast_head_json":{"title":"\u00d3leo p\u00f3s-depila\u00e7\u00e3o com Arg\u00e3o","description":"\u00d3leo p\u00f3s-depila\u00e7\u00e3o com arg\u00e3o, com textura extraordinariamente aveludada. Elimina eficientemente os res\u00edduos de cera ap\u00f3s a depila\u00e7\u00e3o com bandas e cera.","robots":{"index":"index","follow":"follow","max-snippet":"max-snippet:-1","max-image-preview":"max-image-preview:large","max-video-preview":"max-video-preview:-1"},"canonical":"https:\/\/alphea.it\/pt-pt\/products\/body-pt-pt\/special-line-pt-pt\/oleo-pos-depilacao-com-argao\/","og_locale":"pt_PT","og_type":"article","og_title":"\u00d3leo p\u00f3s-depila\u00e7\u00e3o com Arg\u00e3o","og_description":"\u00d3leo p\u00f3s-depila\u00e7\u00e3o com arg\u00e3o, com textura extraordinariamente aveludada. Elimina eficientemente os res\u00edduos de cera ap\u00f3s a depila\u00e7\u00e3o com bandas e cera.","og_url":"https:\/\/alphea.it\/pt-pt\/products\/body-pt-pt\/special-line-pt-pt\/oleo-pos-depilacao-com-argao\/","og_site_name":"Alphea","article_modified_time":"2022-03-10T09:48:18+00:00","og_image":[{"width":600,"height":600,"url":"https:\/\/alphea.it\/wp-content\/uploads\/2019\/03\/alphea_special_olio_dopocera_argan_500ml.png","type":"image\/png"}],"twitter_card":"summary_large_image","schema":{"@context":"https:\/\/schema.org","@graph":[{"@type":"WebPage","@id":"https:\/\/alphea.it\/pt-pt\/products\/body-pt-pt\/special-line-pt-pt\/oleo-pos-depilacao-com-argao\/","url":"https:\/\/alphea.it\/pt-pt\/products\/body-pt-pt\/special-line-pt-pt\/oleo-pos-depilacao-com-argao\/","name":"\u00d3leo p\u00f3s-depila\u00e7\u00e3o com Arg\u00e3o","isPartOf":{"@id":"https:\/\/alphea.it\/#website"},"primaryImageOfPage":{"@id":"https:\/\/alphea.it\/pt-pt\/products\/body-pt-pt\/special-line-pt-pt\/oleo-pos-depilacao-com-argao\/#primaryimage"},"image":{"@id":"https:\/\/alphea.it\/pt-pt\/products\/body-pt-pt\/special-line-pt-pt\/oleo-pos-depilacao-com-argao\/#primaryimage"},"thumbnailUrl":"https:\/\/alphea.it\/wp-content\/uploads\/2019\/03\/alphea_special_olio_dopocera_argan_500ml.png","datePublished":"2019-03-14T17:00:13+00:00","dateModified":"2022-03-10T09:48:18+00:00","description":"\u00d3leo p\u00f3s-depila\u00e7\u00e3o com arg\u00e3o, com textura extraordinariamente aveludada. Elimina eficientemente os res\u00edduos de cera ap\u00f3s a depila\u00e7\u00e3o com bandas e cera.","breadcrumb":{"@id":"https:\/\/alphea.it\/pt-pt\/products\/body-pt-pt\/special-line-pt-pt\/oleo-pos-depilacao-com-argao\/#breadcrumb"},"inLanguage":"pt-PT","potentialAction":[{"@type":"ReadAction","target":["https:\/\/alphea.it\/pt-pt\/products\/body-pt-pt\/special-line-pt-pt\/oleo-pos-depilacao-com-argao\/"]}]},{"@type":"ImageObject","inLanguage":"pt-PT","@id":"https:\/\/alphea.it\/pt-pt\/products\/body-pt-pt\/special-line-pt-pt\/oleo-pos-depilacao-com-argao\/#primaryimage","url":"https:\/\/alphea.it\/wp-content\/uploads\/2019\/03\/alphea_special_olio_dopocera_argan_500ml.png","contentUrl":"https:\/\/alphea.it\/wp-content\/uploads\/2019\/03\/alphea_special_olio_dopocera_argan_500ml.png","width":600,"height":600},{"@type":"BreadcrumbList","@id":"https:\/\/alphea.it\/pt-pt\/products\/body-pt-pt\/special-line-pt-pt\/oleo-pos-depilacao-com-argao\/#breadcrumb","itemListElement":[{"@type":"ListItem","position":1,"name":"Home","item":"https:\/\/alphea.it\/pt-pt\/"},{"@type":"ListItem","position":2,"name":"Shop","item":"https:\/\/alphea.it\/pt-pt\/shop\/"},{"@type":"ListItem","position":3,"name":"\u00d3leo p\u00f3s-depila\u00e7\u00e3o com Arg\u00e3o"}]},{"@type":"WebSite","@id":"https:\/\/alphea.it\/#website","url":"https:\/\/alphea.it\/","name":"Alphea","description":"Beauty Line","potentialAction":[{"@type":"SearchAction","target":{"@type":"EntryPoint","urlTemplate":"https:\/\/alphea.it\/?s={search_term_string}"},"query-input":{"@type":"PropertyValueSpecification","valueRequired":true,"valueName":"search_term_string"}}],"inLanguage":"pt-PT"}]}},"_links":{"self":[{"href":"https:\/\/alphea.it\/pt-pt\/wp-json\/wp\/v2\/product\/1624","targetHints":{"allow":["GET"]}}],"collection":[{"href":"https:\/\/alphea.it\/pt-pt\/wp-json\/wp\/v2\/product"}],"about":[{"href":"https:\/\/alphea.it\/pt-pt\/wp-json\/wp\/v2\/types\/product"}],"replies":[{"embeddable":true,"href":"https:\/\/alphea.it\/pt-pt\/wp-json\/wp\/v2\/comments?post=1624"}],"wp:featuredmedia":[{"embeddable":true,"href":"https:\/\/alphea.it\/pt-pt\/wp-json\/wp\/v2\/media\/1155"}],"wp:attachment":[{"href":"https:\/\/alphea.it\/pt-pt\/wp-json\/wp\/v2\/media?parent=1624"}],"wp:term":[{"taxonomy":"product_brand","embeddable":true,"href":"https:\/\/alphea.it\/pt-pt\/wp-json\/wp\/v2\/product_brand?post=1624"},{"taxonomy":"product_cat","embeddable":true,"href":"https:\/\/alphea.it\/pt-pt\/wp-json\/wp\/v2\/product_cat?post=1624"},{"taxonomy":"product_tag","embeddable":true,"href":"https:\/\/alphea.it\/pt-pt\/wp-json\/wp\/v2\/product_tag?post=1624"}],"curies":[{"name":"wp","href":"https:\/\/api.w.org\/{rel}","templated":true}]}}