{"id":1621,"date":"2019-03-14T14:00:53","date_gmt":"2019-03-14T13:00:53","guid":{"rendered":"https:\/\/alphea.it\/products\/sem%20categoria\/sinergia-oleos-essenciais-relaxante\/"},"modified":"2022-03-10T17:14:59","modified_gmt":"2022-03-10T16:14:59","slug":"sinergia-oleos-essenciais-relaxante","status":"publish","type":"product","link":"https:\/\/alphea.it\/pt-pt\/products\/body-pt-pt\/special-line-pt-pt\/sinergia-oleos-essenciais-relaxante\/","title":{"rendered":"Sinergia \u00d3leos essenciais &#8211; Relaxante"},"content":{"rendered":"","protected":false},"excerpt":{"rendered":"<p><span style=\"font-weight: 400;\">A <\/span><b>Sinergia relaxante<\/b><span style=\"font-weight: 400;\"> Alphea \u00e9 constitu\u00edda por um complexo de <\/span><b>\u00f3leos essenciais<\/b><span style=\"font-weight: 400;\">, \u00fateis na promo\u00e7\u00e3o do <\/span><b>relaxamento muscular e mental<\/b><span style=\"font-weight: 400;\">. Durante a aplica\u00e7\u00e3o, a combina\u00e7\u00e3o de <\/span><b>madeira de cedro, lavanda e manjerona<\/b><span style=\"font-weight: 400;\"> determina um <\/span><b>estado de relaxamento agrad\u00e1vel<\/b><span style=\"font-weight: 400;\"> que <\/span><b>afasta o stress f\u00edsico<\/b><span style=\"font-weight: 400;\"> acumulado e alivia as <\/span><b>tens\u00f5es nervosas<\/b><span style=\"font-weight: 400;\">. Os princ\u00edpios ativos ativam no organismo <\/span><b>benef\u00edcios revitalizantes<\/b><span style=\"font-weight: 400;\"> in\u00e9ditos, devolvendo o bem-estar e aliviando os m\u00fasculos no fim de um dia intenso.<\/span><\/p>\n<p><span style=\"font-weight: 400;\">Formato de 30 ml<\/span><\/p>\n","protected":false},"featured_media":1243,"comment_status":"closed","ping_status":"closed","template":"","meta":{"_acf_changed":false},"product_brand":[],"product_cat":[55,57],"product_tag":[],"class_list":{"0":"post-1621","1":"product","2":"type-product","3":"status-publish","4":"has-post-thumbnail","6":"product_cat-body-pt-pt","7":"product_cat-special-line-pt-pt","9":"first","10":"instock","11":"shipping-taxable","12":"product-type-simple"},"acf":[],"yoast_head":"<!-- This site is optimized with the Yoast SEO plugin v26.8 - https:\/\/yoast.com\/product\/yoast-seo-wordpress\/ -->\n<title>Sinergia \u00d3leos essenciais - Relaxante<\/title>\n<meta name=\"description\" content=\"A Sinergia relaxante Alphea \u00e9 constitu\u00edda por um complexo de \u00f3leos essenciais, \u00fateis na promo\u00e7\u00e3o do relaxamento muscular e mental.\" \/>\n<meta name=\"robots\" content=\"index, follow, max-snippet:-1, max-image-preview:large, max-video-preview:-1\" \/>\n<link rel=\"canonical\" href=\"https:\/\/alphea.it\/pt-pt\/products\/body-pt-pt\/special-line-pt-pt\/sinergia-oleos-essenciais-relaxante\/\" \/>\n<meta property=\"og:locale\" content=\"pt_PT\" \/>\n<meta property=\"og:type\" content=\"article\" \/>\n<meta property=\"og:title\" content=\"Sinergia \u00d3leos essenciais - Relaxante\" \/>\n<meta property=\"og:description\" content=\"A Sinergia relaxante Alphea \u00e9 constitu\u00edda por um complexo de \u00f3leos essenciais, \u00fateis na promo\u00e7\u00e3o do relaxamento muscular e mental.\" \/>\n<meta property=\"og:url\" content=\"https:\/\/alphea.it\/pt-pt\/products\/body-pt-pt\/special-line-pt-pt\/sinergia-oleos-essenciais-relaxante\/\" \/>\n<meta property=\"og:site_name\" content=\"Alphea\" \/>\n<meta property=\"article:modified_time\" content=\"2022-03-10T16:14:59+00:00\" \/>\n<meta property=\"og:image\" content=\"https:\/\/alphea.it\/wp-content\/uploads\/2019\/03\/alphea_special_sinergia_rilassante_30ml-1.png\" \/>\n\t<meta property=\"og:image:width\" content=\"600\" \/>\n\t<meta property=\"og:image:height\" content=\"600\" \/>\n\t<meta property=\"og:image:type\" content=\"image\/png\" \/>\n<meta name=\"twitter:card\" content=\"summary_large_image\" \/>\n<script type=\"application\/ld+json\" class=\"yoast-schema-graph\">{\"@context\":\"https:\/\/schema.org\",\"@graph\":[{\"@type\":\"WebPage\",\"@id\":\"https:\/\/alphea.it\/pt-pt\/products\/body-pt-pt\/special-line-pt-pt\/sinergia-oleos-essenciais-relaxante\/\",\"url\":\"https:\/\/alphea.it\/pt-pt\/products\/body-pt-pt\/special-line-pt-pt\/sinergia-oleos-essenciais-relaxante\/\",\"name\":\"Sinergia \u00d3leos essenciais - Relaxante\",\"isPartOf\":{\"@id\":\"https:\/\/alphea.it\/#website\"},\"primaryImageOfPage\":{\"@id\":\"https:\/\/alphea.it\/pt-pt\/products\/body-pt-pt\/special-line-pt-pt\/sinergia-oleos-essenciais-relaxante\/#primaryimage\"},\"image\":{\"@id\":\"https:\/\/alphea.it\/pt-pt\/products\/body-pt-pt\/special-line-pt-pt\/sinergia-oleos-essenciais-relaxante\/#primaryimage\"},\"thumbnailUrl\":\"https:\/\/alphea.it\/wp-content\/uploads\/2019\/03\/alphea_special_sinergia_rilassante_30ml-1.png\",\"datePublished\":\"2019-03-14T13:00:53+00:00\",\"dateModified\":\"2022-03-10T16:14:59+00:00\",\"description\":\"A Sinergia relaxante Alphea \u00e9 constitu\u00edda por um complexo de \u00f3leos essenciais, \u00fateis na promo\u00e7\u00e3o do relaxamento muscular e mental.\",\"breadcrumb\":{\"@id\":\"https:\/\/alphea.it\/pt-pt\/products\/body-pt-pt\/special-line-pt-pt\/sinergia-oleos-essenciais-relaxante\/#breadcrumb\"},\"inLanguage\":\"pt-PT\",\"potentialAction\":[{\"@type\":\"ReadAction\",\"target\":[\"https:\/\/alphea.it\/pt-pt\/products\/body-pt-pt\/special-line-pt-pt\/sinergia-oleos-essenciais-relaxante\/\"]}]},{\"@type\":\"ImageObject\",\"inLanguage\":\"pt-PT\",\"@id\":\"https:\/\/alphea.it\/pt-pt\/products\/body-pt-pt\/special-line-pt-pt\/sinergia-oleos-essenciais-relaxante\/#primaryimage\",\"url\":\"https:\/\/alphea.it\/wp-content\/uploads\/2019\/03\/alphea_special_sinergia_rilassante_30ml-1.png\",\"contentUrl\":\"https:\/\/alphea.it\/wp-content\/uploads\/2019\/03\/alphea_special_sinergia_rilassante_30ml-1.png\",\"width\":600,\"height\":600},{\"@type\":\"BreadcrumbList\",\"@id\":\"https:\/\/alphea.it\/pt-pt\/products\/body-pt-pt\/special-line-pt-pt\/sinergia-oleos-essenciais-relaxante\/#breadcrumb\",\"itemListElement\":[{\"@type\":\"ListItem\",\"position\":1,\"name\":\"Home\",\"item\":\"https:\/\/alphea.it\/pt-pt\/\"},{\"@type\":\"ListItem\",\"position\":2,\"name\":\"Shop\",\"item\":\"https:\/\/alphea.it\/pt-pt\/shop\/\"},{\"@type\":\"ListItem\",\"position\":3,\"name\":\"Sinergia \u00d3leos essenciais &#8211; Relaxante\"}]},{\"@type\":\"WebSite\",\"@id\":\"https:\/\/alphea.it\/#website\",\"url\":\"https:\/\/alphea.it\/\",\"name\":\"Alphea\",\"description\":\"Beauty Line\",\"potentialAction\":[{\"@type\":\"SearchAction\",\"target\":{\"@type\":\"EntryPoint\",\"urlTemplate\":\"https:\/\/alphea.it\/?s={search_term_string}\"},\"query-input\":{\"@type\":\"PropertyValueSpecification\",\"valueRequired\":true,\"valueName\":\"search_term_string\"}}],\"inLanguage\":\"pt-PT\"}]}<\/script>\n<!-- \/ Yoast SEO plugin. -->","yoast_head_json":{"title":"Sinergia \u00d3leos essenciais - Relaxante","description":"A Sinergia relaxante Alphea \u00e9 constitu\u00edda por um complexo de \u00f3leos essenciais, \u00fateis na promo\u00e7\u00e3o do relaxamento muscular e mental.","robots":{"index":"index","follow":"follow","max-snippet":"max-snippet:-1","max-image-preview":"max-image-preview:large","max-video-preview":"max-video-preview:-1"},"canonical":"https:\/\/alphea.it\/pt-pt\/products\/body-pt-pt\/special-line-pt-pt\/sinergia-oleos-essenciais-relaxante\/","og_locale":"pt_PT","og_type":"article","og_title":"Sinergia \u00d3leos essenciais - Relaxante","og_description":"A Sinergia relaxante Alphea \u00e9 constitu\u00edda por um complexo de \u00f3leos essenciais, \u00fateis na promo\u00e7\u00e3o do relaxamento muscular e mental.","og_url":"https:\/\/alphea.it\/pt-pt\/products\/body-pt-pt\/special-line-pt-pt\/sinergia-oleos-essenciais-relaxante\/","og_site_name":"Alphea","article_modified_time":"2022-03-10T16:14:59+00:00","og_image":[{"width":600,"height":600,"url":"https:\/\/alphea.it\/wp-content\/uploads\/2019\/03\/alphea_special_sinergia_rilassante_30ml-1.png","type":"image\/png"}],"twitter_card":"summary_large_image","schema":{"@context":"https:\/\/schema.org","@graph":[{"@type":"WebPage","@id":"https:\/\/alphea.it\/pt-pt\/products\/body-pt-pt\/special-line-pt-pt\/sinergia-oleos-essenciais-relaxante\/","url":"https:\/\/alphea.it\/pt-pt\/products\/body-pt-pt\/special-line-pt-pt\/sinergia-oleos-essenciais-relaxante\/","name":"Sinergia \u00d3leos essenciais - Relaxante","isPartOf":{"@id":"https:\/\/alphea.it\/#website"},"primaryImageOfPage":{"@id":"https:\/\/alphea.it\/pt-pt\/products\/body-pt-pt\/special-line-pt-pt\/sinergia-oleos-essenciais-relaxante\/#primaryimage"},"image":{"@id":"https:\/\/alphea.it\/pt-pt\/products\/body-pt-pt\/special-line-pt-pt\/sinergia-oleos-essenciais-relaxante\/#primaryimage"},"thumbnailUrl":"https:\/\/alphea.it\/wp-content\/uploads\/2019\/03\/alphea_special_sinergia_rilassante_30ml-1.png","datePublished":"2019-03-14T13:00:53+00:00","dateModified":"2022-03-10T16:14:59+00:00","description":"A Sinergia relaxante Alphea \u00e9 constitu\u00edda por um complexo de \u00f3leos essenciais, \u00fateis na promo\u00e7\u00e3o do relaxamento muscular e mental.","breadcrumb":{"@id":"https:\/\/alphea.it\/pt-pt\/products\/body-pt-pt\/special-line-pt-pt\/sinergia-oleos-essenciais-relaxante\/#breadcrumb"},"inLanguage":"pt-PT","potentialAction":[{"@type":"ReadAction","target":["https:\/\/alphea.it\/pt-pt\/products\/body-pt-pt\/special-line-pt-pt\/sinergia-oleos-essenciais-relaxante\/"]}]},{"@type":"ImageObject","inLanguage":"pt-PT","@id":"https:\/\/alphea.it\/pt-pt\/products\/body-pt-pt\/special-line-pt-pt\/sinergia-oleos-essenciais-relaxante\/#primaryimage","url":"https:\/\/alphea.it\/wp-content\/uploads\/2019\/03\/alphea_special_sinergia_rilassante_30ml-1.png","contentUrl":"https:\/\/alphea.it\/wp-content\/uploads\/2019\/03\/alphea_special_sinergia_rilassante_30ml-1.png","width":600,"height":600},{"@type":"BreadcrumbList","@id":"https:\/\/alphea.it\/pt-pt\/products\/body-pt-pt\/special-line-pt-pt\/sinergia-oleos-essenciais-relaxante\/#breadcrumb","itemListElement":[{"@type":"ListItem","position":1,"name":"Home","item":"https:\/\/alphea.it\/pt-pt\/"},{"@type":"ListItem","position":2,"name":"Shop","item":"https:\/\/alphea.it\/pt-pt\/shop\/"},{"@type":"ListItem","position":3,"name":"Sinergia \u00d3leos essenciais &#8211; Relaxante"}]},{"@type":"WebSite","@id":"https:\/\/alphea.it\/#website","url":"https:\/\/alphea.it\/","name":"Alphea","description":"Beauty Line","potentialAction":[{"@type":"SearchAction","target":{"@type":"EntryPoint","urlTemplate":"https:\/\/alphea.it\/?s={search_term_string}"},"query-input":{"@type":"PropertyValueSpecification","valueRequired":true,"valueName":"search_term_string"}}],"inLanguage":"pt-PT"}]}},"_links":{"self":[{"href":"https:\/\/alphea.it\/pt-pt\/wp-json\/wp\/v2\/product\/1621","targetHints":{"allow":["GET"]}}],"collection":[{"href":"https:\/\/alphea.it\/pt-pt\/wp-json\/wp\/v2\/product"}],"about":[{"href":"https:\/\/alphea.it\/pt-pt\/wp-json\/wp\/v2\/types\/product"}],"replies":[{"embeddable":true,"href":"https:\/\/alphea.it\/pt-pt\/wp-json\/wp\/v2\/comments?post=1621"}],"wp:featuredmedia":[{"embeddable":true,"href":"https:\/\/alphea.it\/pt-pt\/wp-json\/wp\/v2\/media\/1243"}],"wp:attachment":[{"href":"https:\/\/alphea.it\/pt-pt\/wp-json\/wp\/v2\/media?parent=1621"}],"wp:term":[{"taxonomy":"product_brand","embeddable":true,"href":"https:\/\/alphea.it\/pt-pt\/wp-json\/wp\/v2\/product_brand?post=1621"},{"taxonomy":"product_cat","embeddable":true,"href":"https:\/\/alphea.it\/pt-pt\/wp-json\/wp\/v2\/product_cat?post=1621"},{"taxonomy":"product_tag","embeddable":true,"href":"https:\/\/alphea.it\/pt-pt\/wp-json\/wp\/v2\/product_tag?post=1621"}],"curies":[{"name":"wp","href":"https:\/\/api.w.org\/{rel}","templated":true}]}}