{"id":1620,"date":"2015-12-15T16:30:18","date_gmt":"2015-12-15T15:30:18","guid":{"rendered":"https:\/\/alphea.it\/products\/sem%20categoria\/mascara-iluminadora-com-colagenio\/"},"modified":"2022-03-10T10:28:42","modified_gmt":"2022-03-10T09:28:42","slug":"mascara-iluminadora-com-colagenio","status":"publish","type":"product","link":"https:\/\/alphea.it\/pt-pt\/products\/face-pt-pt\/anti-age-line-pt-pt\/mascara-iluminadora-com-colagenio\/","title":{"rendered":"M\u00e1scara iluminadora com colag\u00e9nio"},"content":{"rendered":"","protected":false},"excerpt":{"rendered":"<p><span style=\"font-weight: 400;\">A <\/span><b>m\u00e1scara iluminadora com colag\u00e9nio<\/b><span style=\"font-weight: 400;\"> antienvelhecimento Alphea em monodose. Enriquecida com <\/span><b>elastina e colag\u00e9nio marinho<\/b><span style=\"font-weight: 400;\">, \u00e9 adequada para todos os tipos de pele, em particular as peles ba\u00e7as e marcadas pelas rugas. Tratamento est\u00e9tico profissional indispens\u00e1vel para restabelecer a <\/span><b>beleza da pele<\/b><span style=\"font-weight: 400;\">: ap\u00f3s a aplica\u00e7\u00e3o da m\u00e1scara, a pele ficar\u00e1 <\/span><b>esticada, t\u00f3nica e luminosa<\/b><span style=\"font-weight: 400;\">. \u00c9 ainda adequada para peles desidratadas uma vez que desenvolve uma <\/span><b>a\u00e7\u00e3o nutriente de restauro da hidrata\u00e7\u00e3o eficientes<\/b><span style=\"font-weight: 400;\">.<\/span><\/p>\n<p><span style=\"font-weight: 400;\">Uso profissional<\/span><\/p>\n<p><span style=\"font-weight: 400;\">Folha monodose pronta a utilizar<\/span><\/p>\n","protected":false},"featured_media":1183,"comment_status":"closed","ping_status":"closed","template":"","meta":{"_acf_changed":false},"product_brand":[],"product_cat":[60,59],"product_tag":[],"class_list":{"0":"post-1620","1":"product","2":"type-product","3":"status-publish","4":"has-post-thumbnail","6":"product_cat-anti-age-line-pt-pt","7":"product_cat-face-pt-pt","9":"first","10":"instock","11":"shipping-taxable","12":"product-type-simple"},"acf":[],"yoast_head":"<!-- This site is optimized with the Yoast SEO plugin v26.8 - https:\/\/yoast.com\/product\/yoast-seo-wordpress\/ -->\n<title>M\u00e1scara iluminadora com colag\u00e9nio - Alphea<\/title>\n<meta name=\"description\" content=\"A m\u00e1scara iluminadora com colag\u00e9nio antienvelhecimento Alphea em monodose, enriquecida com elastina e colag\u00e9nio marinho.\" \/>\n<meta name=\"robots\" content=\"index, follow, max-snippet:-1, max-image-preview:large, max-video-preview:-1\" \/>\n<link rel=\"canonical\" href=\"https:\/\/alphea.it\/pt-pt\/products\/face-pt-pt\/anti-age-line-pt-pt\/mascara-iluminadora-com-colagenio\/\" \/>\n<meta property=\"og:locale\" content=\"pt_PT\" \/>\n<meta property=\"og:type\" content=\"article\" \/>\n<meta property=\"og:title\" content=\"M\u00e1scara iluminadora com colag\u00e9nio - Alphea\" \/>\n<meta property=\"og:description\" content=\"A m\u00e1scara iluminadora com colag\u00e9nio antienvelhecimento Alphea em monodose, enriquecida com elastina e colag\u00e9nio marinho.\" \/>\n<meta property=\"og:url\" content=\"https:\/\/alphea.it\/pt-pt\/products\/face-pt-pt\/anti-age-line-pt-pt\/mascara-iluminadora-com-colagenio\/\" \/>\n<meta property=\"og:site_name\" content=\"Alphea\" \/>\n<meta property=\"article:modified_time\" content=\"2022-03-10T09:28:42+00:00\" \/>\n<meta property=\"og:image\" content=\"https:\/\/alphea.it\/wp-content\/uploads\/2015\/12\/alphea_anti-age_maschera_viso_illuminante.png\" \/>\n\t<meta property=\"og:image:width\" content=\"600\" \/>\n\t<meta property=\"og:image:height\" content=\"600\" \/>\n\t<meta property=\"og:image:type\" content=\"image\/png\" \/>\n<meta name=\"twitter:card\" content=\"summary_large_image\" \/>\n<script type=\"application\/ld+json\" class=\"yoast-schema-graph\">{\"@context\":\"https:\/\/schema.org\",\"@graph\":[{\"@type\":\"WebPage\",\"@id\":\"https:\/\/alphea.it\/pt-pt\/products\/face-pt-pt\/anti-age-line-pt-pt\/mascara-iluminadora-com-colagenio\/\",\"url\":\"https:\/\/alphea.it\/pt-pt\/products\/face-pt-pt\/anti-age-line-pt-pt\/mascara-iluminadora-com-colagenio\/\",\"name\":\"M\u00e1scara iluminadora com colag\u00e9nio - Alphea\",\"isPartOf\":{\"@id\":\"https:\/\/alphea.it\/#website\"},\"primaryImageOfPage\":{\"@id\":\"https:\/\/alphea.it\/pt-pt\/products\/face-pt-pt\/anti-age-line-pt-pt\/mascara-iluminadora-com-colagenio\/#primaryimage\"},\"image\":{\"@id\":\"https:\/\/alphea.it\/pt-pt\/products\/face-pt-pt\/anti-age-line-pt-pt\/mascara-iluminadora-com-colagenio\/#primaryimage\"},\"thumbnailUrl\":\"https:\/\/alphea.it\/wp-content\/uploads\/2015\/12\/alphea_anti-age_maschera_viso_illuminante.png\",\"datePublished\":\"2015-12-15T15:30:18+00:00\",\"dateModified\":\"2022-03-10T09:28:42+00:00\",\"description\":\"A m\u00e1scara iluminadora com colag\u00e9nio antienvelhecimento Alphea em monodose, enriquecida com elastina e colag\u00e9nio marinho.\",\"breadcrumb\":{\"@id\":\"https:\/\/alphea.it\/pt-pt\/products\/face-pt-pt\/anti-age-line-pt-pt\/mascara-iluminadora-com-colagenio\/#breadcrumb\"},\"inLanguage\":\"pt-PT\",\"potentialAction\":[{\"@type\":\"ReadAction\",\"target\":[\"https:\/\/alphea.it\/pt-pt\/products\/face-pt-pt\/anti-age-line-pt-pt\/mascara-iluminadora-com-colagenio\/\"]}]},{\"@type\":\"ImageObject\",\"inLanguage\":\"pt-PT\",\"@id\":\"https:\/\/alphea.it\/pt-pt\/products\/face-pt-pt\/anti-age-line-pt-pt\/mascara-iluminadora-com-colagenio\/#primaryimage\",\"url\":\"https:\/\/alphea.it\/wp-content\/uploads\/2015\/12\/alphea_anti-age_maschera_viso_illuminante.png\",\"contentUrl\":\"https:\/\/alphea.it\/wp-content\/uploads\/2015\/12\/alphea_anti-age_maschera_viso_illuminante.png\",\"width\":600,\"height\":600},{\"@type\":\"BreadcrumbList\",\"@id\":\"https:\/\/alphea.it\/pt-pt\/products\/face-pt-pt\/anti-age-line-pt-pt\/mascara-iluminadora-com-colagenio\/#breadcrumb\",\"itemListElement\":[{\"@type\":\"ListItem\",\"position\":1,\"name\":\"Home\",\"item\":\"https:\/\/alphea.it\/pt-pt\/\"},{\"@type\":\"ListItem\",\"position\":2,\"name\":\"Shop\",\"item\":\"https:\/\/alphea.it\/pt-pt\/shop\/\"},{\"@type\":\"ListItem\",\"position\":3,\"name\":\"M\u00e1scara iluminadora com colag\u00e9nio\"}]},{\"@type\":\"WebSite\",\"@id\":\"https:\/\/alphea.it\/#website\",\"url\":\"https:\/\/alphea.it\/\",\"name\":\"Alphea\",\"description\":\"Beauty Line\",\"potentialAction\":[{\"@type\":\"SearchAction\",\"target\":{\"@type\":\"EntryPoint\",\"urlTemplate\":\"https:\/\/alphea.it\/?s={search_term_string}\"},\"query-input\":{\"@type\":\"PropertyValueSpecification\",\"valueRequired\":true,\"valueName\":\"search_term_string\"}}],\"inLanguage\":\"pt-PT\"}]}<\/script>\n<!-- \/ Yoast SEO plugin. -->","yoast_head_json":{"title":"M\u00e1scara iluminadora com colag\u00e9nio - Alphea","description":"A m\u00e1scara iluminadora com colag\u00e9nio antienvelhecimento Alphea em monodose, enriquecida com elastina e colag\u00e9nio marinho.","robots":{"index":"index","follow":"follow","max-snippet":"max-snippet:-1","max-image-preview":"max-image-preview:large","max-video-preview":"max-video-preview:-1"},"canonical":"https:\/\/alphea.it\/pt-pt\/products\/face-pt-pt\/anti-age-line-pt-pt\/mascara-iluminadora-com-colagenio\/","og_locale":"pt_PT","og_type":"article","og_title":"M\u00e1scara iluminadora com colag\u00e9nio - Alphea","og_description":"A m\u00e1scara iluminadora com colag\u00e9nio antienvelhecimento Alphea em monodose, enriquecida com elastina e colag\u00e9nio marinho.","og_url":"https:\/\/alphea.it\/pt-pt\/products\/face-pt-pt\/anti-age-line-pt-pt\/mascara-iluminadora-com-colagenio\/","og_site_name":"Alphea","article_modified_time":"2022-03-10T09:28:42+00:00","og_image":[{"width":600,"height":600,"url":"https:\/\/alphea.it\/wp-content\/uploads\/2015\/12\/alphea_anti-age_maschera_viso_illuminante.png","type":"image\/png"}],"twitter_card":"summary_large_image","schema":{"@context":"https:\/\/schema.org","@graph":[{"@type":"WebPage","@id":"https:\/\/alphea.it\/pt-pt\/products\/face-pt-pt\/anti-age-line-pt-pt\/mascara-iluminadora-com-colagenio\/","url":"https:\/\/alphea.it\/pt-pt\/products\/face-pt-pt\/anti-age-line-pt-pt\/mascara-iluminadora-com-colagenio\/","name":"M\u00e1scara iluminadora com colag\u00e9nio - Alphea","isPartOf":{"@id":"https:\/\/alphea.it\/#website"},"primaryImageOfPage":{"@id":"https:\/\/alphea.it\/pt-pt\/products\/face-pt-pt\/anti-age-line-pt-pt\/mascara-iluminadora-com-colagenio\/#primaryimage"},"image":{"@id":"https:\/\/alphea.it\/pt-pt\/products\/face-pt-pt\/anti-age-line-pt-pt\/mascara-iluminadora-com-colagenio\/#primaryimage"},"thumbnailUrl":"https:\/\/alphea.it\/wp-content\/uploads\/2015\/12\/alphea_anti-age_maschera_viso_illuminante.png","datePublished":"2015-12-15T15:30:18+00:00","dateModified":"2022-03-10T09:28:42+00:00","description":"A m\u00e1scara iluminadora com colag\u00e9nio antienvelhecimento Alphea em monodose, enriquecida com elastina e colag\u00e9nio marinho.","breadcrumb":{"@id":"https:\/\/alphea.it\/pt-pt\/products\/face-pt-pt\/anti-age-line-pt-pt\/mascara-iluminadora-com-colagenio\/#breadcrumb"},"inLanguage":"pt-PT","potentialAction":[{"@type":"ReadAction","target":["https:\/\/alphea.it\/pt-pt\/products\/face-pt-pt\/anti-age-line-pt-pt\/mascara-iluminadora-com-colagenio\/"]}]},{"@type":"ImageObject","inLanguage":"pt-PT","@id":"https:\/\/alphea.it\/pt-pt\/products\/face-pt-pt\/anti-age-line-pt-pt\/mascara-iluminadora-com-colagenio\/#primaryimage","url":"https:\/\/alphea.it\/wp-content\/uploads\/2015\/12\/alphea_anti-age_maschera_viso_illuminante.png","contentUrl":"https:\/\/alphea.it\/wp-content\/uploads\/2015\/12\/alphea_anti-age_maschera_viso_illuminante.png","width":600,"height":600},{"@type":"BreadcrumbList","@id":"https:\/\/alphea.it\/pt-pt\/products\/face-pt-pt\/anti-age-line-pt-pt\/mascara-iluminadora-com-colagenio\/#breadcrumb","itemListElement":[{"@type":"ListItem","position":1,"name":"Home","item":"https:\/\/alphea.it\/pt-pt\/"},{"@type":"ListItem","position":2,"name":"Shop","item":"https:\/\/alphea.it\/pt-pt\/shop\/"},{"@type":"ListItem","position":3,"name":"M\u00e1scara iluminadora com colag\u00e9nio"}]},{"@type":"WebSite","@id":"https:\/\/alphea.it\/#website","url":"https:\/\/alphea.it\/","name":"Alphea","description":"Beauty Line","potentialAction":[{"@type":"SearchAction","target":{"@type":"EntryPoint","urlTemplate":"https:\/\/alphea.it\/?s={search_term_string}"},"query-input":{"@type":"PropertyValueSpecification","valueRequired":true,"valueName":"search_term_string"}}],"inLanguage":"pt-PT"}]}},"_links":{"self":[{"href":"https:\/\/alphea.it\/pt-pt\/wp-json\/wp\/v2\/product\/1620","targetHints":{"allow":["GET"]}}],"collection":[{"href":"https:\/\/alphea.it\/pt-pt\/wp-json\/wp\/v2\/product"}],"about":[{"href":"https:\/\/alphea.it\/pt-pt\/wp-json\/wp\/v2\/types\/product"}],"replies":[{"embeddable":true,"href":"https:\/\/alphea.it\/pt-pt\/wp-json\/wp\/v2\/comments?post=1620"}],"wp:featuredmedia":[{"embeddable":true,"href":"https:\/\/alphea.it\/pt-pt\/wp-json\/wp\/v2\/media\/1183"}],"wp:attachment":[{"href":"https:\/\/alphea.it\/pt-pt\/wp-json\/wp\/v2\/media?parent=1620"}],"wp:term":[{"taxonomy":"product_brand","embeddable":true,"href":"https:\/\/alphea.it\/pt-pt\/wp-json\/wp\/v2\/product_brand?post=1620"},{"taxonomy":"product_cat","embeddable":true,"href":"https:\/\/alphea.it\/pt-pt\/wp-json\/wp\/v2\/product_cat?post=1620"},{"taxonomy":"product_tag","embeddable":true,"href":"https:\/\/alphea.it\/pt-pt\/wp-json\/wp\/v2\/product_tag?post=1620"}],"curies":[{"name":"wp","href":"https:\/\/api.w.org\/{rel}","templated":true}]}}