{"id":1618,"date":"2015-12-15T16:24:14","date_gmt":"2015-12-15T15:24:14","guid":{"rendered":"https:\/\/alphea.it\/products\/sem%20categoria\/gel-para-o-contorno-dos-olhos\/"},"modified":"2022-03-10T17:03:45","modified_gmt":"2022-03-10T16:03:45","slug":"gel-para-o-contorno-dos-olhos","status":"publish","type":"product","link":"https:\/\/alphea.it\/pt-pt\/products\/face-pt-pt\/anti-age-line-pt-pt\/gel-para-o-contorno-dos-olhos\/","title":{"rendered":"Gel para o contorno dos olhos"},"content":{"rendered":"","protected":false},"excerpt":{"rendered":"<p><span style=\"font-weight: 400;\">O <\/span><b>gel para o contorno dos olhos<\/b><span style=\"font-weight: 400;\"> antienvelhecimento Alphea \u00e9 o tratamento est\u00e9tico profissional indispens\u00e1vel desenvolvido especificamente para a \u00e1rea mais delicada do rosto: gra\u00e7as \u00e0 sua a\u00e7\u00e3o suave, <\/span><b>restabelece a tonicidade e densidade<\/b><span style=\"font-weight: 400;\"> das peles na \u00e1rea periocular, caracterizada por uma camada cut\u00e2nea muito subtil. A aplica\u00e7\u00e3o do gel antienvelhecimento Alphea proporciona uma densidade cut\u00e2nea in\u00e9dita e facilita a drenagem do contorno dos olhos gra\u00e7as \u00e0 composi\u00e7\u00e3o \u00e0 base de <\/span><b>Complexo vitam\u00ednico, colag\u00e9nio marinho e extratos de gr\u00e3os de cacau<\/b><span style=\"font-weight: 400;\">.<\/span><\/p>\n<p><span style=\"font-weight: 400;\">Uso profissional<\/span><\/p>\n<p><span style=\"font-weight: 400;\">Formato 100 ml<\/span><\/p>\n","protected":false},"featured_media":1850,"comment_status":"closed","ping_status":"closed","template":"","meta":{"_acf_changed":false},"product_brand":[],"product_cat":[60,59],"product_tag":[],"class_list":{"0":"post-1618","1":"product","2":"type-product","3":"status-publish","4":"has-post-thumbnail","6":"product_cat-anti-age-line-pt-pt","7":"product_cat-face-pt-pt","9":"first","10":"instock","11":"shipping-taxable","12":"product-type-simple"},"acf":[],"yoast_head":"<!-- This site is optimized with the Yoast SEO plugin v26.8 - https:\/\/yoast.com\/product\/yoast-seo-wordpress\/ -->\n<title>Gel para o contorno dos olhos - Alphea<\/title>\n<meta name=\"description\" content=\"O gel para o contorno dos olhos antienvelhecimento Alphea \u00e9 o tratamento est\u00e9tico profissional indispens\u00e1vel desenvolvido especificamente para a \u00e1rea mais delicada do rosto.\" \/>\n<meta name=\"robots\" content=\"index, follow, max-snippet:-1, max-image-preview:large, max-video-preview:-1\" \/>\n<link rel=\"canonical\" href=\"https:\/\/alphea.it\/pt-pt\/products\/face-pt-pt\/anti-age-line-pt-pt\/gel-para-o-contorno-dos-olhos\/\" \/>\n<meta property=\"og:locale\" content=\"pt_PT\" \/>\n<meta property=\"og:type\" content=\"article\" \/>\n<meta property=\"og:title\" content=\"Gel para o contorno dos olhos - Alphea\" \/>\n<meta property=\"og:description\" content=\"O gel para o contorno dos olhos antienvelhecimento Alphea \u00e9 o tratamento est\u00e9tico profissional indispens\u00e1vel desenvolvido especificamente para a \u00e1rea mais delicada do rosto.\" \/>\n<meta property=\"og:url\" content=\"https:\/\/alphea.it\/pt-pt\/products\/face-pt-pt\/anti-age-line-pt-pt\/gel-para-o-contorno-dos-olhos\/\" \/>\n<meta property=\"og:site_name\" content=\"Alphea\" \/>\n<meta property=\"article:modified_time\" content=\"2022-03-10T16:03:45+00:00\" \/>\n<meta property=\"og:image\" content=\"https:\/\/alphea.it\/wp-content\/uploads\/2025\/04\/70017_alphea_anti_age_eye_contour_gel_100ml.png\" \/>\n\t<meta property=\"og:image:width\" content=\"800\" \/>\n\t<meta property=\"og:image:height\" content=\"800\" \/>\n\t<meta property=\"og:image:type\" content=\"image\/png\" \/>\n<meta name=\"twitter:card\" content=\"summary_large_image\" \/>\n<script type=\"application\/ld+json\" class=\"yoast-schema-graph\">{\"@context\":\"https:\/\/schema.org\",\"@graph\":[{\"@type\":\"WebPage\",\"@id\":\"https:\/\/alphea.it\/pt-pt\/products\/face-pt-pt\/anti-age-line-pt-pt\/gel-para-o-contorno-dos-olhos\/\",\"url\":\"https:\/\/alphea.it\/pt-pt\/products\/face-pt-pt\/anti-age-line-pt-pt\/gel-para-o-contorno-dos-olhos\/\",\"name\":\"Gel para o contorno dos olhos - Alphea\",\"isPartOf\":{\"@id\":\"https:\/\/alphea.it\/#website\"},\"primaryImageOfPage\":{\"@id\":\"https:\/\/alphea.it\/pt-pt\/products\/face-pt-pt\/anti-age-line-pt-pt\/gel-para-o-contorno-dos-olhos\/#primaryimage\"},\"image\":{\"@id\":\"https:\/\/alphea.it\/pt-pt\/products\/face-pt-pt\/anti-age-line-pt-pt\/gel-para-o-contorno-dos-olhos\/#primaryimage\"},\"thumbnailUrl\":\"https:\/\/alphea.it\/wp-content\/uploads\/2025\/04\/70017_alphea_anti_age_eye_contour_gel_100ml.png\",\"datePublished\":\"2015-12-15T15:24:14+00:00\",\"dateModified\":\"2022-03-10T16:03:45+00:00\",\"description\":\"O gel para o contorno dos olhos antienvelhecimento Alphea \u00e9 o tratamento est\u00e9tico profissional indispens\u00e1vel desenvolvido especificamente para a \u00e1rea mais delicada do rosto.\",\"breadcrumb\":{\"@id\":\"https:\/\/alphea.it\/pt-pt\/products\/face-pt-pt\/anti-age-line-pt-pt\/gel-para-o-contorno-dos-olhos\/#breadcrumb\"},\"inLanguage\":\"pt-PT\",\"potentialAction\":[{\"@type\":\"ReadAction\",\"target\":[\"https:\/\/alphea.it\/pt-pt\/products\/face-pt-pt\/anti-age-line-pt-pt\/gel-para-o-contorno-dos-olhos\/\"]}]},{\"@type\":\"ImageObject\",\"inLanguage\":\"pt-PT\",\"@id\":\"https:\/\/alphea.it\/pt-pt\/products\/face-pt-pt\/anti-age-line-pt-pt\/gel-para-o-contorno-dos-olhos\/#primaryimage\",\"url\":\"https:\/\/alphea.it\/wp-content\/uploads\/2025\/04\/70017_alphea_anti_age_eye_contour_gel_100ml.png\",\"contentUrl\":\"https:\/\/alphea.it\/wp-content\/uploads\/2025\/04\/70017_alphea_anti_age_eye_contour_gel_100ml.png\",\"width\":800,\"height\":800},{\"@type\":\"BreadcrumbList\",\"@id\":\"https:\/\/alphea.it\/pt-pt\/products\/face-pt-pt\/anti-age-line-pt-pt\/gel-para-o-contorno-dos-olhos\/#breadcrumb\",\"itemListElement\":[{\"@type\":\"ListItem\",\"position\":1,\"name\":\"Home\",\"item\":\"https:\/\/alphea.it\/pt-pt\/\"},{\"@type\":\"ListItem\",\"position\":2,\"name\":\"Shop\",\"item\":\"https:\/\/alphea.it\/pt-pt\/shop\/\"},{\"@type\":\"ListItem\",\"position\":3,\"name\":\"Gel para o contorno dos olhos\"}]},{\"@type\":\"WebSite\",\"@id\":\"https:\/\/alphea.it\/#website\",\"url\":\"https:\/\/alphea.it\/\",\"name\":\"Alphea\",\"description\":\"Beauty Line\",\"potentialAction\":[{\"@type\":\"SearchAction\",\"target\":{\"@type\":\"EntryPoint\",\"urlTemplate\":\"https:\/\/alphea.it\/?s={search_term_string}\"},\"query-input\":{\"@type\":\"PropertyValueSpecification\",\"valueRequired\":true,\"valueName\":\"search_term_string\"}}],\"inLanguage\":\"pt-PT\"}]}<\/script>\n<!-- \/ Yoast SEO plugin. -->","yoast_head_json":{"title":"Gel para o contorno dos olhos - Alphea","description":"O gel para o contorno dos olhos antienvelhecimento Alphea \u00e9 o tratamento est\u00e9tico profissional indispens\u00e1vel desenvolvido especificamente para a \u00e1rea mais delicada do rosto.","robots":{"index":"index","follow":"follow","max-snippet":"max-snippet:-1","max-image-preview":"max-image-preview:large","max-video-preview":"max-video-preview:-1"},"canonical":"https:\/\/alphea.it\/pt-pt\/products\/face-pt-pt\/anti-age-line-pt-pt\/gel-para-o-contorno-dos-olhos\/","og_locale":"pt_PT","og_type":"article","og_title":"Gel para o contorno dos olhos - Alphea","og_description":"O gel para o contorno dos olhos antienvelhecimento Alphea \u00e9 o tratamento est\u00e9tico profissional indispens\u00e1vel desenvolvido especificamente para a \u00e1rea mais delicada do rosto.","og_url":"https:\/\/alphea.it\/pt-pt\/products\/face-pt-pt\/anti-age-line-pt-pt\/gel-para-o-contorno-dos-olhos\/","og_site_name":"Alphea","article_modified_time":"2022-03-10T16:03:45+00:00","og_image":[{"width":800,"height":800,"url":"https:\/\/alphea.it\/wp-content\/uploads\/2025\/04\/70017_alphea_anti_age_eye_contour_gel_100ml.png","type":"image\/png"}],"twitter_card":"summary_large_image","schema":{"@context":"https:\/\/schema.org","@graph":[{"@type":"WebPage","@id":"https:\/\/alphea.it\/pt-pt\/products\/face-pt-pt\/anti-age-line-pt-pt\/gel-para-o-contorno-dos-olhos\/","url":"https:\/\/alphea.it\/pt-pt\/products\/face-pt-pt\/anti-age-line-pt-pt\/gel-para-o-contorno-dos-olhos\/","name":"Gel para o contorno dos olhos - Alphea","isPartOf":{"@id":"https:\/\/alphea.it\/#website"},"primaryImageOfPage":{"@id":"https:\/\/alphea.it\/pt-pt\/products\/face-pt-pt\/anti-age-line-pt-pt\/gel-para-o-contorno-dos-olhos\/#primaryimage"},"image":{"@id":"https:\/\/alphea.it\/pt-pt\/products\/face-pt-pt\/anti-age-line-pt-pt\/gel-para-o-contorno-dos-olhos\/#primaryimage"},"thumbnailUrl":"https:\/\/alphea.it\/wp-content\/uploads\/2025\/04\/70017_alphea_anti_age_eye_contour_gel_100ml.png","datePublished":"2015-12-15T15:24:14+00:00","dateModified":"2022-03-10T16:03:45+00:00","description":"O gel para o contorno dos olhos antienvelhecimento Alphea \u00e9 o tratamento est\u00e9tico profissional indispens\u00e1vel desenvolvido especificamente para a \u00e1rea mais delicada do rosto.","breadcrumb":{"@id":"https:\/\/alphea.it\/pt-pt\/products\/face-pt-pt\/anti-age-line-pt-pt\/gel-para-o-contorno-dos-olhos\/#breadcrumb"},"inLanguage":"pt-PT","potentialAction":[{"@type":"ReadAction","target":["https:\/\/alphea.it\/pt-pt\/products\/face-pt-pt\/anti-age-line-pt-pt\/gel-para-o-contorno-dos-olhos\/"]}]},{"@type":"ImageObject","inLanguage":"pt-PT","@id":"https:\/\/alphea.it\/pt-pt\/products\/face-pt-pt\/anti-age-line-pt-pt\/gel-para-o-contorno-dos-olhos\/#primaryimage","url":"https:\/\/alphea.it\/wp-content\/uploads\/2025\/04\/70017_alphea_anti_age_eye_contour_gel_100ml.png","contentUrl":"https:\/\/alphea.it\/wp-content\/uploads\/2025\/04\/70017_alphea_anti_age_eye_contour_gel_100ml.png","width":800,"height":800},{"@type":"BreadcrumbList","@id":"https:\/\/alphea.it\/pt-pt\/products\/face-pt-pt\/anti-age-line-pt-pt\/gel-para-o-contorno-dos-olhos\/#breadcrumb","itemListElement":[{"@type":"ListItem","position":1,"name":"Home","item":"https:\/\/alphea.it\/pt-pt\/"},{"@type":"ListItem","position":2,"name":"Shop","item":"https:\/\/alphea.it\/pt-pt\/shop\/"},{"@type":"ListItem","position":3,"name":"Gel para o contorno dos olhos"}]},{"@type":"WebSite","@id":"https:\/\/alphea.it\/#website","url":"https:\/\/alphea.it\/","name":"Alphea","description":"Beauty Line","potentialAction":[{"@type":"SearchAction","target":{"@type":"EntryPoint","urlTemplate":"https:\/\/alphea.it\/?s={search_term_string}"},"query-input":{"@type":"PropertyValueSpecification","valueRequired":true,"valueName":"search_term_string"}}],"inLanguage":"pt-PT"}]}},"_links":{"self":[{"href":"https:\/\/alphea.it\/pt-pt\/wp-json\/wp\/v2\/product\/1618","targetHints":{"allow":["GET"]}}],"collection":[{"href":"https:\/\/alphea.it\/pt-pt\/wp-json\/wp\/v2\/product"}],"about":[{"href":"https:\/\/alphea.it\/pt-pt\/wp-json\/wp\/v2\/types\/product"}],"replies":[{"embeddable":true,"href":"https:\/\/alphea.it\/pt-pt\/wp-json\/wp\/v2\/comments?post=1618"}],"wp:featuredmedia":[{"embeddable":true,"href":"https:\/\/alphea.it\/pt-pt\/wp-json\/wp\/v2\/media\/1850"}],"wp:attachment":[{"href":"https:\/\/alphea.it\/pt-pt\/wp-json\/wp\/v2\/media?parent=1618"}],"wp:term":[{"taxonomy":"product_brand","embeddable":true,"href":"https:\/\/alphea.it\/pt-pt\/wp-json\/wp\/v2\/product_brand?post=1618"},{"taxonomy":"product_cat","embeddable":true,"href":"https:\/\/alphea.it\/pt-pt\/wp-json\/wp\/v2\/product_cat?post=1618"},{"taxonomy":"product_tag","embeddable":true,"href":"https:\/\/alphea.it\/pt-pt\/wp-json\/wp\/v2\/product_tag?post=1618"}],"curies":[{"name":"wp","href":"https:\/\/api.w.org\/{rel}","templated":true}]}}