{"id":1617,"date":"2015-12-15T16:20:35","date_gmt":"2015-12-15T15:20:35","guid":{"rendered":"https:\/\/alphea.it\/products\/sem%20categoria\/serum-vitaminico\/"},"modified":"2022-03-10T17:01:28","modified_gmt":"2022-03-10T16:01:28","slug":"serum-vitaminico","status":"publish","type":"product","link":"https:\/\/alphea.it\/pt-pt\/products\/face-pt-pt\/anti-age-line-pt-pt\/serum-vitaminico\/","title":{"rendered":"S\u00e9rum vitam\u00ednico"},"content":{"rendered":"","protected":false},"excerpt":{"rendered":"<p><span style=\"font-weight: 400;\">O <\/span><b>s\u00e9rum vitam\u00ednico<\/b><span style=\"font-weight: 400;\"> antienvelhecimento Alphea para uso profissional atua nas <\/span><b>peles maduras, relaxadas e com rugas<\/b><span style=\"font-weight: 400;\">, aumentando a tonicidade. A a\u00e7\u00e3o combinada do<\/span><b> Complexo vitam\u00ednico e do Colag\u00e9nio marinho<\/b><span style=\"font-weight: 400;\"> confere um fornecimento regenerante necess\u00e1rio \u00e0 prote\u00e7\u00e3o lip\u00eddica das membranas celulares, limitando e <\/span><b>retardando o envelhecimento fisiol\u00f3gico<\/b><span style=\"font-weight: 400;\">.<\/span><\/p>\n<p><span style=\"font-weight: 400;\">Uso profissional<\/span><\/p>\n<p><span style=\"font-weight: 400;\">Formato 100 ml<\/span><\/p>\n","protected":false},"featured_media":1853,"comment_status":"closed","ping_status":"closed","template":"","meta":{"_acf_changed":false},"product_brand":[],"product_cat":[60,59],"product_tag":[],"class_list":{"0":"post-1617","1":"product","2":"type-product","3":"status-publish","4":"has-post-thumbnail","6":"product_cat-anti-age-line-pt-pt","7":"product_cat-face-pt-pt","9":"first","10":"instock","11":"shipping-taxable","12":"product-type-simple"},"acf":[],"yoast_head":"<!-- This site is optimized with the Yoast SEO plugin v26.8 - https:\/\/yoast.com\/product\/yoast-seo-wordpress\/ -->\n<title>S\u00e9rum vitam\u00ednico - Alphea<\/title>\n<meta name=\"description\" content=\"O s\u00e9rum vitam\u00ednico antienvelhecimento Alphea para uso profissional atua nas peles maduras, relaxadas e com rugas, aumentando a tonicidade.\" \/>\n<meta name=\"robots\" content=\"index, follow, max-snippet:-1, max-image-preview:large, max-video-preview:-1\" \/>\n<link rel=\"canonical\" href=\"https:\/\/alphea.it\/pt-pt\/products\/face-pt-pt\/anti-age-line-pt-pt\/serum-vitaminico\/\" \/>\n<meta property=\"og:locale\" content=\"pt_PT\" \/>\n<meta property=\"og:type\" content=\"article\" \/>\n<meta property=\"og:title\" content=\"S\u00e9rum vitam\u00ednico - Alphea\" \/>\n<meta property=\"og:description\" content=\"O s\u00e9rum vitam\u00ednico antienvelhecimento Alphea para uso profissional atua nas peles maduras, relaxadas e com rugas, aumentando a tonicidade.\" \/>\n<meta property=\"og:url\" content=\"https:\/\/alphea.it\/pt-pt\/products\/face-pt-pt\/anti-age-line-pt-pt\/serum-vitaminico\/\" \/>\n<meta property=\"og:site_name\" content=\"Alphea\" \/>\n<meta property=\"article:modified_time\" content=\"2022-03-10T16:01:28+00:00\" \/>\n<meta property=\"og:image\" content=\"https:\/\/alphea.it\/wp-content\/uploads\/2025\/04\/70015_alphea_anti_age_vitamin_face_serum_100ml.png\" \/>\n\t<meta property=\"og:image:width\" content=\"800\" \/>\n\t<meta property=\"og:image:height\" content=\"800\" \/>\n\t<meta property=\"og:image:type\" content=\"image\/png\" \/>\n<meta name=\"twitter:card\" content=\"summary_large_image\" \/>\n<script type=\"application\/ld+json\" class=\"yoast-schema-graph\">{\"@context\":\"https:\/\/schema.org\",\"@graph\":[{\"@type\":\"WebPage\",\"@id\":\"https:\/\/alphea.it\/pt-pt\/products\/face-pt-pt\/anti-age-line-pt-pt\/serum-vitaminico\/\",\"url\":\"https:\/\/alphea.it\/pt-pt\/products\/face-pt-pt\/anti-age-line-pt-pt\/serum-vitaminico\/\",\"name\":\"S\u00e9rum vitam\u00ednico - Alphea\",\"isPartOf\":{\"@id\":\"https:\/\/alphea.it\/#website\"},\"primaryImageOfPage\":{\"@id\":\"https:\/\/alphea.it\/pt-pt\/products\/face-pt-pt\/anti-age-line-pt-pt\/serum-vitaminico\/#primaryimage\"},\"image\":{\"@id\":\"https:\/\/alphea.it\/pt-pt\/products\/face-pt-pt\/anti-age-line-pt-pt\/serum-vitaminico\/#primaryimage\"},\"thumbnailUrl\":\"https:\/\/alphea.it\/wp-content\/uploads\/2025\/04\/70015_alphea_anti_age_vitamin_face_serum_100ml.png\",\"datePublished\":\"2015-12-15T15:20:35+00:00\",\"dateModified\":\"2022-03-10T16:01:28+00:00\",\"description\":\"O s\u00e9rum vitam\u00ednico antienvelhecimento Alphea para uso profissional atua nas peles maduras, relaxadas e com rugas, aumentando a tonicidade.\",\"breadcrumb\":{\"@id\":\"https:\/\/alphea.it\/pt-pt\/products\/face-pt-pt\/anti-age-line-pt-pt\/serum-vitaminico\/#breadcrumb\"},\"inLanguage\":\"pt-PT\",\"potentialAction\":[{\"@type\":\"ReadAction\",\"target\":[\"https:\/\/alphea.it\/pt-pt\/products\/face-pt-pt\/anti-age-line-pt-pt\/serum-vitaminico\/\"]}]},{\"@type\":\"ImageObject\",\"inLanguage\":\"pt-PT\",\"@id\":\"https:\/\/alphea.it\/pt-pt\/products\/face-pt-pt\/anti-age-line-pt-pt\/serum-vitaminico\/#primaryimage\",\"url\":\"https:\/\/alphea.it\/wp-content\/uploads\/2025\/04\/70015_alphea_anti_age_vitamin_face_serum_100ml.png\",\"contentUrl\":\"https:\/\/alphea.it\/wp-content\/uploads\/2025\/04\/70015_alphea_anti_age_vitamin_face_serum_100ml.png\",\"width\":800,\"height\":800},{\"@type\":\"BreadcrumbList\",\"@id\":\"https:\/\/alphea.it\/pt-pt\/products\/face-pt-pt\/anti-age-line-pt-pt\/serum-vitaminico\/#breadcrumb\",\"itemListElement\":[{\"@type\":\"ListItem\",\"position\":1,\"name\":\"Home\",\"item\":\"https:\/\/alphea.it\/pt-pt\/\"},{\"@type\":\"ListItem\",\"position\":2,\"name\":\"Shop\",\"item\":\"https:\/\/alphea.it\/pt-pt\/shop\/\"},{\"@type\":\"ListItem\",\"position\":3,\"name\":\"S\u00e9rum vitam\u00ednico\"}]},{\"@type\":\"WebSite\",\"@id\":\"https:\/\/alphea.it\/#website\",\"url\":\"https:\/\/alphea.it\/\",\"name\":\"Alphea\",\"description\":\"Beauty Line\",\"potentialAction\":[{\"@type\":\"SearchAction\",\"target\":{\"@type\":\"EntryPoint\",\"urlTemplate\":\"https:\/\/alphea.it\/?s={search_term_string}\"},\"query-input\":{\"@type\":\"PropertyValueSpecification\",\"valueRequired\":true,\"valueName\":\"search_term_string\"}}],\"inLanguage\":\"pt-PT\"}]}<\/script>\n<!-- \/ Yoast SEO plugin. -->","yoast_head_json":{"title":"S\u00e9rum vitam\u00ednico - Alphea","description":"O s\u00e9rum vitam\u00ednico antienvelhecimento Alphea para uso profissional atua nas peles maduras, relaxadas e com rugas, aumentando a tonicidade.","robots":{"index":"index","follow":"follow","max-snippet":"max-snippet:-1","max-image-preview":"max-image-preview:large","max-video-preview":"max-video-preview:-1"},"canonical":"https:\/\/alphea.it\/pt-pt\/products\/face-pt-pt\/anti-age-line-pt-pt\/serum-vitaminico\/","og_locale":"pt_PT","og_type":"article","og_title":"S\u00e9rum vitam\u00ednico - Alphea","og_description":"O s\u00e9rum vitam\u00ednico antienvelhecimento Alphea para uso profissional atua nas peles maduras, relaxadas e com rugas, aumentando a tonicidade.","og_url":"https:\/\/alphea.it\/pt-pt\/products\/face-pt-pt\/anti-age-line-pt-pt\/serum-vitaminico\/","og_site_name":"Alphea","article_modified_time":"2022-03-10T16:01:28+00:00","og_image":[{"width":800,"height":800,"url":"https:\/\/alphea.it\/wp-content\/uploads\/2025\/04\/70015_alphea_anti_age_vitamin_face_serum_100ml.png","type":"image\/png"}],"twitter_card":"summary_large_image","schema":{"@context":"https:\/\/schema.org","@graph":[{"@type":"WebPage","@id":"https:\/\/alphea.it\/pt-pt\/products\/face-pt-pt\/anti-age-line-pt-pt\/serum-vitaminico\/","url":"https:\/\/alphea.it\/pt-pt\/products\/face-pt-pt\/anti-age-line-pt-pt\/serum-vitaminico\/","name":"S\u00e9rum vitam\u00ednico - Alphea","isPartOf":{"@id":"https:\/\/alphea.it\/#website"},"primaryImageOfPage":{"@id":"https:\/\/alphea.it\/pt-pt\/products\/face-pt-pt\/anti-age-line-pt-pt\/serum-vitaminico\/#primaryimage"},"image":{"@id":"https:\/\/alphea.it\/pt-pt\/products\/face-pt-pt\/anti-age-line-pt-pt\/serum-vitaminico\/#primaryimage"},"thumbnailUrl":"https:\/\/alphea.it\/wp-content\/uploads\/2025\/04\/70015_alphea_anti_age_vitamin_face_serum_100ml.png","datePublished":"2015-12-15T15:20:35+00:00","dateModified":"2022-03-10T16:01:28+00:00","description":"O s\u00e9rum vitam\u00ednico antienvelhecimento Alphea para uso profissional atua nas peles maduras, relaxadas e com rugas, aumentando a tonicidade.","breadcrumb":{"@id":"https:\/\/alphea.it\/pt-pt\/products\/face-pt-pt\/anti-age-line-pt-pt\/serum-vitaminico\/#breadcrumb"},"inLanguage":"pt-PT","potentialAction":[{"@type":"ReadAction","target":["https:\/\/alphea.it\/pt-pt\/products\/face-pt-pt\/anti-age-line-pt-pt\/serum-vitaminico\/"]}]},{"@type":"ImageObject","inLanguage":"pt-PT","@id":"https:\/\/alphea.it\/pt-pt\/products\/face-pt-pt\/anti-age-line-pt-pt\/serum-vitaminico\/#primaryimage","url":"https:\/\/alphea.it\/wp-content\/uploads\/2025\/04\/70015_alphea_anti_age_vitamin_face_serum_100ml.png","contentUrl":"https:\/\/alphea.it\/wp-content\/uploads\/2025\/04\/70015_alphea_anti_age_vitamin_face_serum_100ml.png","width":800,"height":800},{"@type":"BreadcrumbList","@id":"https:\/\/alphea.it\/pt-pt\/products\/face-pt-pt\/anti-age-line-pt-pt\/serum-vitaminico\/#breadcrumb","itemListElement":[{"@type":"ListItem","position":1,"name":"Home","item":"https:\/\/alphea.it\/pt-pt\/"},{"@type":"ListItem","position":2,"name":"Shop","item":"https:\/\/alphea.it\/pt-pt\/shop\/"},{"@type":"ListItem","position":3,"name":"S\u00e9rum vitam\u00ednico"}]},{"@type":"WebSite","@id":"https:\/\/alphea.it\/#website","url":"https:\/\/alphea.it\/","name":"Alphea","description":"Beauty Line","potentialAction":[{"@type":"SearchAction","target":{"@type":"EntryPoint","urlTemplate":"https:\/\/alphea.it\/?s={search_term_string}"},"query-input":{"@type":"PropertyValueSpecification","valueRequired":true,"valueName":"search_term_string"}}],"inLanguage":"pt-PT"}]}},"_links":{"self":[{"href":"https:\/\/alphea.it\/pt-pt\/wp-json\/wp\/v2\/product\/1617","targetHints":{"allow":["GET"]}}],"collection":[{"href":"https:\/\/alphea.it\/pt-pt\/wp-json\/wp\/v2\/product"}],"about":[{"href":"https:\/\/alphea.it\/pt-pt\/wp-json\/wp\/v2\/types\/product"}],"replies":[{"embeddable":true,"href":"https:\/\/alphea.it\/pt-pt\/wp-json\/wp\/v2\/comments?post=1617"}],"wp:featuredmedia":[{"embeddable":true,"href":"https:\/\/alphea.it\/pt-pt\/wp-json\/wp\/v2\/media\/1853"}],"wp:attachment":[{"href":"https:\/\/alphea.it\/pt-pt\/wp-json\/wp\/v2\/media?parent=1617"}],"wp:term":[{"taxonomy":"product_brand","embeddable":true,"href":"https:\/\/alphea.it\/pt-pt\/wp-json\/wp\/v2\/product_brand?post=1617"},{"taxonomy":"product_cat","embeddable":true,"href":"https:\/\/alphea.it\/pt-pt\/wp-json\/wp\/v2\/product_cat?post=1617"},{"taxonomy":"product_tag","embeddable":true,"href":"https:\/\/alphea.it\/pt-pt\/wp-json\/wp\/v2\/product_tag?post=1617"}],"curies":[{"name":"wp","href":"https:\/\/api.w.org\/{rel}","templated":true}]}}