{"id":1615,"date":"2015-12-15T15:45:06","date_gmt":"2015-12-15T14:45:06","guid":{"rendered":"https:\/\/alphea.it\/products\/sem%20categoria\/creme-vitaminico-antienvelhecimento-para-rosto\/"},"modified":"2022-03-10T10:15:07","modified_gmt":"2022-03-10T09:15:07","slug":"creme-vitaminico-antienvelhecimento-para-rosto","status":"publish","type":"product","link":"https:\/\/alphea.it\/pt-pt\/products\/face-pt-pt\/anti-age-line-pt-pt\/creme-vitaminico-antienvelhecimento-para-rosto\/","title":{"rendered":"Creme vitam\u00ednico antienvelhecimento para rosto"},"content":{"rendered":"","protected":false},"excerpt":{"rendered":"<p><span style=\"font-weight: 400;\">O <\/span><b>creme vitam\u00ednico<\/b><span style=\"font-weight: 400;\"> antienvelhecimento Alphea para rosto \u00e9 ideal para as peles maduras e com rugas. Gra\u00e7as \u00e0 tecnologia inovadora da sua formula\u00e7\u00e3o, o creme antienvelhecimento \u00e9 o produto profissional para a est\u00e9tica espec\u00edfico para combater os efeitos indesejados do envelhecimento cut\u00e2neo. A combina\u00e7\u00e3o de <\/span><b>complexo vitam\u00ednico A-E-B, colag\u00e9nio marinho e \u00e1cido hialur\u00f3nico<\/b><span style=\"font-weight: 400;\"> revitaliza e suaviza a pele, facilitando o processo de <\/span><b>hidrata\u00e7\u00e3o, maleabilidade e turgesc\u00eancia<\/b><span style=\"font-weight: 400;\"> indispens\u00e1veis para preservar o bem-estar de uma pele jovem. A a\u00e7\u00e3o sin\u00e9rgica dos princ\u00edpios ativos ajuda a <\/span><b>prevenir e atenuar os sinais do tempo<\/b><span style=\"font-weight: 400;\">.<\/span><\/p>\n<p><span style=\"font-weight: 400;\">Uso profissional<\/span><\/p>\n<p><span style=\"font-weight: 400;\">Formato de 250 ml<\/span><\/p>\n","protected":false},"featured_media":1193,"comment_status":"closed","ping_status":"closed","template":"","meta":{"_acf_changed":false},"product_brand":[],"product_cat":[60,59],"product_tag":[],"class_list":{"0":"post-1615","1":"product","2":"type-product","3":"status-publish","4":"has-post-thumbnail","6":"product_cat-anti-age-line-pt-pt","7":"product_cat-face-pt-pt","9":"first","10":"instock","11":"shipping-taxable","12":"product-type-simple"},"acf":[],"yoast_head":"<!-- This site is optimized with the Yoast SEO plugin v26.8 - https:\/\/yoast.com\/product\/yoast-seo-wordpress\/ -->\n<title>Creme vitam\u00ednico antienvelhecimento para rosto - Alphea<\/title>\n<meta name=\"description\" content=\"O creme vitam\u00ednico antienvelhecimento Alphea para rosto \u00e9 ideal para as peles maduras e com rugas.\" \/>\n<meta name=\"robots\" content=\"index, follow, max-snippet:-1, max-image-preview:large, max-video-preview:-1\" \/>\n<link rel=\"canonical\" href=\"https:\/\/alphea.it\/pt-pt\/products\/face-pt-pt\/anti-age-line-pt-pt\/creme-vitaminico-antienvelhecimento-para-rosto\/\" \/>\n<meta property=\"og:locale\" content=\"pt_PT\" \/>\n<meta property=\"og:type\" content=\"article\" \/>\n<meta property=\"og:title\" content=\"Creme vitam\u00ednico antienvelhecimento para rosto - Alphea\" \/>\n<meta property=\"og:description\" content=\"O creme vitam\u00ednico antienvelhecimento Alphea para rosto \u00e9 ideal para as peles maduras e com rugas.\" \/>\n<meta property=\"og:url\" content=\"https:\/\/alphea.it\/pt-pt\/products\/face-pt-pt\/anti-age-line-pt-pt\/creme-vitaminico-antienvelhecimento-para-rosto\/\" \/>\n<meta property=\"og:site_name\" content=\"Alphea\" \/>\n<meta property=\"article:modified_time\" content=\"2022-03-10T09:15:07+00:00\" \/>\n<meta property=\"og:image\" content=\"https:\/\/alphea.it\/wp-content\/uploads\/2015\/12\/alphea_anti_age_crema_viso_vitaminica_pelli_mature_rughe_250_ml.png\" \/>\n\t<meta property=\"og:image:width\" content=\"600\" \/>\n\t<meta property=\"og:image:height\" content=\"600\" \/>\n\t<meta property=\"og:image:type\" content=\"image\/png\" \/>\n<meta name=\"twitter:card\" content=\"summary_large_image\" \/>\n<script type=\"application\/ld+json\" class=\"yoast-schema-graph\">{\"@context\":\"https:\/\/schema.org\",\"@graph\":[{\"@type\":\"WebPage\",\"@id\":\"https:\/\/alphea.it\/pt-pt\/products\/face-pt-pt\/anti-age-line-pt-pt\/creme-vitaminico-antienvelhecimento-para-rosto\/\",\"url\":\"https:\/\/alphea.it\/pt-pt\/products\/face-pt-pt\/anti-age-line-pt-pt\/creme-vitaminico-antienvelhecimento-para-rosto\/\",\"name\":\"Creme vitam\u00ednico antienvelhecimento para rosto - Alphea\",\"isPartOf\":{\"@id\":\"https:\/\/alphea.it\/#website\"},\"primaryImageOfPage\":{\"@id\":\"https:\/\/alphea.it\/pt-pt\/products\/face-pt-pt\/anti-age-line-pt-pt\/creme-vitaminico-antienvelhecimento-para-rosto\/#primaryimage\"},\"image\":{\"@id\":\"https:\/\/alphea.it\/pt-pt\/products\/face-pt-pt\/anti-age-line-pt-pt\/creme-vitaminico-antienvelhecimento-para-rosto\/#primaryimage\"},\"thumbnailUrl\":\"https:\/\/alphea.it\/wp-content\/uploads\/2015\/12\/alphea_anti_age_crema_viso_vitaminica_pelli_mature_rughe_250_ml.png\",\"datePublished\":\"2015-12-15T14:45:06+00:00\",\"dateModified\":\"2022-03-10T09:15:07+00:00\",\"description\":\"O creme vitam\u00ednico antienvelhecimento Alphea para rosto \u00e9 ideal para as peles maduras e com rugas.\",\"breadcrumb\":{\"@id\":\"https:\/\/alphea.it\/pt-pt\/products\/face-pt-pt\/anti-age-line-pt-pt\/creme-vitaminico-antienvelhecimento-para-rosto\/#breadcrumb\"},\"inLanguage\":\"pt-PT\",\"potentialAction\":[{\"@type\":\"ReadAction\",\"target\":[\"https:\/\/alphea.it\/pt-pt\/products\/face-pt-pt\/anti-age-line-pt-pt\/creme-vitaminico-antienvelhecimento-para-rosto\/\"]}]},{\"@type\":\"ImageObject\",\"inLanguage\":\"pt-PT\",\"@id\":\"https:\/\/alphea.it\/pt-pt\/products\/face-pt-pt\/anti-age-line-pt-pt\/creme-vitaminico-antienvelhecimento-para-rosto\/#primaryimage\",\"url\":\"https:\/\/alphea.it\/wp-content\/uploads\/2015\/12\/alphea_anti_age_crema_viso_vitaminica_pelli_mature_rughe_250_ml.png\",\"contentUrl\":\"https:\/\/alphea.it\/wp-content\/uploads\/2015\/12\/alphea_anti_age_crema_viso_vitaminica_pelli_mature_rughe_250_ml.png\",\"width\":600,\"height\":600},{\"@type\":\"BreadcrumbList\",\"@id\":\"https:\/\/alphea.it\/pt-pt\/products\/face-pt-pt\/anti-age-line-pt-pt\/creme-vitaminico-antienvelhecimento-para-rosto\/#breadcrumb\",\"itemListElement\":[{\"@type\":\"ListItem\",\"position\":1,\"name\":\"Home\",\"item\":\"https:\/\/alphea.it\/pt-pt\/\"},{\"@type\":\"ListItem\",\"position\":2,\"name\":\"Shop\",\"item\":\"https:\/\/alphea.it\/pt-pt\/shop\/\"},{\"@type\":\"ListItem\",\"position\":3,\"name\":\"Creme vitam\u00ednico antienvelhecimento para rosto\"}]},{\"@type\":\"WebSite\",\"@id\":\"https:\/\/alphea.it\/#website\",\"url\":\"https:\/\/alphea.it\/\",\"name\":\"Alphea\",\"description\":\"Beauty Line\",\"potentialAction\":[{\"@type\":\"SearchAction\",\"target\":{\"@type\":\"EntryPoint\",\"urlTemplate\":\"https:\/\/alphea.it\/?s={search_term_string}\"},\"query-input\":{\"@type\":\"PropertyValueSpecification\",\"valueRequired\":true,\"valueName\":\"search_term_string\"}}],\"inLanguage\":\"pt-PT\"}]}<\/script>\n<!-- \/ Yoast SEO plugin. -->","yoast_head_json":{"title":"Creme vitam\u00ednico antienvelhecimento para rosto - Alphea","description":"O creme vitam\u00ednico antienvelhecimento Alphea para rosto \u00e9 ideal para as peles maduras e com rugas.","robots":{"index":"index","follow":"follow","max-snippet":"max-snippet:-1","max-image-preview":"max-image-preview:large","max-video-preview":"max-video-preview:-1"},"canonical":"https:\/\/alphea.it\/pt-pt\/products\/face-pt-pt\/anti-age-line-pt-pt\/creme-vitaminico-antienvelhecimento-para-rosto\/","og_locale":"pt_PT","og_type":"article","og_title":"Creme vitam\u00ednico antienvelhecimento para rosto - Alphea","og_description":"O creme vitam\u00ednico antienvelhecimento Alphea para rosto \u00e9 ideal para as peles maduras e com rugas.","og_url":"https:\/\/alphea.it\/pt-pt\/products\/face-pt-pt\/anti-age-line-pt-pt\/creme-vitaminico-antienvelhecimento-para-rosto\/","og_site_name":"Alphea","article_modified_time":"2022-03-10T09:15:07+00:00","og_image":[{"width":600,"height":600,"url":"https:\/\/alphea.it\/wp-content\/uploads\/2015\/12\/alphea_anti_age_crema_viso_vitaminica_pelli_mature_rughe_250_ml.png","type":"image\/png"}],"twitter_card":"summary_large_image","schema":{"@context":"https:\/\/schema.org","@graph":[{"@type":"WebPage","@id":"https:\/\/alphea.it\/pt-pt\/products\/face-pt-pt\/anti-age-line-pt-pt\/creme-vitaminico-antienvelhecimento-para-rosto\/","url":"https:\/\/alphea.it\/pt-pt\/products\/face-pt-pt\/anti-age-line-pt-pt\/creme-vitaminico-antienvelhecimento-para-rosto\/","name":"Creme vitam\u00ednico antienvelhecimento para rosto - Alphea","isPartOf":{"@id":"https:\/\/alphea.it\/#website"},"primaryImageOfPage":{"@id":"https:\/\/alphea.it\/pt-pt\/products\/face-pt-pt\/anti-age-line-pt-pt\/creme-vitaminico-antienvelhecimento-para-rosto\/#primaryimage"},"image":{"@id":"https:\/\/alphea.it\/pt-pt\/products\/face-pt-pt\/anti-age-line-pt-pt\/creme-vitaminico-antienvelhecimento-para-rosto\/#primaryimage"},"thumbnailUrl":"https:\/\/alphea.it\/wp-content\/uploads\/2015\/12\/alphea_anti_age_crema_viso_vitaminica_pelli_mature_rughe_250_ml.png","datePublished":"2015-12-15T14:45:06+00:00","dateModified":"2022-03-10T09:15:07+00:00","description":"O creme vitam\u00ednico antienvelhecimento Alphea para rosto \u00e9 ideal para as peles maduras e com rugas.","breadcrumb":{"@id":"https:\/\/alphea.it\/pt-pt\/products\/face-pt-pt\/anti-age-line-pt-pt\/creme-vitaminico-antienvelhecimento-para-rosto\/#breadcrumb"},"inLanguage":"pt-PT","potentialAction":[{"@type":"ReadAction","target":["https:\/\/alphea.it\/pt-pt\/products\/face-pt-pt\/anti-age-line-pt-pt\/creme-vitaminico-antienvelhecimento-para-rosto\/"]}]},{"@type":"ImageObject","inLanguage":"pt-PT","@id":"https:\/\/alphea.it\/pt-pt\/products\/face-pt-pt\/anti-age-line-pt-pt\/creme-vitaminico-antienvelhecimento-para-rosto\/#primaryimage","url":"https:\/\/alphea.it\/wp-content\/uploads\/2015\/12\/alphea_anti_age_crema_viso_vitaminica_pelli_mature_rughe_250_ml.png","contentUrl":"https:\/\/alphea.it\/wp-content\/uploads\/2015\/12\/alphea_anti_age_crema_viso_vitaminica_pelli_mature_rughe_250_ml.png","width":600,"height":600},{"@type":"BreadcrumbList","@id":"https:\/\/alphea.it\/pt-pt\/products\/face-pt-pt\/anti-age-line-pt-pt\/creme-vitaminico-antienvelhecimento-para-rosto\/#breadcrumb","itemListElement":[{"@type":"ListItem","position":1,"name":"Home","item":"https:\/\/alphea.it\/pt-pt\/"},{"@type":"ListItem","position":2,"name":"Shop","item":"https:\/\/alphea.it\/pt-pt\/shop\/"},{"@type":"ListItem","position":3,"name":"Creme vitam\u00ednico antienvelhecimento para rosto"}]},{"@type":"WebSite","@id":"https:\/\/alphea.it\/#website","url":"https:\/\/alphea.it\/","name":"Alphea","description":"Beauty Line","potentialAction":[{"@type":"SearchAction","target":{"@type":"EntryPoint","urlTemplate":"https:\/\/alphea.it\/?s={search_term_string}"},"query-input":{"@type":"PropertyValueSpecification","valueRequired":true,"valueName":"search_term_string"}}],"inLanguage":"pt-PT"}]}},"_links":{"self":[{"href":"https:\/\/alphea.it\/pt-pt\/wp-json\/wp\/v2\/product\/1615","targetHints":{"allow":["GET"]}}],"collection":[{"href":"https:\/\/alphea.it\/pt-pt\/wp-json\/wp\/v2\/product"}],"about":[{"href":"https:\/\/alphea.it\/pt-pt\/wp-json\/wp\/v2\/types\/product"}],"replies":[{"embeddable":true,"href":"https:\/\/alphea.it\/pt-pt\/wp-json\/wp\/v2\/comments?post=1615"}],"wp:featuredmedia":[{"embeddable":true,"href":"https:\/\/alphea.it\/pt-pt\/wp-json\/wp\/v2\/media\/1193"}],"wp:attachment":[{"href":"https:\/\/alphea.it\/pt-pt\/wp-json\/wp\/v2\/media?parent=1615"}],"wp:term":[{"taxonomy":"product_brand","embeddable":true,"href":"https:\/\/alphea.it\/pt-pt\/wp-json\/wp\/v2\/product_brand?post=1615"},{"taxonomy":"product_cat","embeddable":true,"href":"https:\/\/alphea.it\/pt-pt\/wp-json\/wp\/v2\/product_cat?post=1615"},{"taxonomy":"product_tag","embeddable":true,"href":"https:\/\/alphea.it\/pt-pt\/wp-json\/wp\/v2\/product_tag?post=1615"}],"curies":[{"name":"wp","href":"https:\/\/api.w.org\/{rel}","templated":true}]}}