{"id":1612,"date":"2016-03-25T14:11:09","date_gmt":"2016-03-25T13:11:09","guid":{"rendered":"https:\/\/alphea.it\/products\/sem%20categoria\/creme-para-rosto-com-acido-hialuronico\/"},"modified":"2022-03-10T09:51:12","modified_gmt":"2022-03-10T08:51:12","slug":"creme-para-rosto-com-acido-hialuronico","status":"publish","type":"product","link":"https:\/\/alphea.it\/pt-pt\/products\/face-pt-pt\/anti-age-line-pt-pt\/creme-para-rosto-com-acido-hialuronico\/","title":{"rendered":"Creme para rosto com \u00c1cido Hialur\u00f3nico"},"content":{"rendered":"","protected":false},"excerpt":{"rendered":"<p><span style=\"font-weight: 400;\">Ritual antienvelhecimento para peles maduras:<\/span><b> o creme para rosto com \u00c1cido Hialur\u00f3nico Alphea<\/b><span style=\"font-weight: 400;\"> atua na epiderme, retardando a forma\u00e7\u00e3o de rugas e dos primeiros sinais de envelhecimento. A a\u00e7\u00e3o <\/span><b>calmante e nutritiva<\/b><span style=\"font-weight: 400;\"> \u00e9 garantida pela concentra\u00e7\u00e3o elevada em <\/span><b>\u00e1cido hialur\u00f3nico<\/b><span style=\"font-weight: 400;\">: preenchedor celular, \u00e9 um dos componentes principais dos tecidos conjuntivos. Indispens\u00e1vel para restabelecer a beleza e o esplendor da pele, que renova infiltrando doses elevadas de \u00e1gua: por este motivo, o creme para rosto Alphea desenvolve uma fun\u00e7\u00e3o <\/span><b>compactante e redensificante<\/b><span style=\"font-weight: 400;\"> essencial, conferindo <\/span><b>turgor e luminosidade \u00e0 pele<\/b><span style=\"font-weight: 400;\">, que parece assim mais jovem, fresca e sedosa.<\/span><\/p>\n<p><span style=\"font-weight: 400;\">Uso profissional<\/span><\/p>\n<p><span style=\"font-weight: 400;\">Formato de 250 ml<\/span><\/p>\n","protected":false},"featured_media":1859,"comment_status":"closed","ping_status":"closed","template":"","meta":{"_acf_changed":false},"product_brand":[],"product_cat":[60,59],"product_tag":[],"class_list":{"0":"post-1612","1":"product","2":"type-product","3":"status-publish","4":"has-post-thumbnail","6":"product_cat-anti-age-line-pt-pt","7":"product_cat-face-pt-pt","9":"first","10":"instock","11":"shipping-taxable","12":"product-type-simple"},"acf":[],"yoast_head":"<!-- This site is optimized with the Yoast SEO plugin v26.8 - https:\/\/yoast.com\/product\/yoast-seo-wordpress\/ -->\n<title>Alphea - Creme para rosto com \u00c1cido Hialur\u00f3nico<\/title>\n<meta name=\"description\" content=\"Ritual antienvelhecimento para peles maduras: o creme para rosto com \u00c1cido Hialur\u00f3nico Alphea atua na epiderme, retardando a forma\u00e7\u00e3o de rugas e dos primeiros sinais de envelhecimento.\" \/>\n<meta name=\"robots\" content=\"index, follow, max-snippet:-1, max-image-preview:large, max-video-preview:-1\" \/>\n<link rel=\"canonical\" href=\"https:\/\/alphea.it\/pt-pt\/products\/face-pt-pt\/anti-age-line-pt-pt\/creme-para-rosto-com-acido-hialuronico\/\" \/>\n<meta property=\"og:locale\" content=\"pt_PT\" \/>\n<meta property=\"og:type\" content=\"article\" \/>\n<meta property=\"og:title\" content=\"Alphea - Creme para rosto com \u00c1cido Hialur\u00f3nico\" \/>\n<meta property=\"og:description\" content=\"Ritual antienvelhecimento para peles maduras: o creme para rosto com \u00c1cido Hialur\u00f3nico Alphea atua na epiderme, retardando a forma\u00e7\u00e3o de rugas e dos primeiros sinais de envelhecimento.\" \/>\n<meta property=\"og:url\" content=\"https:\/\/alphea.it\/pt-pt\/products\/face-pt-pt\/anti-age-line-pt-pt\/creme-para-rosto-com-acido-hialuronico\/\" \/>\n<meta property=\"og:site_name\" content=\"Alphea\" \/>\n<meta property=\"article:modified_time\" content=\"2022-03-10T08:51:12+00:00\" \/>\n<meta property=\"og:image\" content=\"https:\/\/alphea.it\/wp-content\/uploads\/2025\/04\/70061_alphea_anti_age_face_cream_hyaluronic_acid_250ml.png\" \/>\n\t<meta property=\"og:image:width\" content=\"800\" \/>\n\t<meta property=\"og:image:height\" content=\"800\" \/>\n\t<meta property=\"og:image:type\" content=\"image\/png\" \/>\n<meta name=\"twitter:card\" content=\"summary_large_image\" \/>\n<script type=\"application\/ld+json\" class=\"yoast-schema-graph\">{\"@context\":\"https:\/\/schema.org\",\"@graph\":[{\"@type\":\"WebPage\",\"@id\":\"https:\/\/alphea.it\/pt-pt\/products\/face-pt-pt\/anti-age-line-pt-pt\/creme-para-rosto-com-acido-hialuronico\/\",\"url\":\"https:\/\/alphea.it\/pt-pt\/products\/face-pt-pt\/anti-age-line-pt-pt\/creme-para-rosto-com-acido-hialuronico\/\",\"name\":\"Alphea - Creme para rosto com \u00c1cido Hialur\u00f3nico\",\"isPartOf\":{\"@id\":\"https:\/\/alphea.it\/#website\"},\"primaryImageOfPage\":{\"@id\":\"https:\/\/alphea.it\/pt-pt\/products\/face-pt-pt\/anti-age-line-pt-pt\/creme-para-rosto-com-acido-hialuronico\/#primaryimage\"},\"image\":{\"@id\":\"https:\/\/alphea.it\/pt-pt\/products\/face-pt-pt\/anti-age-line-pt-pt\/creme-para-rosto-com-acido-hialuronico\/#primaryimage\"},\"thumbnailUrl\":\"https:\/\/alphea.it\/wp-content\/uploads\/2025\/04\/70061_alphea_anti_age_face_cream_hyaluronic_acid_250ml.png\",\"datePublished\":\"2016-03-25T13:11:09+00:00\",\"dateModified\":\"2022-03-10T08:51:12+00:00\",\"description\":\"Ritual antienvelhecimento para peles maduras: o creme para rosto com \u00c1cido Hialur\u00f3nico Alphea atua na epiderme, retardando a forma\u00e7\u00e3o de rugas e dos primeiros sinais de envelhecimento.\",\"breadcrumb\":{\"@id\":\"https:\/\/alphea.it\/pt-pt\/products\/face-pt-pt\/anti-age-line-pt-pt\/creme-para-rosto-com-acido-hialuronico\/#breadcrumb\"},\"inLanguage\":\"pt-PT\",\"potentialAction\":[{\"@type\":\"ReadAction\",\"target\":[\"https:\/\/alphea.it\/pt-pt\/products\/face-pt-pt\/anti-age-line-pt-pt\/creme-para-rosto-com-acido-hialuronico\/\"]}]},{\"@type\":\"ImageObject\",\"inLanguage\":\"pt-PT\",\"@id\":\"https:\/\/alphea.it\/pt-pt\/products\/face-pt-pt\/anti-age-line-pt-pt\/creme-para-rosto-com-acido-hialuronico\/#primaryimage\",\"url\":\"https:\/\/alphea.it\/wp-content\/uploads\/2025\/04\/70061_alphea_anti_age_face_cream_hyaluronic_acid_250ml.png\",\"contentUrl\":\"https:\/\/alphea.it\/wp-content\/uploads\/2025\/04\/70061_alphea_anti_age_face_cream_hyaluronic_acid_250ml.png\",\"width\":800,\"height\":800},{\"@type\":\"BreadcrumbList\",\"@id\":\"https:\/\/alphea.it\/pt-pt\/products\/face-pt-pt\/anti-age-line-pt-pt\/creme-para-rosto-com-acido-hialuronico\/#breadcrumb\",\"itemListElement\":[{\"@type\":\"ListItem\",\"position\":1,\"name\":\"Home\",\"item\":\"https:\/\/alphea.it\/pt-pt\/\"},{\"@type\":\"ListItem\",\"position\":2,\"name\":\"Shop\",\"item\":\"https:\/\/alphea.it\/pt-pt\/shop\/\"},{\"@type\":\"ListItem\",\"position\":3,\"name\":\"Creme para rosto com \u00c1cido Hialur\u00f3nico\"}]},{\"@type\":\"WebSite\",\"@id\":\"https:\/\/alphea.it\/#website\",\"url\":\"https:\/\/alphea.it\/\",\"name\":\"Alphea\",\"description\":\"Beauty Line\",\"potentialAction\":[{\"@type\":\"SearchAction\",\"target\":{\"@type\":\"EntryPoint\",\"urlTemplate\":\"https:\/\/alphea.it\/?s={search_term_string}\"},\"query-input\":{\"@type\":\"PropertyValueSpecification\",\"valueRequired\":true,\"valueName\":\"search_term_string\"}}],\"inLanguage\":\"pt-PT\"}]}<\/script>\n<!-- \/ Yoast SEO plugin. -->","yoast_head_json":{"title":"Alphea - Creme para rosto com \u00c1cido Hialur\u00f3nico","description":"Ritual antienvelhecimento para peles maduras: o creme para rosto com \u00c1cido Hialur\u00f3nico Alphea atua na epiderme, retardando a forma\u00e7\u00e3o de rugas e dos primeiros sinais de envelhecimento.","robots":{"index":"index","follow":"follow","max-snippet":"max-snippet:-1","max-image-preview":"max-image-preview:large","max-video-preview":"max-video-preview:-1"},"canonical":"https:\/\/alphea.it\/pt-pt\/products\/face-pt-pt\/anti-age-line-pt-pt\/creme-para-rosto-com-acido-hialuronico\/","og_locale":"pt_PT","og_type":"article","og_title":"Alphea - Creme para rosto com \u00c1cido Hialur\u00f3nico","og_description":"Ritual antienvelhecimento para peles maduras: o creme para rosto com \u00c1cido Hialur\u00f3nico Alphea atua na epiderme, retardando a forma\u00e7\u00e3o de rugas e dos primeiros sinais de envelhecimento.","og_url":"https:\/\/alphea.it\/pt-pt\/products\/face-pt-pt\/anti-age-line-pt-pt\/creme-para-rosto-com-acido-hialuronico\/","og_site_name":"Alphea","article_modified_time":"2022-03-10T08:51:12+00:00","og_image":[{"width":800,"height":800,"url":"https:\/\/alphea.it\/wp-content\/uploads\/2025\/04\/70061_alphea_anti_age_face_cream_hyaluronic_acid_250ml.png","type":"image\/png"}],"twitter_card":"summary_large_image","schema":{"@context":"https:\/\/schema.org","@graph":[{"@type":"WebPage","@id":"https:\/\/alphea.it\/pt-pt\/products\/face-pt-pt\/anti-age-line-pt-pt\/creme-para-rosto-com-acido-hialuronico\/","url":"https:\/\/alphea.it\/pt-pt\/products\/face-pt-pt\/anti-age-line-pt-pt\/creme-para-rosto-com-acido-hialuronico\/","name":"Alphea - Creme para rosto com \u00c1cido Hialur\u00f3nico","isPartOf":{"@id":"https:\/\/alphea.it\/#website"},"primaryImageOfPage":{"@id":"https:\/\/alphea.it\/pt-pt\/products\/face-pt-pt\/anti-age-line-pt-pt\/creme-para-rosto-com-acido-hialuronico\/#primaryimage"},"image":{"@id":"https:\/\/alphea.it\/pt-pt\/products\/face-pt-pt\/anti-age-line-pt-pt\/creme-para-rosto-com-acido-hialuronico\/#primaryimage"},"thumbnailUrl":"https:\/\/alphea.it\/wp-content\/uploads\/2025\/04\/70061_alphea_anti_age_face_cream_hyaluronic_acid_250ml.png","datePublished":"2016-03-25T13:11:09+00:00","dateModified":"2022-03-10T08:51:12+00:00","description":"Ritual antienvelhecimento para peles maduras: o creme para rosto com \u00c1cido Hialur\u00f3nico Alphea atua na epiderme, retardando a forma\u00e7\u00e3o de rugas e dos primeiros sinais de envelhecimento.","breadcrumb":{"@id":"https:\/\/alphea.it\/pt-pt\/products\/face-pt-pt\/anti-age-line-pt-pt\/creme-para-rosto-com-acido-hialuronico\/#breadcrumb"},"inLanguage":"pt-PT","potentialAction":[{"@type":"ReadAction","target":["https:\/\/alphea.it\/pt-pt\/products\/face-pt-pt\/anti-age-line-pt-pt\/creme-para-rosto-com-acido-hialuronico\/"]}]},{"@type":"ImageObject","inLanguage":"pt-PT","@id":"https:\/\/alphea.it\/pt-pt\/products\/face-pt-pt\/anti-age-line-pt-pt\/creme-para-rosto-com-acido-hialuronico\/#primaryimage","url":"https:\/\/alphea.it\/wp-content\/uploads\/2025\/04\/70061_alphea_anti_age_face_cream_hyaluronic_acid_250ml.png","contentUrl":"https:\/\/alphea.it\/wp-content\/uploads\/2025\/04\/70061_alphea_anti_age_face_cream_hyaluronic_acid_250ml.png","width":800,"height":800},{"@type":"BreadcrumbList","@id":"https:\/\/alphea.it\/pt-pt\/products\/face-pt-pt\/anti-age-line-pt-pt\/creme-para-rosto-com-acido-hialuronico\/#breadcrumb","itemListElement":[{"@type":"ListItem","position":1,"name":"Home","item":"https:\/\/alphea.it\/pt-pt\/"},{"@type":"ListItem","position":2,"name":"Shop","item":"https:\/\/alphea.it\/pt-pt\/shop\/"},{"@type":"ListItem","position":3,"name":"Creme para rosto com \u00c1cido Hialur\u00f3nico"}]},{"@type":"WebSite","@id":"https:\/\/alphea.it\/#website","url":"https:\/\/alphea.it\/","name":"Alphea","description":"Beauty Line","potentialAction":[{"@type":"SearchAction","target":{"@type":"EntryPoint","urlTemplate":"https:\/\/alphea.it\/?s={search_term_string}"},"query-input":{"@type":"PropertyValueSpecification","valueRequired":true,"valueName":"search_term_string"}}],"inLanguage":"pt-PT"}]}},"_links":{"self":[{"href":"https:\/\/alphea.it\/pt-pt\/wp-json\/wp\/v2\/product\/1612","targetHints":{"allow":["GET"]}}],"collection":[{"href":"https:\/\/alphea.it\/pt-pt\/wp-json\/wp\/v2\/product"}],"about":[{"href":"https:\/\/alphea.it\/pt-pt\/wp-json\/wp\/v2\/types\/product"}],"replies":[{"embeddable":true,"href":"https:\/\/alphea.it\/pt-pt\/wp-json\/wp\/v2\/comments?post=1612"}],"wp:featuredmedia":[{"embeddable":true,"href":"https:\/\/alphea.it\/pt-pt\/wp-json\/wp\/v2\/media\/1859"}],"wp:attachment":[{"href":"https:\/\/alphea.it\/pt-pt\/wp-json\/wp\/v2\/media?parent=1612"}],"wp:term":[{"taxonomy":"product_brand","embeddable":true,"href":"https:\/\/alphea.it\/pt-pt\/wp-json\/wp\/v2\/product_brand?post=1612"},{"taxonomy":"product_cat","embeddable":true,"href":"https:\/\/alphea.it\/pt-pt\/wp-json\/wp\/v2\/product_cat?post=1612"},{"taxonomy":"product_tag","embeddable":true,"href":"https:\/\/alphea.it\/pt-pt\/wp-json\/wp\/v2\/product_tag?post=1612"}],"curies":[{"name":"wp","href":"https:\/\/api.w.org\/{rel}","templated":true}]}}