{"id":1609,"date":"2020-07-27T10:15:28","date_gmt":"2020-07-27T08:15:28","guid":{"rendered":"https:\/\/alphea.it\/products\/sem%20categoria\/creme-para-rosto-com-acido-mandelico\/"},"modified":"2022-03-10T09:43:20","modified_gmt":"2022-03-10T08:43:20","slug":"creme-para-rosto-com-acido-mandelico","status":"publish","type":"product","link":"https:\/\/alphea.it\/pt-pt\/products\/face-pt-pt\/anti-age-line-pt-pt\/creme-para-rosto-com-acido-mandelico\/","title":{"rendered":"Creme para rosto com \u00c1cido Mand\u00e9lico"},"content":{"rendered":"","protected":false},"excerpt":{"rendered":"<p><span style=\"font-weight: 400;\"><strong>Creme para rosto com <\/strong><\/span><strong>\u00c1cido Mand\u00e9lico<\/strong><span style=\"font-weight: 400;\">\u00a0para <strong>peles apagadas e cansadas.<\/strong><\/span><\/p>\n<p><span style=\"font-weight: 400;\">Favorece a renova\u00e7\u00e3o celular cut\u00e2nea e <strong>reduz os sinais do tempo<\/strong> gra\u00e7as \u00e0 a\u00e7\u00e3o suavizante do \u00e1cido mand\u00e9lico, cuja propriedade esfoliante ajuda a atenuar as <strong>descolora\u00e7\u00f5es e as pequenas manchas cut\u00e2neas.<\/strong> Contribui a redefinir o rosto e proporciona uma <strong>luminosidade intensa<\/strong> \u00e0 pele cansada e apagada.<\/span><\/p>\n<p><span style=\"font-weight: 400;\">Uso profissional<\/span><\/p>\n<p><span style=\"font-weight: 400;\">Formato de 250 ml<\/span><\/p>\n","protected":false},"featured_media":1263,"comment_status":"closed","ping_status":"closed","template":"","meta":{"_acf_changed":false},"product_brand":[],"product_cat":[60,59],"product_tag":[],"class_list":{"0":"post-1609","1":"product","2":"type-product","3":"status-publish","4":"has-post-thumbnail","6":"product_cat-anti-age-line-pt-pt","7":"product_cat-face-pt-pt","9":"first","10":"instock","11":"shipping-taxable","12":"product-type-simple"},"acf":[],"yoast_head":"<!-- This site is optimized with the Yoast SEO plugin v26.8 - https:\/\/yoast.com\/product\/yoast-seo-wordpress\/ -->\n<title>Alphea - Creme para rosto com \u00c1cido Mand\u00e9lico<\/title>\n<meta name=\"description\" content=\"Creme para rosto com \u00c1cido Mand\u00e9lico\u00a0para peles apagadas e cansadas, reduz os sinais do tempo gra\u00e7as \u00e0 a\u00e7\u00e3o suavizante do \u00e1cido mand\u00e9lico.\" \/>\n<meta name=\"robots\" content=\"index, follow, max-snippet:-1, max-image-preview:large, max-video-preview:-1\" \/>\n<link rel=\"canonical\" href=\"https:\/\/alphea.it\/pt-pt\/products\/face-pt-pt\/anti-age-line-pt-pt\/creme-para-rosto-com-acido-mandelico\/\" \/>\n<meta property=\"og:locale\" content=\"pt_PT\" \/>\n<meta property=\"og:type\" content=\"article\" \/>\n<meta property=\"og:title\" content=\"Alphea - Creme para rosto com \u00c1cido Mand\u00e9lico\" \/>\n<meta property=\"og:description\" content=\"Creme para rosto com \u00c1cido Mand\u00e9lico\u00a0para peles apagadas e cansadas, reduz os sinais do tempo gra\u00e7as \u00e0 a\u00e7\u00e3o suavizante do \u00e1cido mand\u00e9lico.\" \/>\n<meta property=\"og:url\" content=\"https:\/\/alphea.it\/pt-pt\/products\/face-pt-pt\/anti-age-line-pt-pt\/creme-para-rosto-com-acido-mandelico\/\" \/>\n<meta property=\"og:site_name\" content=\"Alphea\" \/>\n<meta property=\"article:modified_time\" content=\"2022-03-10T08:43:20+00:00\" \/>\n<meta property=\"og:image\" content=\"https:\/\/alphea.it\/wp-content\/uploads\/2020\/07\/70069_alphea_anti_age_face_cream_mandelic_acid_250ml.png\" \/>\n\t<meta property=\"og:image:width\" content=\"600\" \/>\n\t<meta property=\"og:image:height\" content=\"600\" \/>\n\t<meta property=\"og:image:type\" content=\"image\/png\" \/>\n<meta name=\"twitter:card\" content=\"summary_large_image\" \/>\n<script type=\"application\/ld+json\" class=\"yoast-schema-graph\">{\"@context\":\"https:\/\/schema.org\",\"@graph\":[{\"@type\":\"WebPage\",\"@id\":\"https:\/\/alphea.it\/pt-pt\/products\/face-pt-pt\/anti-age-line-pt-pt\/creme-para-rosto-com-acido-mandelico\/\",\"url\":\"https:\/\/alphea.it\/pt-pt\/products\/face-pt-pt\/anti-age-line-pt-pt\/creme-para-rosto-com-acido-mandelico\/\",\"name\":\"Alphea - Creme para rosto com \u00c1cido Mand\u00e9lico\",\"isPartOf\":{\"@id\":\"https:\/\/alphea.it\/#website\"},\"primaryImageOfPage\":{\"@id\":\"https:\/\/alphea.it\/pt-pt\/products\/face-pt-pt\/anti-age-line-pt-pt\/creme-para-rosto-com-acido-mandelico\/#primaryimage\"},\"image\":{\"@id\":\"https:\/\/alphea.it\/pt-pt\/products\/face-pt-pt\/anti-age-line-pt-pt\/creme-para-rosto-com-acido-mandelico\/#primaryimage\"},\"thumbnailUrl\":\"https:\/\/alphea.it\/wp-content\/uploads\/2020\/07\/70069_alphea_anti_age_face_cream_mandelic_acid_250ml.png\",\"datePublished\":\"2020-07-27T08:15:28+00:00\",\"dateModified\":\"2022-03-10T08:43:20+00:00\",\"description\":\"Creme para rosto com \u00c1cido Mand\u00e9lico\u00a0para peles apagadas e cansadas, reduz os sinais do tempo gra\u00e7as \u00e0 a\u00e7\u00e3o suavizante do \u00e1cido mand\u00e9lico.\",\"breadcrumb\":{\"@id\":\"https:\/\/alphea.it\/pt-pt\/products\/face-pt-pt\/anti-age-line-pt-pt\/creme-para-rosto-com-acido-mandelico\/#breadcrumb\"},\"inLanguage\":\"pt-PT\",\"potentialAction\":[{\"@type\":\"ReadAction\",\"target\":[\"https:\/\/alphea.it\/pt-pt\/products\/face-pt-pt\/anti-age-line-pt-pt\/creme-para-rosto-com-acido-mandelico\/\"]}]},{\"@type\":\"ImageObject\",\"inLanguage\":\"pt-PT\",\"@id\":\"https:\/\/alphea.it\/pt-pt\/products\/face-pt-pt\/anti-age-line-pt-pt\/creme-para-rosto-com-acido-mandelico\/#primaryimage\",\"url\":\"https:\/\/alphea.it\/wp-content\/uploads\/2020\/07\/70069_alphea_anti_age_face_cream_mandelic_acid_250ml.png\",\"contentUrl\":\"https:\/\/alphea.it\/wp-content\/uploads\/2020\/07\/70069_alphea_anti_age_face_cream_mandelic_acid_250ml.png\",\"width\":600,\"height\":600},{\"@type\":\"BreadcrumbList\",\"@id\":\"https:\/\/alphea.it\/pt-pt\/products\/face-pt-pt\/anti-age-line-pt-pt\/creme-para-rosto-com-acido-mandelico\/#breadcrumb\",\"itemListElement\":[{\"@type\":\"ListItem\",\"position\":1,\"name\":\"Home\",\"item\":\"https:\/\/alphea.it\/pt-pt\/\"},{\"@type\":\"ListItem\",\"position\":2,\"name\":\"Shop\",\"item\":\"https:\/\/alphea.it\/pt-pt\/shop\/\"},{\"@type\":\"ListItem\",\"position\":3,\"name\":\"Creme para rosto com \u00c1cido Mand\u00e9lico\"}]},{\"@type\":\"WebSite\",\"@id\":\"https:\/\/alphea.it\/#website\",\"url\":\"https:\/\/alphea.it\/\",\"name\":\"Alphea\",\"description\":\"Beauty Line\",\"potentialAction\":[{\"@type\":\"SearchAction\",\"target\":{\"@type\":\"EntryPoint\",\"urlTemplate\":\"https:\/\/alphea.it\/?s={search_term_string}\"},\"query-input\":{\"@type\":\"PropertyValueSpecification\",\"valueRequired\":true,\"valueName\":\"search_term_string\"}}],\"inLanguage\":\"pt-PT\"}]}<\/script>\n<!-- \/ Yoast SEO plugin. -->","yoast_head_json":{"title":"Alphea - Creme para rosto com \u00c1cido Mand\u00e9lico","description":"Creme para rosto com \u00c1cido Mand\u00e9lico\u00a0para peles apagadas e cansadas, reduz os sinais do tempo gra\u00e7as \u00e0 a\u00e7\u00e3o suavizante do \u00e1cido mand\u00e9lico.","robots":{"index":"index","follow":"follow","max-snippet":"max-snippet:-1","max-image-preview":"max-image-preview:large","max-video-preview":"max-video-preview:-1"},"canonical":"https:\/\/alphea.it\/pt-pt\/products\/face-pt-pt\/anti-age-line-pt-pt\/creme-para-rosto-com-acido-mandelico\/","og_locale":"pt_PT","og_type":"article","og_title":"Alphea - Creme para rosto com \u00c1cido Mand\u00e9lico","og_description":"Creme para rosto com \u00c1cido Mand\u00e9lico\u00a0para peles apagadas e cansadas, reduz os sinais do tempo gra\u00e7as \u00e0 a\u00e7\u00e3o suavizante do \u00e1cido mand\u00e9lico.","og_url":"https:\/\/alphea.it\/pt-pt\/products\/face-pt-pt\/anti-age-line-pt-pt\/creme-para-rosto-com-acido-mandelico\/","og_site_name":"Alphea","article_modified_time":"2022-03-10T08:43:20+00:00","og_image":[{"width":600,"height":600,"url":"https:\/\/alphea.it\/wp-content\/uploads\/2020\/07\/70069_alphea_anti_age_face_cream_mandelic_acid_250ml.png","type":"image\/png"}],"twitter_card":"summary_large_image","schema":{"@context":"https:\/\/schema.org","@graph":[{"@type":"WebPage","@id":"https:\/\/alphea.it\/pt-pt\/products\/face-pt-pt\/anti-age-line-pt-pt\/creme-para-rosto-com-acido-mandelico\/","url":"https:\/\/alphea.it\/pt-pt\/products\/face-pt-pt\/anti-age-line-pt-pt\/creme-para-rosto-com-acido-mandelico\/","name":"Alphea - Creme para rosto com \u00c1cido Mand\u00e9lico","isPartOf":{"@id":"https:\/\/alphea.it\/#website"},"primaryImageOfPage":{"@id":"https:\/\/alphea.it\/pt-pt\/products\/face-pt-pt\/anti-age-line-pt-pt\/creme-para-rosto-com-acido-mandelico\/#primaryimage"},"image":{"@id":"https:\/\/alphea.it\/pt-pt\/products\/face-pt-pt\/anti-age-line-pt-pt\/creme-para-rosto-com-acido-mandelico\/#primaryimage"},"thumbnailUrl":"https:\/\/alphea.it\/wp-content\/uploads\/2020\/07\/70069_alphea_anti_age_face_cream_mandelic_acid_250ml.png","datePublished":"2020-07-27T08:15:28+00:00","dateModified":"2022-03-10T08:43:20+00:00","description":"Creme para rosto com \u00c1cido Mand\u00e9lico\u00a0para peles apagadas e cansadas, reduz os sinais do tempo gra\u00e7as \u00e0 a\u00e7\u00e3o suavizante do \u00e1cido mand\u00e9lico.","breadcrumb":{"@id":"https:\/\/alphea.it\/pt-pt\/products\/face-pt-pt\/anti-age-line-pt-pt\/creme-para-rosto-com-acido-mandelico\/#breadcrumb"},"inLanguage":"pt-PT","potentialAction":[{"@type":"ReadAction","target":["https:\/\/alphea.it\/pt-pt\/products\/face-pt-pt\/anti-age-line-pt-pt\/creme-para-rosto-com-acido-mandelico\/"]}]},{"@type":"ImageObject","inLanguage":"pt-PT","@id":"https:\/\/alphea.it\/pt-pt\/products\/face-pt-pt\/anti-age-line-pt-pt\/creme-para-rosto-com-acido-mandelico\/#primaryimage","url":"https:\/\/alphea.it\/wp-content\/uploads\/2020\/07\/70069_alphea_anti_age_face_cream_mandelic_acid_250ml.png","contentUrl":"https:\/\/alphea.it\/wp-content\/uploads\/2020\/07\/70069_alphea_anti_age_face_cream_mandelic_acid_250ml.png","width":600,"height":600},{"@type":"BreadcrumbList","@id":"https:\/\/alphea.it\/pt-pt\/products\/face-pt-pt\/anti-age-line-pt-pt\/creme-para-rosto-com-acido-mandelico\/#breadcrumb","itemListElement":[{"@type":"ListItem","position":1,"name":"Home","item":"https:\/\/alphea.it\/pt-pt\/"},{"@type":"ListItem","position":2,"name":"Shop","item":"https:\/\/alphea.it\/pt-pt\/shop\/"},{"@type":"ListItem","position":3,"name":"Creme para rosto com \u00c1cido Mand\u00e9lico"}]},{"@type":"WebSite","@id":"https:\/\/alphea.it\/#website","url":"https:\/\/alphea.it\/","name":"Alphea","description":"Beauty Line","potentialAction":[{"@type":"SearchAction","target":{"@type":"EntryPoint","urlTemplate":"https:\/\/alphea.it\/?s={search_term_string}"},"query-input":{"@type":"PropertyValueSpecification","valueRequired":true,"valueName":"search_term_string"}}],"inLanguage":"pt-PT"}]}},"_links":{"self":[{"href":"https:\/\/alphea.it\/pt-pt\/wp-json\/wp\/v2\/product\/1609","targetHints":{"allow":["GET"]}}],"collection":[{"href":"https:\/\/alphea.it\/pt-pt\/wp-json\/wp\/v2\/product"}],"about":[{"href":"https:\/\/alphea.it\/pt-pt\/wp-json\/wp\/v2\/types\/product"}],"replies":[{"embeddable":true,"href":"https:\/\/alphea.it\/pt-pt\/wp-json\/wp\/v2\/comments?post=1609"}],"wp:featuredmedia":[{"embeddable":true,"href":"https:\/\/alphea.it\/pt-pt\/wp-json\/wp\/v2\/media\/1263"}],"wp:attachment":[{"href":"https:\/\/alphea.it\/pt-pt\/wp-json\/wp\/v2\/media?parent=1609"}],"wp:term":[{"taxonomy":"product_brand","embeddable":true,"href":"https:\/\/alphea.it\/pt-pt\/wp-json\/wp\/v2\/product_brand?post=1609"},{"taxonomy":"product_cat","embeddable":true,"href":"https:\/\/alphea.it\/pt-pt\/wp-json\/wp\/v2\/product_cat?post=1609"},{"taxonomy":"product_tag","embeddable":true,"href":"https:\/\/alphea.it\/pt-pt\/wp-json\/wp\/v2\/product_tag?post=1609"}],"curies":[{"name":"wp","href":"https:\/\/api.w.org\/{rel}","templated":true}]}}