{"id":1608,"date":"2020-07-27T10:22:43","date_gmt":"2020-07-27T08:22:43","guid":{"rendered":"https:\/\/alphea.it\/products\/sem%20categoria\/acido-mandelico-concentrado-em-gel\/"},"modified":"2022-03-10T09:36:46","modified_gmt":"2022-03-10T08:36:46","slug":"acido-mandelico-concentrado-em-gel","status":"publish","type":"product","link":"https:\/\/alphea.it\/pt-pt\/products\/face-pt-pt\/anti-age-line-pt-pt\/acido-mandelico-concentrado-em-gel\/","title":{"rendered":"\u00c1cido Mand\u00e9lico concentrado em gel"},"content":{"rendered":"","protected":false},"excerpt":{"rendered":"<p><b>\u00c1cido mand\u00e9lico concentrado em gel<\/b><span style=\"font-weight: 400;\"> para <\/span><b>peles apagadas e cansadas.<\/b><\/p>\n<p><span style=\"font-weight: 400;\">Ajuda a esfoliar as camadas superficiais da pele, com uma a\u00e7\u00e3o intensa mas delicada. A textura em gel favorece a <\/span><b>absor\u00e7\u00e3o r\u00e1pida<\/b><span style=\"font-weight: 400;\"> dos princ\u00edpios ativos, purificando, iluminando e deixando o rosto mais definido. O \u00e1cido mand\u00e9lico concentrado em gel contribui para a <\/span><b>renova\u00e7\u00e3o celular do rosto e do pesco\u00e7o<\/b><span style=\"font-weight: 400;\">.<\/span><\/p>\n<p><span style=\"font-weight: 400;\">Uso profissional<\/span><\/p>\n<p><span style=\"font-weight: 400;\">Formato de 30 ml<\/span><\/p>\n","protected":false},"featured_media":1271,"comment_status":"closed","ping_status":"closed","template":"","meta":{"_acf_changed":false},"product_brand":[],"product_cat":[60,59],"product_tag":[],"class_list":{"0":"post-1608","1":"product","2":"type-product","3":"status-publish","4":"has-post-thumbnail","6":"product_cat-anti-age-line-pt-pt","7":"product_cat-face-pt-pt","9":"first","10":"instock","11":"shipping-taxable","12":"product-type-simple"},"acf":[],"yoast_head":"<!-- This site is optimized with the Yoast SEO plugin v26.8 - https:\/\/yoast.com\/product\/yoast-seo-wordpress\/ -->\n<title>\u00c1cido Mand\u00e9lico concentrado em gel<\/title>\n<meta name=\"description\" content=\"\u00c1cido mand\u00e9lico concentrado em gel para peles apagadas e cansadas. Ajuda a esfoliar as camadas superficiais da pele, com uma a\u00e7\u00e3o intensa mas delicada.\" \/>\n<meta name=\"robots\" content=\"index, follow, max-snippet:-1, max-image-preview:large, max-video-preview:-1\" \/>\n<link rel=\"canonical\" href=\"https:\/\/alphea.it\/pt-pt\/products\/face-pt-pt\/anti-age-line-pt-pt\/acido-mandelico-concentrado-em-gel\/\" \/>\n<meta property=\"og:locale\" content=\"pt_PT\" \/>\n<meta property=\"og:type\" content=\"article\" \/>\n<meta property=\"og:title\" content=\"\u00c1cido Mand\u00e9lico concentrado em gel\" \/>\n<meta property=\"og:description\" content=\"\u00c1cido mand\u00e9lico concentrado em gel para peles apagadas e cansadas. Ajuda a esfoliar as camadas superficiais da pele, com uma a\u00e7\u00e3o intensa mas delicada.\" \/>\n<meta property=\"og:url\" content=\"https:\/\/alphea.it\/pt-pt\/products\/face-pt-pt\/anti-age-line-pt-pt\/acido-mandelico-concentrado-em-gel\/\" \/>\n<meta property=\"og:site_name\" content=\"Alphea\" \/>\n<meta property=\"article:modified_time\" content=\"2022-03-10T08:36:46+00:00\" \/>\n<meta property=\"og:image\" content=\"https:\/\/alphea.it\/wp-content\/uploads\/2020\/07\/70071_alphea_anti_age_gel_concentrate_with_mandelic_acid_30ml.png\" \/>\n\t<meta property=\"og:image:width\" content=\"600\" \/>\n\t<meta property=\"og:image:height\" content=\"600\" \/>\n\t<meta property=\"og:image:type\" content=\"image\/png\" \/>\n<meta name=\"twitter:card\" content=\"summary_large_image\" \/>\n<script type=\"application\/ld+json\" class=\"yoast-schema-graph\">{\"@context\":\"https:\/\/schema.org\",\"@graph\":[{\"@type\":\"WebPage\",\"@id\":\"https:\/\/alphea.it\/pt-pt\/products\/face-pt-pt\/anti-age-line-pt-pt\/acido-mandelico-concentrado-em-gel\/\",\"url\":\"https:\/\/alphea.it\/pt-pt\/products\/face-pt-pt\/anti-age-line-pt-pt\/acido-mandelico-concentrado-em-gel\/\",\"name\":\"\u00c1cido Mand\u00e9lico concentrado em gel\",\"isPartOf\":{\"@id\":\"https:\/\/alphea.it\/#website\"},\"primaryImageOfPage\":{\"@id\":\"https:\/\/alphea.it\/pt-pt\/products\/face-pt-pt\/anti-age-line-pt-pt\/acido-mandelico-concentrado-em-gel\/#primaryimage\"},\"image\":{\"@id\":\"https:\/\/alphea.it\/pt-pt\/products\/face-pt-pt\/anti-age-line-pt-pt\/acido-mandelico-concentrado-em-gel\/#primaryimage\"},\"thumbnailUrl\":\"https:\/\/alphea.it\/wp-content\/uploads\/2020\/07\/70071_alphea_anti_age_gel_concentrate_with_mandelic_acid_30ml.png\",\"datePublished\":\"2020-07-27T08:22:43+00:00\",\"dateModified\":\"2022-03-10T08:36:46+00:00\",\"description\":\"\u00c1cido mand\u00e9lico concentrado em gel para peles apagadas e cansadas. Ajuda a esfoliar as camadas superficiais da pele, com uma a\u00e7\u00e3o intensa mas delicada.\",\"breadcrumb\":{\"@id\":\"https:\/\/alphea.it\/pt-pt\/products\/face-pt-pt\/anti-age-line-pt-pt\/acido-mandelico-concentrado-em-gel\/#breadcrumb\"},\"inLanguage\":\"pt-PT\",\"potentialAction\":[{\"@type\":\"ReadAction\",\"target\":[\"https:\/\/alphea.it\/pt-pt\/products\/face-pt-pt\/anti-age-line-pt-pt\/acido-mandelico-concentrado-em-gel\/\"]}]},{\"@type\":\"ImageObject\",\"inLanguage\":\"pt-PT\",\"@id\":\"https:\/\/alphea.it\/pt-pt\/products\/face-pt-pt\/anti-age-line-pt-pt\/acido-mandelico-concentrado-em-gel\/#primaryimage\",\"url\":\"https:\/\/alphea.it\/wp-content\/uploads\/2020\/07\/70071_alphea_anti_age_gel_concentrate_with_mandelic_acid_30ml.png\",\"contentUrl\":\"https:\/\/alphea.it\/wp-content\/uploads\/2020\/07\/70071_alphea_anti_age_gel_concentrate_with_mandelic_acid_30ml.png\",\"width\":600,\"height\":600},{\"@type\":\"BreadcrumbList\",\"@id\":\"https:\/\/alphea.it\/pt-pt\/products\/face-pt-pt\/anti-age-line-pt-pt\/acido-mandelico-concentrado-em-gel\/#breadcrumb\",\"itemListElement\":[{\"@type\":\"ListItem\",\"position\":1,\"name\":\"Home\",\"item\":\"https:\/\/alphea.it\/pt-pt\/\"},{\"@type\":\"ListItem\",\"position\":2,\"name\":\"Shop\",\"item\":\"https:\/\/alphea.it\/pt-pt\/shop\/\"},{\"@type\":\"ListItem\",\"position\":3,\"name\":\"\u00c1cido Mand\u00e9lico concentrado em gel\"}]},{\"@type\":\"WebSite\",\"@id\":\"https:\/\/alphea.it\/#website\",\"url\":\"https:\/\/alphea.it\/\",\"name\":\"Alphea\",\"description\":\"Beauty Line\",\"potentialAction\":[{\"@type\":\"SearchAction\",\"target\":{\"@type\":\"EntryPoint\",\"urlTemplate\":\"https:\/\/alphea.it\/?s={search_term_string}\"},\"query-input\":{\"@type\":\"PropertyValueSpecification\",\"valueRequired\":true,\"valueName\":\"search_term_string\"}}],\"inLanguage\":\"pt-PT\"}]}<\/script>\n<!-- \/ Yoast SEO plugin. -->","yoast_head_json":{"title":"\u00c1cido Mand\u00e9lico concentrado em gel","description":"\u00c1cido mand\u00e9lico concentrado em gel para peles apagadas e cansadas. Ajuda a esfoliar as camadas superficiais da pele, com uma a\u00e7\u00e3o intensa mas delicada.","robots":{"index":"index","follow":"follow","max-snippet":"max-snippet:-1","max-image-preview":"max-image-preview:large","max-video-preview":"max-video-preview:-1"},"canonical":"https:\/\/alphea.it\/pt-pt\/products\/face-pt-pt\/anti-age-line-pt-pt\/acido-mandelico-concentrado-em-gel\/","og_locale":"pt_PT","og_type":"article","og_title":"\u00c1cido Mand\u00e9lico concentrado em gel","og_description":"\u00c1cido mand\u00e9lico concentrado em gel para peles apagadas e cansadas. Ajuda a esfoliar as camadas superficiais da pele, com uma a\u00e7\u00e3o intensa mas delicada.","og_url":"https:\/\/alphea.it\/pt-pt\/products\/face-pt-pt\/anti-age-line-pt-pt\/acido-mandelico-concentrado-em-gel\/","og_site_name":"Alphea","article_modified_time":"2022-03-10T08:36:46+00:00","og_image":[{"width":600,"height":600,"url":"https:\/\/alphea.it\/wp-content\/uploads\/2020\/07\/70071_alphea_anti_age_gel_concentrate_with_mandelic_acid_30ml.png","type":"image\/png"}],"twitter_card":"summary_large_image","schema":{"@context":"https:\/\/schema.org","@graph":[{"@type":"WebPage","@id":"https:\/\/alphea.it\/pt-pt\/products\/face-pt-pt\/anti-age-line-pt-pt\/acido-mandelico-concentrado-em-gel\/","url":"https:\/\/alphea.it\/pt-pt\/products\/face-pt-pt\/anti-age-line-pt-pt\/acido-mandelico-concentrado-em-gel\/","name":"\u00c1cido Mand\u00e9lico concentrado em gel","isPartOf":{"@id":"https:\/\/alphea.it\/#website"},"primaryImageOfPage":{"@id":"https:\/\/alphea.it\/pt-pt\/products\/face-pt-pt\/anti-age-line-pt-pt\/acido-mandelico-concentrado-em-gel\/#primaryimage"},"image":{"@id":"https:\/\/alphea.it\/pt-pt\/products\/face-pt-pt\/anti-age-line-pt-pt\/acido-mandelico-concentrado-em-gel\/#primaryimage"},"thumbnailUrl":"https:\/\/alphea.it\/wp-content\/uploads\/2020\/07\/70071_alphea_anti_age_gel_concentrate_with_mandelic_acid_30ml.png","datePublished":"2020-07-27T08:22:43+00:00","dateModified":"2022-03-10T08:36:46+00:00","description":"\u00c1cido mand\u00e9lico concentrado em gel para peles apagadas e cansadas. Ajuda a esfoliar as camadas superficiais da pele, com uma a\u00e7\u00e3o intensa mas delicada.","breadcrumb":{"@id":"https:\/\/alphea.it\/pt-pt\/products\/face-pt-pt\/anti-age-line-pt-pt\/acido-mandelico-concentrado-em-gel\/#breadcrumb"},"inLanguage":"pt-PT","potentialAction":[{"@type":"ReadAction","target":["https:\/\/alphea.it\/pt-pt\/products\/face-pt-pt\/anti-age-line-pt-pt\/acido-mandelico-concentrado-em-gel\/"]}]},{"@type":"ImageObject","inLanguage":"pt-PT","@id":"https:\/\/alphea.it\/pt-pt\/products\/face-pt-pt\/anti-age-line-pt-pt\/acido-mandelico-concentrado-em-gel\/#primaryimage","url":"https:\/\/alphea.it\/wp-content\/uploads\/2020\/07\/70071_alphea_anti_age_gel_concentrate_with_mandelic_acid_30ml.png","contentUrl":"https:\/\/alphea.it\/wp-content\/uploads\/2020\/07\/70071_alphea_anti_age_gel_concentrate_with_mandelic_acid_30ml.png","width":600,"height":600},{"@type":"BreadcrumbList","@id":"https:\/\/alphea.it\/pt-pt\/products\/face-pt-pt\/anti-age-line-pt-pt\/acido-mandelico-concentrado-em-gel\/#breadcrumb","itemListElement":[{"@type":"ListItem","position":1,"name":"Home","item":"https:\/\/alphea.it\/pt-pt\/"},{"@type":"ListItem","position":2,"name":"Shop","item":"https:\/\/alphea.it\/pt-pt\/shop\/"},{"@type":"ListItem","position":3,"name":"\u00c1cido Mand\u00e9lico concentrado em gel"}]},{"@type":"WebSite","@id":"https:\/\/alphea.it\/#website","url":"https:\/\/alphea.it\/","name":"Alphea","description":"Beauty Line","potentialAction":[{"@type":"SearchAction","target":{"@type":"EntryPoint","urlTemplate":"https:\/\/alphea.it\/?s={search_term_string}"},"query-input":{"@type":"PropertyValueSpecification","valueRequired":true,"valueName":"search_term_string"}}],"inLanguage":"pt-PT"}]}},"_links":{"self":[{"href":"https:\/\/alphea.it\/pt-pt\/wp-json\/wp\/v2\/product\/1608","targetHints":{"allow":["GET"]}}],"collection":[{"href":"https:\/\/alphea.it\/pt-pt\/wp-json\/wp\/v2\/product"}],"about":[{"href":"https:\/\/alphea.it\/pt-pt\/wp-json\/wp\/v2\/types\/product"}],"replies":[{"embeddable":true,"href":"https:\/\/alphea.it\/pt-pt\/wp-json\/wp\/v2\/comments?post=1608"}],"wp:featuredmedia":[{"embeddable":true,"href":"https:\/\/alphea.it\/pt-pt\/wp-json\/wp\/v2\/media\/1271"}],"wp:attachment":[{"href":"https:\/\/alphea.it\/pt-pt\/wp-json\/wp\/v2\/media?parent=1608"}],"wp:term":[{"taxonomy":"product_brand","embeddable":true,"href":"https:\/\/alphea.it\/pt-pt\/wp-json\/wp\/v2\/product_brand?post=1608"},{"taxonomy":"product_cat","embeddable":true,"href":"https:\/\/alphea.it\/pt-pt\/wp-json\/wp\/v2\/product_cat?post=1608"},{"taxonomy":"product_tag","embeddable":true,"href":"https:\/\/alphea.it\/pt-pt\/wp-json\/wp\/v2\/product_tag?post=1608"}],"curies":[{"name":"wp","href":"https:\/\/api.w.org\/{rel}","templated":true}]}}