{"id":1577,"date":"2015-12-15T17:44:50","date_gmt":"2015-12-15T16:44:50","guid":{"rendered":"https:\/\/alphea.it\/products\/sem%20categoria\/crio-gel-com-acao-tonificante\/"},"modified":"2022-03-09T16:42:12","modified_gmt":"2022-03-09T15:42:12","slug":"crio-gel-com-acao-tonificante","status":"publish","type":"product","link":"https:\/\/alphea.it\/pt-pt\/products\/body-pt-pt\/tonic-line-pt-pt\/crio-gel-com-acao-tonificante\/","title":{"rendered":"Crio gel com a\u00e7\u00e3o tonificante"},"content":{"rendered":"","protected":false},"excerpt":{"rendered":"<p><span style=\"font-weight: 400;\">O<\/span><b> crio gel<\/b><span style=\"font-weight: 400;\"> Alphea Tonic foi desenvolvido para o tratamento profissional das peles com relaxamento cut\u00e2neo e para combater os problemas inest\u00e9ticos causados pela <\/span><b>acumula\u00e7\u00e3o localizada de c\u00e9lulas adiposas<\/b><span style=\"font-weight: 400;\"> e celulite. O gel \u00e9 a solu\u00e7\u00e3o cosm\u00e9tica profissional para recuperar o <\/span><b>bem-estar, a tonicidade e a elasticidade.<\/b><span style=\"font-weight: 400;\">Gra\u00e7as \u00e0 presen\u00e7a de <\/span><b>c\u00e2nfora, mentol, cafe\u00edna e extrato de ch\u00e1,<\/b><span style=\"font-weight: 400;\"> o gel produz um efeito quente\/frio, para uma pele mais sedosa, suave e firme em todo o corpo.<\/span><\/p>\n<p><span style=\"font-weight: 400;\">Uso profissional<\/span><\/p>\n<p><span style=\"font-weight: 400;\">Formato de 500 ml<\/span><\/p>\n","protected":false},"featured_media":1865,"comment_status":"closed","ping_status":"closed","template":"","meta":{"_acf_changed":false},"product_brand":[],"product_cat":[55,58],"product_tag":[],"class_list":{"0":"post-1577","1":"product","2":"type-product","3":"status-publish","4":"has-post-thumbnail","6":"product_cat-body-pt-pt","7":"product_cat-tonic-line-pt-pt","9":"first","10":"instock","11":"shipping-taxable","12":"product-type-simple"},"acf":[],"yoast_head":"<!-- This site is optimized with the Yoast SEO plugin v26.8 - https:\/\/yoast.com\/product\/yoast-seo-wordpress\/ -->\n<title>Crio gel com a\u00e7\u00e3o tonificante - Alphea<\/title>\n<meta name=\"description\" content=\"O crio gel Alphea Tonic foi desenvolvido para o tratamento profissional das peles com relaxamento cut\u00e2neo e para combater os problemas inest\u00e9ticos causados pela acumula\u00e7\u00e3o localizada de c\u00e9lulas adiposas e celulite.\" \/>\n<meta name=\"robots\" content=\"index, follow, max-snippet:-1, max-image-preview:large, max-video-preview:-1\" \/>\n<link rel=\"canonical\" href=\"https:\/\/alphea.it\/pt-pt\/products\/body-pt-pt\/tonic-line-pt-pt\/crio-gel-com-acao-tonificante\/\" \/>\n<meta property=\"og:locale\" content=\"pt_PT\" \/>\n<meta property=\"og:type\" content=\"article\" \/>\n<meta property=\"og:title\" content=\"Crio gel com a\u00e7\u00e3o tonificante - Alphea\" \/>\n<meta property=\"og:description\" content=\"O crio gel Alphea Tonic foi desenvolvido para o tratamento profissional das peles com relaxamento cut\u00e2neo e para combater os problemas inest\u00e9ticos causados pela acumula\u00e7\u00e3o localizada de c\u00e9lulas adiposas e celulite.\" \/>\n<meta property=\"og:url\" content=\"https:\/\/alphea.it\/pt-pt\/products\/body-pt-pt\/tonic-line-pt-pt\/crio-gel-com-acao-tonificante\/\" \/>\n<meta property=\"og:site_name\" content=\"Alphea\" \/>\n<meta property=\"article:modified_time\" content=\"2022-03-09T15:42:12+00:00\" \/>\n<meta property=\"og:image\" content=\"https:\/\/alphea.it\/wp-content\/uploads\/2025\/05\/70030_alphea_tonic_crio_gel_500ml.png\" \/>\n\t<meta property=\"og:image:width\" content=\"800\" \/>\n\t<meta property=\"og:image:height\" content=\"800\" \/>\n\t<meta property=\"og:image:type\" content=\"image\/png\" \/>\n<meta name=\"twitter:card\" content=\"summary_large_image\" \/>\n<script type=\"application\/ld+json\" class=\"yoast-schema-graph\">{\"@context\":\"https:\/\/schema.org\",\"@graph\":[{\"@type\":\"WebPage\",\"@id\":\"https:\/\/alphea.it\/pt-pt\/products\/body-pt-pt\/tonic-line-pt-pt\/crio-gel-com-acao-tonificante\/\",\"url\":\"https:\/\/alphea.it\/pt-pt\/products\/body-pt-pt\/tonic-line-pt-pt\/crio-gel-com-acao-tonificante\/\",\"name\":\"Crio gel com a\u00e7\u00e3o tonificante - Alphea\",\"isPartOf\":{\"@id\":\"https:\/\/alphea.it\/#website\"},\"primaryImageOfPage\":{\"@id\":\"https:\/\/alphea.it\/pt-pt\/products\/body-pt-pt\/tonic-line-pt-pt\/crio-gel-com-acao-tonificante\/#primaryimage\"},\"image\":{\"@id\":\"https:\/\/alphea.it\/pt-pt\/products\/body-pt-pt\/tonic-line-pt-pt\/crio-gel-com-acao-tonificante\/#primaryimage\"},\"thumbnailUrl\":\"https:\/\/alphea.it\/wp-content\/uploads\/2025\/05\/70030_alphea_tonic_crio_gel_500ml.png\",\"datePublished\":\"2015-12-15T16:44:50+00:00\",\"dateModified\":\"2022-03-09T15:42:12+00:00\",\"description\":\"O crio gel Alphea Tonic foi desenvolvido para o tratamento profissional das peles com relaxamento cut\u00e2neo e para combater os problemas inest\u00e9ticos causados pela acumula\u00e7\u00e3o localizada de c\u00e9lulas adiposas e celulite.\",\"breadcrumb\":{\"@id\":\"https:\/\/alphea.it\/pt-pt\/products\/body-pt-pt\/tonic-line-pt-pt\/crio-gel-com-acao-tonificante\/#breadcrumb\"},\"inLanguage\":\"pt-PT\",\"potentialAction\":[{\"@type\":\"ReadAction\",\"target\":[\"https:\/\/alphea.it\/pt-pt\/products\/body-pt-pt\/tonic-line-pt-pt\/crio-gel-com-acao-tonificante\/\"]}]},{\"@type\":\"ImageObject\",\"inLanguage\":\"pt-PT\",\"@id\":\"https:\/\/alphea.it\/pt-pt\/products\/body-pt-pt\/tonic-line-pt-pt\/crio-gel-com-acao-tonificante\/#primaryimage\",\"url\":\"https:\/\/alphea.it\/wp-content\/uploads\/2025\/05\/70030_alphea_tonic_crio_gel_500ml.png\",\"contentUrl\":\"https:\/\/alphea.it\/wp-content\/uploads\/2025\/05\/70030_alphea_tonic_crio_gel_500ml.png\",\"width\":800,\"height\":800},{\"@type\":\"BreadcrumbList\",\"@id\":\"https:\/\/alphea.it\/pt-pt\/products\/body-pt-pt\/tonic-line-pt-pt\/crio-gel-com-acao-tonificante\/#breadcrumb\",\"itemListElement\":[{\"@type\":\"ListItem\",\"position\":1,\"name\":\"Home\",\"item\":\"https:\/\/alphea.it\/pt-pt\/\"},{\"@type\":\"ListItem\",\"position\":2,\"name\":\"Shop\",\"item\":\"https:\/\/alphea.it\/pt-pt\/shop\/\"},{\"@type\":\"ListItem\",\"position\":3,\"name\":\"Crio gel com a\u00e7\u00e3o tonificante\"}]},{\"@type\":\"WebSite\",\"@id\":\"https:\/\/alphea.it\/#website\",\"url\":\"https:\/\/alphea.it\/\",\"name\":\"Alphea\",\"description\":\"Beauty Line\",\"potentialAction\":[{\"@type\":\"SearchAction\",\"target\":{\"@type\":\"EntryPoint\",\"urlTemplate\":\"https:\/\/alphea.it\/?s={search_term_string}\"},\"query-input\":{\"@type\":\"PropertyValueSpecification\",\"valueRequired\":true,\"valueName\":\"search_term_string\"}}],\"inLanguage\":\"pt-PT\"}]}<\/script>\n<!-- \/ Yoast SEO plugin. -->","yoast_head_json":{"title":"Crio gel com a\u00e7\u00e3o tonificante - Alphea","description":"O crio gel Alphea Tonic foi desenvolvido para o tratamento profissional das peles com relaxamento cut\u00e2neo e para combater os problemas inest\u00e9ticos causados pela acumula\u00e7\u00e3o localizada de c\u00e9lulas adiposas e celulite.","robots":{"index":"index","follow":"follow","max-snippet":"max-snippet:-1","max-image-preview":"max-image-preview:large","max-video-preview":"max-video-preview:-1"},"canonical":"https:\/\/alphea.it\/pt-pt\/products\/body-pt-pt\/tonic-line-pt-pt\/crio-gel-com-acao-tonificante\/","og_locale":"pt_PT","og_type":"article","og_title":"Crio gel com a\u00e7\u00e3o tonificante - Alphea","og_description":"O crio gel Alphea Tonic foi desenvolvido para o tratamento profissional das peles com relaxamento cut\u00e2neo e para combater os problemas inest\u00e9ticos causados pela acumula\u00e7\u00e3o localizada de c\u00e9lulas adiposas e celulite.","og_url":"https:\/\/alphea.it\/pt-pt\/products\/body-pt-pt\/tonic-line-pt-pt\/crio-gel-com-acao-tonificante\/","og_site_name":"Alphea","article_modified_time":"2022-03-09T15:42:12+00:00","og_image":[{"width":800,"height":800,"url":"https:\/\/alphea.it\/wp-content\/uploads\/2025\/05\/70030_alphea_tonic_crio_gel_500ml.png","type":"image\/png"}],"twitter_card":"summary_large_image","schema":{"@context":"https:\/\/schema.org","@graph":[{"@type":"WebPage","@id":"https:\/\/alphea.it\/pt-pt\/products\/body-pt-pt\/tonic-line-pt-pt\/crio-gel-com-acao-tonificante\/","url":"https:\/\/alphea.it\/pt-pt\/products\/body-pt-pt\/tonic-line-pt-pt\/crio-gel-com-acao-tonificante\/","name":"Crio gel com a\u00e7\u00e3o tonificante - Alphea","isPartOf":{"@id":"https:\/\/alphea.it\/#website"},"primaryImageOfPage":{"@id":"https:\/\/alphea.it\/pt-pt\/products\/body-pt-pt\/tonic-line-pt-pt\/crio-gel-com-acao-tonificante\/#primaryimage"},"image":{"@id":"https:\/\/alphea.it\/pt-pt\/products\/body-pt-pt\/tonic-line-pt-pt\/crio-gel-com-acao-tonificante\/#primaryimage"},"thumbnailUrl":"https:\/\/alphea.it\/wp-content\/uploads\/2025\/05\/70030_alphea_tonic_crio_gel_500ml.png","datePublished":"2015-12-15T16:44:50+00:00","dateModified":"2022-03-09T15:42:12+00:00","description":"O crio gel Alphea Tonic foi desenvolvido para o tratamento profissional das peles com relaxamento cut\u00e2neo e para combater os problemas inest\u00e9ticos causados pela acumula\u00e7\u00e3o localizada de c\u00e9lulas adiposas e celulite.","breadcrumb":{"@id":"https:\/\/alphea.it\/pt-pt\/products\/body-pt-pt\/tonic-line-pt-pt\/crio-gel-com-acao-tonificante\/#breadcrumb"},"inLanguage":"pt-PT","potentialAction":[{"@type":"ReadAction","target":["https:\/\/alphea.it\/pt-pt\/products\/body-pt-pt\/tonic-line-pt-pt\/crio-gel-com-acao-tonificante\/"]}]},{"@type":"ImageObject","inLanguage":"pt-PT","@id":"https:\/\/alphea.it\/pt-pt\/products\/body-pt-pt\/tonic-line-pt-pt\/crio-gel-com-acao-tonificante\/#primaryimage","url":"https:\/\/alphea.it\/wp-content\/uploads\/2025\/05\/70030_alphea_tonic_crio_gel_500ml.png","contentUrl":"https:\/\/alphea.it\/wp-content\/uploads\/2025\/05\/70030_alphea_tonic_crio_gel_500ml.png","width":800,"height":800},{"@type":"BreadcrumbList","@id":"https:\/\/alphea.it\/pt-pt\/products\/body-pt-pt\/tonic-line-pt-pt\/crio-gel-com-acao-tonificante\/#breadcrumb","itemListElement":[{"@type":"ListItem","position":1,"name":"Home","item":"https:\/\/alphea.it\/pt-pt\/"},{"@type":"ListItem","position":2,"name":"Shop","item":"https:\/\/alphea.it\/pt-pt\/shop\/"},{"@type":"ListItem","position":3,"name":"Crio gel com a\u00e7\u00e3o tonificante"}]},{"@type":"WebSite","@id":"https:\/\/alphea.it\/#website","url":"https:\/\/alphea.it\/","name":"Alphea","description":"Beauty Line","potentialAction":[{"@type":"SearchAction","target":{"@type":"EntryPoint","urlTemplate":"https:\/\/alphea.it\/?s={search_term_string}"},"query-input":{"@type":"PropertyValueSpecification","valueRequired":true,"valueName":"search_term_string"}}],"inLanguage":"pt-PT"}]}},"_links":{"self":[{"href":"https:\/\/alphea.it\/pt-pt\/wp-json\/wp\/v2\/product\/1577","targetHints":{"allow":["GET"]}}],"collection":[{"href":"https:\/\/alphea.it\/pt-pt\/wp-json\/wp\/v2\/product"}],"about":[{"href":"https:\/\/alphea.it\/pt-pt\/wp-json\/wp\/v2\/types\/product"}],"replies":[{"embeddable":true,"href":"https:\/\/alphea.it\/pt-pt\/wp-json\/wp\/v2\/comments?post=1577"}],"wp:featuredmedia":[{"embeddable":true,"href":"https:\/\/alphea.it\/pt-pt\/wp-json\/wp\/v2\/media\/1865"}],"wp:attachment":[{"href":"https:\/\/alphea.it\/pt-pt\/wp-json\/wp\/v2\/media?parent=1577"}],"wp:term":[{"taxonomy":"product_brand","embeddable":true,"href":"https:\/\/alphea.it\/pt-pt\/wp-json\/wp\/v2\/product_brand?post=1577"},{"taxonomy":"product_cat","embeddable":true,"href":"https:\/\/alphea.it\/pt-pt\/wp-json\/wp\/v2\/product_cat?post=1577"},{"taxonomy":"product_tag","embeddable":true,"href":"https:\/\/alphea.it\/pt-pt\/wp-json\/wp\/v2\/product_tag?post=1577"}],"curies":[{"name":"wp","href":"https:\/\/api.w.org\/{rel}","templated":true}]}}