{"id":1575,"date":"2015-12-15T17:22:03","date_gmt":"2015-12-15T16:22:03","guid":{"rendered":"https:\/\/alphea.it\/products\/sem%20categoria\/locao-crio-de-envolvimento-a-frio\/"},"modified":"2022-03-09T16:37:58","modified_gmt":"2022-03-09T15:37:58","slug":"locao-crio-de-envolvimento-a-frio","status":"publish","type":"product","link":"https:\/\/alphea.it\/pt-pt\/products\/body-pt-pt\/tonic-line-pt-pt\/locao-crio-de-envolvimento-a-frio\/","title":{"rendered":"Lo\u00e7\u00e3o crio de envolvimento a frio"},"content":{"rendered":"","protected":false},"excerpt":{"rendered":"<p><span style=\"font-weight: 400;\">A <\/span><b>loca\u00e7\u00e3o crio<\/b><span style=\"font-weight: 400;\"> Alphea Tonic \u00e9 um produto para a est\u00e9tica profissional com elevada <\/span><b>concentra\u00e7\u00e3o de subst\u00e2ncias refrescantes, <\/b><span style=\"font-weight: 400;\">utilizada nos tratamentos de envolvimento a frio para restabelecer a tonicidade e proporcionar a <\/span><b>firmeza dos tecidos epid\u00e9rmicos<\/b><span style=\"font-weight: 400;\"> com tend\u00eancia para a celulite e relaxamento cut\u00e2neo. Gra\u00e7as \u00e0 presen\u00e7a de<\/span><b> princ\u00edpios ativos funcionais anticelulite e estimulantes<\/b><span style=\"font-weight: 400;\">, favorece a hidrata\u00e7\u00e3o, a nutri\u00e7\u00e3o e confere elasticidade \u00e0 pele.<\/span><\/p>\n<p><span style=\"font-weight: 400;\">Uso profissional<\/span><\/p>\n<p><span style=\"font-weight: 400;\">Formato de 500 ml<\/span><\/p>\n","protected":false},"featured_media":1165,"comment_status":"closed","ping_status":"closed","template":"","meta":{"_acf_changed":false},"product_brand":[],"product_cat":[55,58],"product_tag":[],"class_list":{"0":"post-1575","1":"product","2":"type-product","3":"status-publish","4":"has-post-thumbnail","6":"product_cat-body-pt-pt","7":"product_cat-tonic-line-pt-pt","9":"first","10":"instock","11":"shipping-taxable","12":"product-type-simple"},"acf":[],"yoast_head":"<!-- This site is optimized with the Yoast SEO plugin v26.8 - https:\/\/yoast.com\/product\/yoast-seo-wordpress\/ -->\n<title>Lo\u00e7\u00e3o crio de envolvimento a frio - Alphea<\/title>\n<meta name=\"description\" content=\"A loca\u00e7\u00e3o crio Alphea Tonic gra\u00e7as \u00e0 presen\u00e7a de princ\u00edpios ativos funcionais anticelulite e estimulantes, favorece a hidrata\u00e7\u00e3o, a nutri\u00e7\u00e3o e confere elasticidade \u00e0 pele.\" \/>\n<meta name=\"robots\" content=\"index, follow, max-snippet:-1, max-image-preview:large, max-video-preview:-1\" \/>\n<link rel=\"canonical\" href=\"https:\/\/alphea.it\/pt-pt\/products\/body-pt-pt\/tonic-line-pt-pt\/locao-crio-de-envolvimento-a-frio\/\" \/>\n<meta property=\"og:locale\" content=\"pt_PT\" \/>\n<meta property=\"og:type\" content=\"article\" \/>\n<meta property=\"og:title\" content=\"Lo\u00e7\u00e3o crio de envolvimento a frio - Alphea\" \/>\n<meta property=\"og:description\" content=\"A loca\u00e7\u00e3o crio Alphea Tonic gra\u00e7as \u00e0 presen\u00e7a de princ\u00edpios ativos funcionais anticelulite e estimulantes, favorece a hidrata\u00e7\u00e3o, a nutri\u00e7\u00e3o e confere elasticidade \u00e0 pele.\" \/>\n<meta property=\"og:url\" content=\"https:\/\/alphea.it\/pt-pt\/products\/body-pt-pt\/tonic-line-pt-pt\/locao-crio-de-envolvimento-a-frio\/\" \/>\n<meta property=\"og:site_name\" content=\"Alphea\" \/>\n<meta property=\"article:modified_time\" content=\"2022-03-09T15:37:58+00:00\" \/>\n<meta property=\"og:image\" content=\"https:\/\/alphea.it\/wp-content\/uploads\/2015\/12\/alphea_tonic_crio_cold_bendaggio_freddo_500ml.png\" \/>\n\t<meta property=\"og:image:width\" content=\"600\" \/>\n\t<meta property=\"og:image:height\" content=\"600\" \/>\n\t<meta property=\"og:image:type\" content=\"image\/png\" \/>\n<meta name=\"twitter:card\" content=\"summary_large_image\" \/>\n<script type=\"application\/ld+json\" class=\"yoast-schema-graph\">{\"@context\":\"https:\/\/schema.org\",\"@graph\":[{\"@type\":\"WebPage\",\"@id\":\"https:\/\/alphea.it\/pt-pt\/products\/body-pt-pt\/tonic-line-pt-pt\/locao-crio-de-envolvimento-a-frio\/\",\"url\":\"https:\/\/alphea.it\/pt-pt\/products\/body-pt-pt\/tonic-line-pt-pt\/locao-crio-de-envolvimento-a-frio\/\",\"name\":\"Lo\u00e7\u00e3o crio de envolvimento a frio - Alphea\",\"isPartOf\":{\"@id\":\"https:\/\/alphea.it\/#website\"},\"primaryImageOfPage\":{\"@id\":\"https:\/\/alphea.it\/pt-pt\/products\/body-pt-pt\/tonic-line-pt-pt\/locao-crio-de-envolvimento-a-frio\/#primaryimage\"},\"image\":{\"@id\":\"https:\/\/alphea.it\/pt-pt\/products\/body-pt-pt\/tonic-line-pt-pt\/locao-crio-de-envolvimento-a-frio\/#primaryimage\"},\"thumbnailUrl\":\"https:\/\/alphea.it\/wp-content\/uploads\/2015\/12\/alphea_tonic_crio_cold_bendaggio_freddo_500ml.png\",\"datePublished\":\"2015-12-15T16:22:03+00:00\",\"dateModified\":\"2022-03-09T15:37:58+00:00\",\"description\":\"A loca\u00e7\u00e3o crio Alphea Tonic gra\u00e7as \u00e0 presen\u00e7a de princ\u00edpios ativos funcionais anticelulite e estimulantes, favorece a hidrata\u00e7\u00e3o, a nutri\u00e7\u00e3o e confere elasticidade \u00e0 pele.\",\"breadcrumb\":{\"@id\":\"https:\/\/alphea.it\/pt-pt\/products\/body-pt-pt\/tonic-line-pt-pt\/locao-crio-de-envolvimento-a-frio\/#breadcrumb\"},\"inLanguage\":\"pt-PT\",\"potentialAction\":[{\"@type\":\"ReadAction\",\"target\":[\"https:\/\/alphea.it\/pt-pt\/products\/body-pt-pt\/tonic-line-pt-pt\/locao-crio-de-envolvimento-a-frio\/\"]}]},{\"@type\":\"ImageObject\",\"inLanguage\":\"pt-PT\",\"@id\":\"https:\/\/alphea.it\/pt-pt\/products\/body-pt-pt\/tonic-line-pt-pt\/locao-crio-de-envolvimento-a-frio\/#primaryimage\",\"url\":\"https:\/\/alphea.it\/wp-content\/uploads\/2015\/12\/alphea_tonic_crio_cold_bendaggio_freddo_500ml.png\",\"contentUrl\":\"https:\/\/alphea.it\/wp-content\/uploads\/2015\/12\/alphea_tonic_crio_cold_bendaggio_freddo_500ml.png\",\"width\":600,\"height\":600},{\"@type\":\"BreadcrumbList\",\"@id\":\"https:\/\/alphea.it\/pt-pt\/products\/body-pt-pt\/tonic-line-pt-pt\/locao-crio-de-envolvimento-a-frio\/#breadcrumb\",\"itemListElement\":[{\"@type\":\"ListItem\",\"position\":1,\"name\":\"Home\",\"item\":\"https:\/\/alphea.it\/pt-pt\/\"},{\"@type\":\"ListItem\",\"position\":2,\"name\":\"Shop\",\"item\":\"https:\/\/alphea.it\/pt-pt\/shop\/\"},{\"@type\":\"ListItem\",\"position\":3,\"name\":\"Lo\u00e7\u00e3o crio de envolvimento a frio\"}]},{\"@type\":\"WebSite\",\"@id\":\"https:\/\/alphea.it\/#website\",\"url\":\"https:\/\/alphea.it\/\",\"name\":\"Alphea\",\"description\":\"Beauty Line\",\"potentialAction\":[{\"@type\":\"SearchAction\",\"target\":{\"@type\":\"EntryPoint\",\"urlTemplate\":\"https:\/\/alphea.it\/?s={search_term_string}\"},\"query-input\":{\"@type\":\"PropertyValueSpecification\",\"valueRequired\":true,\"valueName\":\"search_term_string\"}}],\"inLanguage\":\"pt-PT\"}]}<\/script>\n<!-- \/ Yoast SEO plugin. -->","yoast_head_json":{"title":"Lo\u00e7\u00e3o crio de envolvimento a frio - Alphea","description":"A loca\u00e7\u00e3o crio Alphea Tonic gra\u00e7as \u00e0 presen\u00e7a de princ\u00edpios ativos funcionais anticelulite e estimulantes, favorece a hidrata\u00e7\u00e3o, a nutri\u00e7\u00e3o e confere elasticidade \u00e0 pele.","robots":{"index":"index","follow":"follow","max-snippet":"max-snippet:-1","max-image-preview":"max-image-preview:large","max-video-preview":"max-video-preview:-1"},"canonical":"https:\/\/alphea.it\/pt-pt\/products\/body-pt-pt\/tonic-line-pt-pt\/locao-crio-de-envolvimento-a-frio\/","og_locale":"pt_PT","og_type":"article","og_title":"Lo\u00e7\u00e3o crio de envolvimento a frio - Alphea","og_description":"A loca\u00e7\u00e3o crio Alphea Tonic gra\u00e7as \u00e0 presen\u00e7a de princ\u00edpios ativos funcionais anticelulite e estimulantes, favorece a hidrata\u00e7\u00e3o, a nutri\u00e7\u00e3o e confere elasticidade \u00e0 pele.","og_url":"https:\/\/alphea.it\/pt-pt\/products\/body-pt-pt\/tonic-line-pt-pt\/locao-crio-de-envolvimento-a-frio\/","og_site_name":"Alphea","article_modified_time":"2022-03-09T15:37:58+00:00","og_image":[{"width":600,"height":600,"url":"https:\/\/alphea.it\/wp-content\/uploads\/2015\/12\/alphea_tonic_crio_cold_bendaggio_freddo_500ml.png","type":"image\/png"}],"twitter_card":"summary_large_image","schema":{"@context":"https:\/\/schema.org","@graph":[{"@type":"WebPage","@id":"https:\/\/alphea.it\/pt-pt\/products\/body-pt-pt\/tonic-line-pt-pt\/locao-crio-de-envolvimento-a-frio\/","url":"https:\/\/alphea.it\/pt-pt\/products\/body-pt-pt\/tonic-line-pt-pt\/locao-crio-de-envolvimento-a-frio\/","name":"Lo\u00e7\u00e3o crio de envolvimento a frio - Alphea","isPartOf":{"@id":"https:\/\/alphea.it\/#website"},"primaryImageOfPage":{"@id":"https:\/\/alphea.it\/pt-pt\/products\/body-pt-pt\/tonic-line-pt-pt\/locao-crio-de-envolvimento-a-frio\/#primaryimage"},"image":{"@id":"https:\/\/alphea.it\/pt-pt\/products\/body-pt-pt\/tonic-line-pt-pt\/locao-crio-de-envolvimento-a-frio\/#primaryimage"},"thumbnailUrl":"https:\/\/alphea.it\/wp-content\/uploads\/2015\/12\/alphea_tonic_crio_cold_bendaggio_freddo_500ml.png","datePublished":"2015-12-15T16:22:03+00:00","dateModified":"2022-03-09T15:37:58+00:00","description":"A loca\u00e7\u00e3o crio Alphea Tonic gra\u00e7as \u00e0 presen\u00e7a de princ\u00edpios ativos funcionais anticelulite e estimulantes, favorece a hidrata\u00e7\u00e3o, a nutri\u00e7\u00e3o e confere elasticidade \u00e0 pele.","breadcrumb":{"@id":"https:\/\/alphea.it\/pt-pt\/products\/body-pt-pt\/tonic-line-pt-pt\/locao-crio-de-envolvimento-a-frio\/#breadcrumb"},"inLanguage":"pt-PT","potentialAction":[{"@type":"ReadAction","target":["https:\/\/alphea.it\/pt-pt\/products\/body-pt-pt\/tonic-line-pt-pt\/locao-crio-de-envolvimento-a-frio\/"]}]},{"@type":"ImageObject","inLanguage":"pt-PT","@id":"https:\/\/alphea.it\/pt-pt\/products\/body-pt-pt\/tonic-line-pt-pt\/locao-crio-de-envolvimento-a-frio\/#primaryimage","url":"https:\/\/alphea.it\/wp-content\/uploads\/2015\/12\/alphea_tonic_crio_cold_bendaggio_freddo_500ml.png","contentUrl":"https:\/\/alphea.it\/wp-content\/uploads\/2015\/12\/alphea_tonic_crio_cold_bendaggio_freddo_500ml.png","width":600,"height":600},{"@type":"BreadcrumbList","@id":"https:\/\/alphea.it\/pt-pt\/products\/body-pt-pt\/tonic-line-pt-pt\/locao-crio-de-envolvimento-a-frio\/#breadcrumb","itemListElement":[{"@type":"ListItem","position":1,"name":"Home","item":"https:\/\/alphea.it\/pt-pt\/"},{"@type":"ListItem","position":2,"name":"Shop","item":"https:\/\/alphea.it\/pt-pt\/shop\/"},{"@type":"ListItem","position":3,"name":"Lo\u00e7\u00e3o crio de envolvimento a frio"}]},{"@type":"WebSite","@id":"https:\/\/alphea.it\/#website","url":"https:\/\/alphea.it\/","name":"Alphea","description":"Beauty Line","potentialAction":[{"@type":"SearchAction","target":{"@type":"EntryPoint","urlTemplate":"https:\/\/alphea.it\/?s={search_term_string}"},"query-input":{"@type":"PropertyValueSpecification","valueRequired":true,"valueName":"search_term_string"}}],"inLanguage":"pt-PT"}]}},"_links":{"self":[{"href":"https:\/\/alphea.it\/pt-pt\/wp-json\/wp\/v2\/product\/1575","targetHints":{"allow":["GET"]}}],"collection":[{"href":"https:\/\/alphea.it\/pt-pt\/wp-json\/wp\/v2\/product"}],"about":[{"href":"https:\/\/alphea.it\/pt-pt\/wp-json\/wp\/v2\/types\/product"}],"replies":[{"embeddable":true,"href":"https:\/\/alphea.it\/pt-pt\/wp-json\/wp\/v2\/comments?post=1575"}],"wp:featuredmedia":[{"embeddable":true,"href":"https:\/\/alphea.it\/pt-pt\/wp-json\/wp\/v2\/media\/1165"}],"wp:attachment":[{"href":"https:\/\/alphea.it\/pt-pt\/wp-json\/wp\/v2\/media?parent=1575"}],"wp:term":[{"taxonomy":"product_brand","embeddable":true,"href":"https:\/\/alphea.it\/pt-pt\/wp-json\/wp\/v2\/product_brand?post=1575"},{"taxonomy":"product_cat","embeddable":true,"href":"https:\/\/alphea.it\/pt-pt\/wp-json\/wp\/v2\/product_cat?post=1575"},{"taxonomy":"product_tag","embeddable":true,"href":"https:\/\/alphea.it\/pt-pt\/wp-json\/wp\/v2\/product_tag?post=1575"}],"curies":[{"name":"wp","href":"https:\/\/api.w.org\/{rel}","templated":true}]}}