{"id":1573,"date":"2015-12-15T17:18:39","date_gmt":"2015-12-15T16:18:39","guid":{"rendered":"https:\/\/alphea.it\/products\/sem%20categoria\/creme-de-lama\/"},"modified":"2022-03-09T15:40:37","modified_gmt":"2022-03-09T14:40:37","slug":"creme-de-lama","status":"publish","type":"product","link":"https:\/\/alphea.it\/pt-pt\/products\/body-pt-pt\/cell-pro-line-pt-pt\/creme-de-lama\/","title":{"rendered":"Creme de lama"},"content":{"rendered":"","protected":false},"excerpt":{"rendered":"<p><span style=\"font-weight: 400;\">O<\/span><b> creme de lama<\/b><span style=\"font-weight: 400;\"> Alphea Cell-pro combate e atenua as adiposidades localizadas. Particularmente indicado para<\/span><b> peles com tend\u00eancia para a celulite,<\/b><span style=\"font-weight: 400;\"> restitui a tonicidade e elasticidade, respondendo aos requisitos das clientes que pretendem combater <\/span><b>os problemas cut\u00e2neos est\u00e9ticos<\/b><span style=\"font-weight: 400;\">. A aplica\u00e7\u00e3o do creme de lama atenua visivelmente o efeito inest\u00e9tico da celulite, deixando a <\/span><b>pele firme e regenerada<\/b><span style=\"font-weight: 400;\">. Enriquecido em princ\u00edpios ativos que conferem <\/span><b>suavidade e firmeza \u00e0 pele<\/b><span style=\"font-weight: 400;\">, favorecendo uma redu\u00e7\u00e3o vis\u00edvel dos inest\u00e9ticos tecidos adiposos.<\/span><\/p>\n<p><span style=\"font-weight: 400;\">Uso profissional<\/span><\/p>\n<p><span style=\"font-weight: 400;\">Formato de 500 ml<\/span><\/p>\n","protected":false},"featured_media":1875,"comment_status":"closed","ping_status":"closed","template":"","meta":{"_acf_changed":false},"product_brand":[],"product_cat":[55,56],"product_tag":[],"class_list":{"0":"post-1573","1":"product","2":"type-product","3":"status-publish","4":"has-post-thumbnail","6":"product_cat-body-pt-pt","7":"product_cat-cell-pro-line-pt-pt","9":"first","10":"instock","11":"shipping-taxable","12":"product-type-simple"},"acf":[],"yoast_head":"<!-- This site is optimized with the Yoast SEO plugin v26.8 - https:\/\/yoast.com\/product\/yoast-seo-wordpress\/ -->\n<title>Creme de lama - Alphea<\/title>\n<meta name=\"description\" content=\"O creme de lama Alphea Cell-pro combate e atenua as adiposidades localizadas. Particularmente indicado para peles com tend\u00eancia para a celulite.\" \/>\n<meta name=\"robots\" content=\"index, follow, max-snippet:-1, max-image-preview:large, max-video-preview:-1\" \/>\n<link rel=\"canonical\" href=\"https:\/\/alphea.it\/pt-pt\/products\/body-pt-pt\/cell-pro-line-pt-pt\/creme-de-lama\/\" \/>\n<meta property=\"og:locale\" content=\"pt_PT\" \/>\n<meta property=\"og:type\" content=\"article\" \/>\n<meta property=\"og:title\" content=\"Creme de lama - Alphea\" \/>\n<meta property=\"og:description\" content=\"O creme de lama Alphea Cell-pro combate e atenua as adiposidades localizadas. Particularmente indicado para peles com tend\u00eancia para a celulite.\" \/>\n<meta property=\"og:url\" content=\"https:\/\/alphea.it\/pt-pt\/products\/body-pt-pt\/cell-pro-line-pt-pt\/creme-de-lama\/\" \/>\n<meta property=\"og:site_name\" content=\"Alphea\" \/>\n<meta property=\"article:modified_time\" content=\"2022-03-09T14:40:37+00:00\" \/>\n<meta property=\"og:image\" content=\"https:\/\/alphea.it\/wp-content\/uploads\/2025\/05\/70025_alphea_cellpro_mud_cream_500g.png\" \/>\n\t<meta property=\"og:image:width\" content=\"800\" \/>\n\t<meta property=\"og:image:height\" content=\"800\" \/>\n\t<meta property=\"og:image:type\" content=\"image\/png\" \/>\n<meta name=\"twitter:card\" content=\"summary_large_image\" \/>\n<script type=\"application\/ld+json\" class=\"yoast-schema-graph\">{\"@context\":\"https:\/\/schema.org\",\"@graph\":[{\"@type\":\"WebPage\",\"@id\":\"https:\/\/alphea.it\/pt-pt\/products\/body-pt-pt\/cell-pro-line-pt-pt\/creme-de-lama\/\",\"url\":\"https:\/\/alphea.it\/pt-pt\/products\/body-pt-pt\/cell-pro-line-pt-pt\/creme-de-lama\/\",\"name\":\"Creme de lama - Alphea\",\"isPartOf\":{\"@id\":\"https:\/\/alphea.it\/#website\"},\"primaryImageOfPage\":{\"@id\":\"https:\/\/alphea.it\/pt-pt\/products\/body-pt-pt\/cell-pro-line-pt-pt\/creme-de-lama\/#primaryimage\"},\"image\":{\"@id\":\"https:\/\/alphea.it\/pt-pt\/products\/body-pt-pt\/cell-pro-line-pt-pt\/creme-de-lama\/#primaryimage\"},\"thumbnailUrl\":\"https:\/\/alphea.it\/wp-content\/uploads\/2025\/05\/70025_alphea_cellpro_mud_cream_500g.png\",\"datePublished\":\"2015-12-15T16:18:39+00:00\",\"dateModified\":\"2022-03-09T14:40:37+00:00\",\"description\":\"O creme de lama Alphea Cell-pro combate e atenua as adiposidades localizadas. Particularmente indicado para peles com tend\u00eancia para a celulite.\",\"breadcrumb\":{\"@id\":\"https:\/\/alphea.it\/pt-pt\/products\/body-pt-pt\/cell-pro-line-pt-pt\/creme-de-lama\/#breadcrumb\"},\"inLanguage\":\"pt-PT\",\"potentialAction\":[{\"@type\":\"ReadAction\",\"target\":[\"https:\/\/alphea.it\/pt-pt\/products\/body-pt-pt\/cell-pro-line-pt-pt\/creme-de-lama\/\"]}]},{\"@type\":\"ImageObject\",\"inLanguage\":\"pt-PT\",\"@id\":\"https:\/\/alphea.it\/pt-pt\/products\/body-pt-pt\/cell-pro-line-pt-pt\/creme-de-lama\/#primaryimage\",\"url\":\"https:\/\/alphea.it\/wp-content\/uploads\/2025\/05\/70025_alphea_cellpro_mud_cream_500g.png\",\"contentUrl\":\"https:\/\/alphea.it\/wp-content\/uploads\/2025\/05\/70025_alphea_cellpro_mud_cream_500g.png\",\"width\":800,\"height\":800},{\"@type\":\"BreadcrumbList\",\"@id\":\"https:\/\/alphea.it\/pt-pt\/products\/body-pt-pt\/cell-pro-line-pt-pt\/creme-de-lama\/#breadcrumb\",\"itemListElement\":[{\"@type\":\"ListItem\",\"position\":1,\"name\":\"Home\",\"item\":\"https:\/\/alphea.it\/pt-pt\/\"},{\"@type\":\"ListItem\",\"position\":2,\"name\":\"Shop\",\"item\":\"https:\/\/alphea.it\/pt-pt\/shop\/\"},{\"@type\":\"ListItem\",\"position\":3,\"name\":\"Creme de lama\"}]},{\"@type\":\"WebSite\",\"@id\":\"https:\/\/alphea.it\/#website\",\"url\":\"https:\/\/alphea.it\/\",\"name\":\"Alphea\",\"description\":\"Beauty Line\",\"potentialAction\":[{\"@type\":\"SearchAction\",\"target\":{\"@type\":\"EntryPoint\",\"urlTemplate\":\"https:\/\/alphea.it\/?s={search_term_string}\"},\"query-input\":{\"@type\":\"PropertyValueSpecification\",\"valueRequired\":true,\"valueName\":\"search_term_string\"}}],\"inLanguage\":\"pt-PT\"}]}<\/script>\n<!-- \/ Yoast SEO plugin. -->","yoast_head_json":{"title":"Creme de lama - Alphea","description":"O creme de lama Alphea Cell-pro combate e atenua as adiposidades localizadas. Particularmente indicado para peles com tend\u00eancia para a celulite.","robots":{"index":"index","follow":"follow","max-snippet":"max-snippet:-1","max-image-preview":"max-image-preview:large","max-video-preview":"max-video-preview:-1"},"canonical":"https:\/\/alphea.it\/pt-pt\/products\/body-pt-pt\/cell-pro-line-pt-pt\/creme-de-lama\/","og_locale":"pt_PT","og_type":"article","og_title":"Creme de lama - Alphea","og_description":"O creme de lama Alphea Cell-pro combate e atenua as adiposidades localizadas. Particularmente indicado para peles com tend\u00eancia para a celulite.","og_url":"https:\/\/alphea.it\/pt-pt\/products\/body-pt-pt\/cell-pro-line-pt-pt\/creme-de-lama\/","og_site_name":"Alphea","article_modified_time":"2022-03-09T14:40:37+00:00","og_image":[{"width":800,"height":800,"url":"https:\/\/alphea.it\/wp-content\/uploads\/2025\/05\/70025_alphea_cellpro_mud_cream_500g.png","type":"image\/png"}],"twitter_card":"summary_large_image","schema":{"@context":"https:\/\/schema.org","@graph":[{"@type":"WebPage","@id":"https:\/\/alphea.it\/pt-pt\/products\/body-pt-pt\/cell-pro-line-pt-pt\/creme-de-lama\/","url":"https:\/\/alphea.it\/pt-pt\/products\/body-pt-pt\/cell-pro-line-pt-pt\/creme-de-lama\/","name":"Creme de lama - Alphea","isPartOf":{"@id":"https:\/\/alphea.it\/#website"},"primaryImageOfPage":{"@id":"https:\/\/alphea.it\/pt-pt\/products\/body-pt-pt\/cell-pro-line-pt-pt\/creme-de-lama\/#primaryimage"},"image":{"@id":"https:\/\/alphea.it\/pt-pt\/products\/body-pt-pt\/cell-pro-line-pt-pt\/creme-de-lama\/#primaryimage"},"thumbnailUrl":"https:\/\/alphea.it\/wp-content\/uploads\/2025\/05\/70025_alphea_cellpro_mud_cream_500g.png","datePublished":"2015-12-15T16:18:39+00:00","dateModified":"2022-03-09T14:40:37+00:00","description":"O creme de lama Alphea Cell-pro combate e atenua as adiposidades localizadas. Particularmente indicado para peles com tend\u00eancia para a celulite.","breadcrumb":{"@id":"https:\/\/alphea.it\/pt-pt\/products\/body-pt-pt\/cell-pro-line-pt-pt\/creme-de-lama\/#breadcrumb"},"inLanguage":"pt-PT","potentialAction":[{"@type":"ReadAction","target":["https:\/\/alphea.it\/pt-pt\/products\/body-pt-pt\/cell-pro-line-pt-pt\/creme-de-lama\/"]}]},{"@type":"ImageObject","inLanguage":"pt-PT","@id":"https:\/\/alphea.it\/pt-pt\/products\/body-pt-pt\/cell-pro-line-pt-pt\/creme-de-lama\/#primaryimage","url":"https:\/\/alphea.it\/wp-content\/uploads\/2025\/05\/70025_alphea_cellpro_mud_cream_500g.png","contentUrl":"https:\/\/alphea.it\/wp-content\/uploads\/2025\/05\/70025_alphea_cellpro_mud_cream_500g.png","width":800,"height":800},{"@type":"BreadcrumbList","@id":"https:\/\/alphea.it\/pt-pt\/products\/body-pt-pt\/cell-pro-line-pt-pt\/creme-de-lama\/#breadcrumb","itemListElement":[{"@type":"ListItem","position":1,"name":"Home","item":"https:\/\/alphea.it\/pt-pt\/"},{"@type":"ListItem","position":2,"name":"Shop","item":"https:\/\/alphea.it\/pt-pt\/shop\/"},{"@type":"ListItem","position":3,"name":"Creme de lama"}]},{"@type":"WebSite","@id":"https:\/\/alphea.it\/#website","url":"https:\/\/alphea.it\/","name":"Alphea","description":"Beauty Line","potentialAction":[{"@type":"SearchAction","target":{"@type":"EntryPoint","urlTemplate":"https:\/\/alphea.it\/?s={search_term_string}"},"query-input":{"@type":"PropertyValueSpecification","valueRequired":true,"valueName":"search_term_string"}}],"inLanguage":"pt-PT"}]}},"_links":{"self":[{"href":"https:\/\/alphea.it\/pt-pt\/wp-json\/wp\/v2\/product\/1573","targetHints":{"allow":["GET"]}}],"collection":[{"href":"https:\/\/alphea.it\/pt-pt\/wp-json\/wp\/v2\/product"}],"about":[{"href":"https:\/\/alphea.it\/pt-pt\/wp-json\/wp\/v2\/types\/product"}],"replies":[{"embeddable":true,"href":"https:\/\/alphea.it\/pt-pt\/wp-json\/wp\/v2\/comments?post=1573"}],"wp:featuredmedia":[{"embeddable":true,"href":"https:\/\/alphea.it\/pt-pt\/wp-json\/wp\/v2\/media\/1875"}],"wp:attachment":[{"href":"https:\/\/alphea.it\/pt-pt\/wp-json\/wp\/v2\/media?parent=1573"}],"wp:term":[{"taxonomy":"product_brand","embeddable":true,"href":"https:\/\/alphea.it\/pt-pt\/wp-json\/wp\/v2\/product_brand?post=1573"},{"taxonomy":"product_cat","embeddable":true,"href":"https:\/\/alphea.it\/pt-pt\/wp-json\/wp\/v2\/product_cat?post=1573"},{"taxonomy":"product_tag","embeddable":true,"href":"https:\/\/alphea.it\/pt-pt\/wp-json\/wp\/v2\/product_tag?post=1573"}],"curies":[{"name":"wp","href":"https:\/\/api.w.org\/{rel}","templated":true}]}}