{"id":1571,"date":"2015-12-15T17:11:35","date_gmt":"2015-12-15T16:11:35","guid":{"rendered":"https:\/\/alphea.it\/products\/sem%20categoria\/locao-termica-de-envolvimento-a-quente\/"},"modified":"2022-03-09T15:28:34","modified_gmt":"2022-03-09T14:28:34","slug":"locao-termica-de-envolvimento-a-quente","status":"publish","type":"product","link":"https:\/\/alphea.it\/pt-pt\/products\/body-pt-pt\/cell-pro-line-pt-pt\/locao-termica-de-envolvimento-a-quente\/","title":{"rendered":"Lo\u00e7\u00e3o t\u00e9rmica de envolvimento a quente"},"content":{"rendered":"","protected":false},"excerpt":{"rendered":"<p><span style=\"font-weight: 400;\">A <\/span><b>lo\u00e7\u00e3o t\u00e9rmica de envolvimento a quente<\/b><span style=\"font-weight: 400;\"> Alphea Cell-pro \u00e9 indicada para peles com tend\u00eancia para a celulite e relaxamento cut\u00e2neo. Confere uma sensa\u00e7\u00e3o ben\u00e9fica de calor e devolve a tonicidade e elasticidade \u00e0 pele. A lo\u00e7\u00e3o de aquecimento cont\u00e9m in\u00fameros princ\u00edpios ativos funcionais que <\/span><b>reduzem eficazmente as acumula\u00e7\u00f5es adiposas<\/b><span style=\"font-weight: 400;\">, regenerando a pele, para uma a\u00e7\u00e3o anticelulite: os extratos de <\/span><b>capsicum, ginseng, arnica e ch\u00e1 verde<\/b><span style=\"font-weight: 400;\"> favorecem a aspers\u00e3o sangu\u00ednea, estimulando a circula\u00e7\u00e3o perif\u00e9rica e cumprindo a fun\u00e7\u00e3o de vasodilatadores. Extremamente eficiente na solicita\u00e7\u00e3o dos tecidos adiposos, a lo\u00e7\u00e3o a quente Cell-pro n\u00e3o \u00e9 adequada para <\/span><b>peles delicadas<\/b><span style=\"font-weight: 400;\"> com problemas de varizes e capilares.<\/span><\/p>\n<p><span style=\"font-weight: 400;\">Uso profissional<\/span><\/p>\n<p><span style=\"font-weight: 400;\">Formato de 500 ml<\/span><\/p>\n","protected":false},"featured_media":1211,"comment_status":"closed","ping_status":"closed","template":"","meta":{"_acf_changed":false},"product_brand":[],"product_cat":[55,56],"product_tag":[],"class_list":{"0":"post-1571","1":"product","2":"type-product","3":"status-publish","4":"has-post-thumbnail","6":"product_cat-body-pt-pt","7":"product_cat-cell-pro-line-pt-pt","9":"first","10":"instock","11":"shipping-taxable","12":"product-type-simple"},"acf":[],"yoast_head":"<!-- This site is optimized with the Yoast SEO plugin v26.8 - https:\/\/yoast.com\/product\/yoast-seo-wordpress\/ -->\n<title>Lo\u00e7\u00e3o t\u00e9rmica de envolvimento a quente - Alphea<\/title>\n<meta name=\"description\" content=\"A lo\u00e7\u00e3o t\u00e9rmica de envolvimento a quente Alphea Cell-pro \u00e9 indicada para peles com tend\u00eancia para a celulite e relaxamento cut\u00e2neo.\" \/>\n<meta name=\"robots\" content=\"index, follow, max-snippet:-1, max-image-preview:large, max-video-preview:-1\" \/>\n<link rel=\"canonical\" href=\"https:\/\/alphea.it\/pt-pt\/products\/body-pt-pt\/cell-pro-line-pt-pt\/locao-termica-de-envolvimento-a-quente\/\" \/>\n<meta property=\"og:locale\" content=\"pt_PT\" \/>\n<meta property=\"og:type\" content=\"article\" \/>\n<meta property=\"og:title\" content=\"Lo\u00e7\u00e3o t\u00e9rmica de envolvimento a quente - Alphea\" \/>\n<meta property=\"og:description\" content=\"A lo\u00e7\u00e3o t\u00e9rmica de envolvimento a quente Alphea Cell-pro \u00e9 indicada para peles com tend\u00eancia para a celulite e relaxamento cut\u00e2neo.\" \/>\n<meta property=\"og:url\" content=\"https:\/\/alphea.it\/pt-pt\/products\/body-pt-pt\/cell-pro-line-pt-pt\/locao-termica-de-envolvimento-a-quente\/\" \/>\n<meta property=\"og:site_name\" content=\"Alphea\" \/>\n<meta property=\"article:modified_time\" content=\"2022-03-09T14:28:34+00:00\" \/>\n<meta property=\"og:image\" content=\"https:\/\/alphea.it\/wp-content\/uploads\/2015\/12\/alphea_cell_pro_thermo_lozione_bendaggio_a_caldo.png\" \/>\n\t<meta property=\"og:image:width\" content=\"600\" \/>\n\t<meta property=\"og:image:height\" content=\"600\" \/>\n\t<meta property=\"og:image:type\" content=\"image\/png\" \/>\n<meta name=\"twitter:card\" content=\"summary_large_image\" \/>\n<script type=\"application\/ld+json\" class=\"yoast-schema-graph\">{\"@context\":\"https:\/\/schema.org\",\"@graph\":[{\"@type\":\"WebPage\",\"@id\":\"https:\/\/alphea.it\/pt-pt\/products\/body-pt-pt\/cell-pro-line-pt-pt\/locao-termica-de-envolvimento-a-quente\/\",\"url\":\"https:\/\/alphea.it\/pt-pt\/products\/body-pt-pt\/cell-pro-line-pt-pt\/locao-termica-de-envolvimento-a-quente\/\",\"name\":\"Lo\u00e7\u00e3o t\u00e9rmica de envolvimento a quente - Alphea\",\"isPartOf\":{\"@id\":\"https:\/\/alphea.it\/#website\"},\"primaryImageOfPage\":{\"@id\":\"https:\/\/alphea.it\/pt-pt\/products\/body-pt-pt\/cell-pro-line-pt-pt\/locao-termica-de-envolvimento-a-quente\/#primaryimage\"},\"image\":{\"@id\":\"https:\/\/alphea.it\/pt-pt\/products\/body-pt-pt\/cell-pro-line-pt-pt\/locao-termica-de-envolvimento-a-quente\/#primaryimage\"},\"thumbnailUrl\":\"https:\/\/alphea.it\/wp-content\/uploads\/2015\/12\/alphea_cell_pro_thermo_lozione_bendaggio_a_caldo.png\",\"datePublished\":\"2015-12-15T16:11:35+00:00\",\"dateModified\":\"2022-03-09T14:28:34+00:00\",\"description\":\"A lo\u00e7\u00e3o t\u00e9rmica de envolvimento a quente Alphea Cell-pro \u00e9 indicada para peles com tend\u00eancia para a celulite e relaxamento cut\u00e2neo.\",\"breadcrumb\":{\"@id\":\"https:\/\/alphea.it\/pt-pt\/products\/body-pt-pt\/cell-pro-line-pt-pt\/locao-termica-de-envolvimento-a-quente\/#breadcrumb\"},\"inLanguage\":\"pt-PT\",\"potentialAction\":[{\"@type\":\"ReadAction\",\"target\":[\"https:\/\/alphea.it\/pt-pt\/products\/body-pt-pt\/cell-pro-line-pt-pt\/locao-termica-de-envolvimento-a-quente\/\"]}]},{\"@type\":\"ImageObject\",\"inLanguage\":\"pt-PT\",\"@id\":\"https:\/\/alphea.it\/pt-pt\/products\/body-pt-pt\/cell-pro-line-pt-pt\/locao-termica-de-envolvimento-a-quente\/#primaryimage\",\"url\":\"https:\/\/alphea.it\/wp-content\/uploads\/2015\/12\/alphea_cell_pro_thermo_lozione_bendaggio_a_caldo.png\",\"contentUrl\":\"https:\/\/alphea.it\/wp-content\/uploads\/2015\/12\/alphea_cell_pro_thermo_lozione_bendaggio_a_caldo.png\",\"width\":600,\"height\":600},{\"@type\":\"BreadcrumbList\",\"@id\":\"https:\/\/alphea.it\/pt-pt\/products\/body-pt-pt\/cell-pro-line-pt-pt\/locao-termica-de-envolvimento-a-quente\/#breadcrumb\",\"itemListElement\":[{\"@type\":\"ListItem\",\"position\":1,\"name\":\"Home\",\"item\":\"https:\/\/alphea.it\/pt-pt\/\"},{\"@type\":\"ListItem\",\"position\":2,\"name\":\"Shop\",\"item\":\"https:\/\/alphea.it\/pt-pt\/shop\/\"},{\"@type\":\"ListItem\",\"position\":3,\"name\":\"Lo\u00e7\u00e3o t\u00e9rmica de envolvimento a quente\"}]},{\"@type\":\"WebSite\",\"@id\":\"https:\/\/alphea.it\/#website\",\"url\":\"https:\/\/alphea.it\/\",\"name\":\"Alphea\",\"description\":\"Beauty Line\",\"potentialAction\":[{\"@type\":\"SearchAction\",\"target\":{\"@type\":\"EntryPoint\",\"urlTemplate\":\"https:\/\/alphea.it\/?s={search_term_string}\"},\"query-input\":{\"@type\":\"PropertyValueSpecification\",\"valueRequired\":true,\"valueName\":\"search_term_string\"}}],\"inLanguage\":\"pt-PT\"}]}<\/script>\n<!-- \/ Yoast SEO plugin. -->","yoast_head_json":{"title":"Lo\u00e7\u00e3o t\u00e9rmica de envolvimento a quente - Alphea","description":"A lo\u00e7\u00e3o t\u00e9rmica de envolvimento a quente Alphea Cell-pro \u00e9 indicada para peles com tend\u00eancia para a celulite e relaxamento cut\u00e2neo.","robots":{"index":"index","follow":"follow","max-snippet":"max-snippet:-1","max-image-preview":"max-image-preview:large","max-video-preview":"max-video-preview:-1"},"canonical":"https:\/\/alphea.it\/pt-pt\/products\/body-pt-pt\/cell-pro-line-pt-pt\/locao-termica-de-envolvimento-a-quente\/","og_locale":"pt_PT","og_type":"article","og_title":"Lo\u00e7\u00e3o t\u00e9rmica de envolvimento a quente - Alphea","og_description":"A lo\u00e7\u00e3o t\u00e9rmica de envolvimento a quente Alphea Cell-pro \u00e9 indicada para peles com tend\u00eancia para a celulite e relaxamento cut\u00e2neo.","og_url":"https:\/\/alphea.it\/pt-pt\/products\/body-pt-pt\/cell-pro-line-pt-pt\/locao-termica-de-envolvimento-a-quente\/","og_site_name":"Alphea","article_modified_time":"2022-03-09T14:28:34+00:00","og_image":[{"width":600,"height":600,"url":"https:\/\/alphea.it\/wp-content\/uploads\/2015\/12\/alphea_cell_pro_thermo_lozione_bendaggio_a_caldo.png","type":"image\/png"}],"twitter_card":"summary_large_image","schema":{"@context":"https:\/\/schema.org","@graph":[{"@type":"WebPage","@id":"https:\/\/alphea.it\/pt-pt\/products\/body-pt-pt\/cell-pro-line-pt-pt\/locao-termica-de-envolvimento-a-quente\/","url":"https:\/\/alphea.it\/pt-pt\/products\/body-pt-pt\/cell-pro-line-pt-pt\/locao-termica-de-envolvimento-a-quente\/","name":"Lo\u00e7\u00e3o t\u00e9rmica de envolvimento a quente - Alphea","isPartOf":{"@id":"https:\/\/alphea.it\/#website"},"primaryImageOfPage":{"@id":"https:\/\/alphea.it\/pt-pt\/products\/body-pt-pt\/cell-pro-line-pt-pt\/locao-termica-de-envolvimento-a-quente\/#primaryimage"},"image":{"@id":"https:\/\/alphea.it\/pt-pt\/products\/body-pt-pt\/cell-pro-line-pt-pt\/locao-termica-de-envolvimento-a-quente\/#primaryimage"},"thumbnailUrl":"https:\/\/alphea.it\/wp-content\/uploads\/2015\/12\/alphea_cell_pro_thermo_lozione_bendaggio_a_caldo.png","datePublished":"2015-12-15T16:11:35+00:00","dateModified":"2022-03-09T14:28:34+00:00","description":"A lo\u00e7\u00e3o t\u00e9rmica de envolvimento a quente Alphea Cell-pro \u00e9 indicada para peles com tend\u00eancia para a celulite e relaxamento cut\u00e2neo.","breadcrumb":{"@id":"https:\/\/alphea.it\/pt-pt\/products\/body-pt-pt\/cell-pro-line-pt-pt\/locao-termica-de-envolvimento-a-quente\/#breadcrumb"},"inLanguage":"pt-PT","potentialAction":[{"@type":"ReadAction","target":["https:\/\/alphea.it\/pt-pt\/products\/body-pt-pt\/cell-pro-line-pt-pt\/locao-termica-de-envolvimento-a-quente\/"]}]},{"@type":"ImageObject","inLanguage":"pt-PT","@id":"https:\/\/alphea.it\/pt-pt\/products\/body-pt-pt\/cell-pro-line-pt-pt\/locao-termica-de-envolvimento-a-quente\/#primaryimage","url":"https:\/\/alphea.it\/wp-content\/uploads\/2015\/12\/alphea_cell_pro_thermo_lozione_bendaggio_a_caldo.png","contentUrl":"https:\/\/alphea.it\/wp-content\/uploads\/2015\/12\/alphea_cell_pro_thermo_lozione_bendaggio_a_caldo.png","width":600,"height":600},{"@type":"BreadcrumbList","@id":"https:\/\/alphea.it\/pt-pt\/products\/body-pt-pt\/cell-pro-line-pt-pt\/locao-termica-de-envolvimento-a-quente\/#breadcrumb","itemListElement":[{"@type":"ListItem","position":1,"name":"Home","item":"https:\/\/alphea.it\/pt-pt\/"},{"@type":"ListItem","position":2,"name":"Shop","item":"https:\/\/alphea.it\/pt-pt\/shop\/"},{"@type":"ListItem","position":3,"name":"Lo\u00e7\u00e3o t\u00e9rmica de envolvimento a quente"}]},{"@type":"WebSite","@id":"https:\/\/alphea.it\/#website","url":"https:\/\/alphea.it\/","name":"Alphea","description":"Beauty Line","potentialAction":[{"@type":"SearchAction","target":{"@type":"EntryPoint","urlTemplate":"https:\/\/alphea.it\/?s={search_term_string}"},"query-input":{"@type":"PropertyValueSpecification","valueRequired":true,"valueName":"search_term_string"}}],"inLanguage":"pt-PT"}]}},"_links":{"self":[{"href":"https:\/\/alphea.it\/pt-pt\/wp-json\/wp\/v2\/product\/1571","targetHints":{"allow":["GET"]}}],"collection":[{"href":"https:\/\/alphea.it\/pt-pt\/wp-json\/wp\/v2\/product"}],"about":[{"href":"https:\/\/alphea.it\/pt-pt\/wp-json\/wp\/v2\/types\/product"}],"replies":[{"embeddable":true,"href":"https:\/\/alphea.it\/pt-pt\/wp-json\/wp\/v2\/comments?post=1571"}],"wp:featuredmedia":[{"embeddable":true,"href":"https:\/\/alphea.it\/pt-pt\/wp-json\/wp\/v2\/media\/1211"}],"wp:attachment":[{"href":"https:\/\/alphea.it\/pt-pt\/wp-json\/wp\/v2\/media?parent=1571"}],"wp:term":[{"taxonomy":"product_brand","embeddable":true,"href":"https:\/\/alphea.it\/pt-pt\/wp-json\/wp\/v2\/product_brand?post=1571"},{"taxonomy":"product_cat","embeddable":true,"href":"https:\/\/alphea.it\/pt-pt\/wp-json\/wp\/v2\/product_cat?post=1571"},{"taxonomy":"product_tag","embeddable":true,"href":"https:\/\/alphea.it\/pt-pt\/wp-json\/wp\/v2\/product_tag?post=1571"}],"curies":[{"name":"wp","href":"https:\/\/api.w.org\/{rel}","templated":true}]}}