{"id":1569,"date":"2015-12-15T17:05:43","date_gmt":"2015-12-15T16:05:43","guid":{"rendered":"https:\/\/alphea.it\/products\/sem%20categoria\/creme-termico-de-massagem\/"},"modified":"2022-03-09T15:22:26","modified_gmt":"2022-03-09T14:22:26","slug":"creme-termico-de-massagem","status":"publish","type":"product","link":"https:\/\/alphea.it\/pt-pt\/products\/body-pt-pt\/cell-pro-line-pt-pt\/creme-termico-de-massagem\/","title":{"rendered":"Creme t\u00e9rmico de massagem"},"content":{"rendered":"","protected":false},"excerpt":{"rendered":"<p><span style=\"font-weight: 400;\">O<\/span><b> creme t\u00e9rmico de massagem profissional<\/b><span style=\"font-weight: 400;\"> Alphea Cell-Pro com a\u00e7\u00e3o intensiva confere uma sensa\u00e7\u00e3o de calor imediata e ben\u00e9fica e, gra\u00e7as aos princ\u00edpios ativos anticelulite, favorece a oxigena\u00e7\u00e3o dos tecidos, hidrata e deixa a pele <\/span><b>uniforme e firme,<\/b><span style=\"font-weight: 400;\"> combatendo os problemas est\u00e9ticos cut\u00e2neos relacionados com a gordura localizada e a celulite. A atividade termog\u00e9nica intensa \u00e9 combinada com a <\/span><b>a\u00e7\u00e3o de drenagem das toxinas e impurezas celulares,<\/b><span style=\"font-weight: 400;\"> devolvendo assim \u00e0 pele a tonicidade e elasticidade perdidas, <\/span><b>eliminando o aspeto inest\u00e9tico de casca de laranja<\/b><span style=\"font-weight: 400;\">.<\/span><\/p>\n<p><span style=\"font-weight: 400;\">Uso profissional<\/span><\/p>\n<p><span style=\"font-weight: 400;\">Formato de 500 ml<\/span><\/p>\n","protected":false},"featured_media":1213,"comment_status":"closed","ping_status":"closed","template":"","meta":{"_acf_changed":false},"product_brand":[],"product_cat":[55,56],"product_tag":[],"class_list":{"0":"post-1569","1":"product","2":"type-product","3":"status-publish","4":"has-post-thumbnail","6":"product_cat-body-pt-pt","7":"product_cat-cell-pro-line-pt-pt","9":"first","10":"instock","11":"shipping-taxable","12":"product-type-simple"},"acf":[],"yoast_head":"<!-- This site is optimized with the Yoast SEO plugin v26.8 - https:\/\/yoast.com\/product\/yoast-seo-wordpress\/ -->\n<title>Alphea - Creme t\u00e9rmico de massagem<\/title>\n<meta name=\"description\" content=\"O creme t\u00e9rmico de massagem profissional Alphea Cell-Pro confere uma sensa\u00e7\u00e3o de calor imediata e ben\u00e9fica e favorece a oxigena\u00e7\u00e3o dos tecidos.\" \/>\n<meta name=\"robots\" content=\"index, follow, max-snippet:-1, max-image-preview:large, max-video-preview:-1\" \/>\n<link rel=\"canonical\" href=\"https:\/\/alphea.it\/pt-pt\/products\/body-pt-pt\/cell-pro-line-pt-pt\/creme-termico-de-massagem\/\" \/>\n<meta property=\"og:locale\" content=\"pt_PT\" \/>\n<meta property=\"og:type\" content=\"article\" \/>\n<meta property=\"og:title\" content=\"Alphea - Creme t\u00e9rmico de massagem\" \/>\n<meta property=\"og:description\" content=\"O creme t\u00e9rmico de massagem profissional Alphea Cell-Pro confere uma sensa\u00e7\u00e3o de calor imediata e ben\u00e9fica e favorece a oxigena\u00e7\u00e3o dos tecidos.\" \/>\n<meta property=\"og:url\" content=\"https:\/\/alphea.it\/pt-pt\/products\/body-pt-pt\/cell-pro-line-pt-pt\/creme-termico-de-massagem\/\" \/>\n<meta property=\"og:site_name\" content=\"Alphea\" \/>\n<meta property=\"article:modified_time\" content=\"2022-03-09T14:22:26+00:00\" \/>\n<meta property=\"og:image\" content=\"https:\/\/alphea.it\/wp-content\/uploads\/2015\/12\/alphea_cell_pro_thermocrema_massaggio_500g.png\" \/>\n\t<meta property=\"og:image:width\" content=\"600\" \/>\n\t<meta property=\"og:image:height\" content=\"600\" \/>\n\t<meta property=\"og:image:type\" content=\"image\/png\" \/>\n<meta name=\"twitter:card\" content=\"summary_large_image\" \/>\n<script type=\"application\/ld+json\" class=\"yoast-schema-graph\">{\"@context\":\"https:\/\/schema.org\",\"@graph\":[{\"@type\":\"WebPage\",\"@id\":\"https:\/\/alphea.it\/pt-pt\/products\/body-pt-pt\/cell-pro-line-pt-pt\/creme-termico-de-massagem\/\",\"url\":\"https:\/\/alphea.it\/pt-pt\/products\/body-pt-pt\/cell-pro-line-pt-pt\/creme-termico-de-massagem\/\",\"name\":\"Alphea - Creme t\u00e9rmico de massagem\",\"isPartOf\":{\"@id\":\"https:\/\/alphea.it\/#website\"},\"primaryImageOfPage\":{\"@id\":\"https:\/\/alphea.it\/pt-pt\/products\/body-pt-pt\/cell-pro-line-pt-pt\/creme-termico-de-massagem\/#primaryimage\"},\"image\":{\"@id\":\"https:\/\/alphea.it\/pt-pt\/products\/body-pt-pt\/cell-pro-line-pt-pt\/creme-termico-de-massagem\/#primaryimage\"},\"thumbnailUrl\":\"https:\/\/alphea.it\/wp-content\/uploads\/2015\/12\/alphea_cell_pro_thermocrema_massaggio_500g.png\",\"datePublished\":\"2015-12-15T16:05:43+00:00\",\"dateModified\":\"2022-03-09T14:22:26+00:00\",\"description\":\"O creme t\u00e9rmico de massagem profissional Alphea Cell-Pro confere uma sensa\u00e7\u00e3o de calor imediata e ben\u00e9fica e favorece a oxigena\u00e7\u00e3o dos tecidos.\",\"breadcrumb\":{\"@id\":\"https:\/\/alphea.it\/pt-pt\/products\/body-pt-pt\/cell-pro-line-pt-pt\/creme-termico-de-massagem\/#breadcrumb\"},\"inLanguage\":\"pt-PT\",\"potentialAction\":[{\"@type\":\"ReadAction\",\"target\":[\"https:\/\/alphea.it\/pt-pt\/products\/body-pt-pt\/cell-pro-line-pt-pt\/creme-termico-de-massagem\/\"]}]},{\"@type\":\"ImageObject\",\"inLanguage\":\"pt-PT\",\"@id\":\"https:\/\/alphea.it\/pt-pt\/products\/body-pt-pt\/cell-pro-line-pt-pt\/creme-termico-de-massagem\/#primaryimage\",\"url\":\"https:\/\/alphea.it\/wp-content\/uploads\/2015\/12\/alphea_cell_pro_thermocrema_massaggio_500g.png\",\"contentUrl\":\"https:\/\/alphea.it\/wp-content\/uploads\/2015\/12\/alphea_cell_pro_thermocrema_massaggio_500g.png\",\"width\":600,\"height\":600},{\"@type\":\"BreadcrumbList\",\"@id\":\"https:\/\/alphea.it\/pt-pt\/products\/body-pt-pt\/cell-pro-line-pt-pt\/creme-termico-de-massagem\/#breadcrumb\",\"itemListElement\":[{\"@type\":\"ListItem\",\"position\":1,\"name\":\"Home\",\"item\":\"https:\/\/alphea.it\/pt-pt\/\"},{\"@type\":\"ListItem\",\"position\":2,\"name\":\"Shop\",\"item\":\"https:\/\/alphea.it\/pt-pt\/shop\/\"},{\"@type\":\"ListItem\",\"position\":3,\"name\":\"Creme t\u00e9rmico de massagem\"}]},{\"@type\":\"WebSite\",\"@id\":\"https:\/\/alphea.it\/#website\",\"url\":\"https:\/\/alphea.it\/\",\"name\":\"Alphea\",\"description\":\"Beauty Line\",\"potentialAction\":[{\"@type\":\"SearchAction\",\"target\":{\"@type\":\"EntryPoint\",\"urlTemplate\":\"https:\/\/alphea.it\/?s={search_term_string}\"},\"query-input\":{\"@type\":\"PropertyValueSpecification\",\"valueRequired\":true,\"valueName\":\"search_term_string\"}}],\"inLanguage\":\"pt-PT\"}]}<\/script>\n<!-- \/ Yoast SEO plugin. -->","yoast_head_json":{"title":"Alphea - Creme t\u00e9rmico de massagem","description":"O creme t\u00e9rmico de massagem profissional Alphea Cell-Pro confere uma sensa\u00e7\u00e3o de calor imediata e ben\u00e9fica e favorece a oxigena\u00e7\u00e3o dos tecidos.","robots":{"index":"index","follow":"follow","max-snippet":"max-snippet:-1","max-image-preview":"max-image-preview:large","max-video-preview":"max-video-preview:-1"},"canonical":"https:\/\/alphea.it\/pt-pt\/products\/body-pt-pt\/cell-pro-line-pt-pt\/creme-termico-de-massagem\/","og_locale":"pt_PT","og_type":"article","og_title":"Alphea - Creme t\u00e9rmico de massagem","og_description":"O creme t\u00e9rmico de massagem profissional Alphea Cell-Pro confere uma sensa\u00e7\u00e3o de calor imediata e ben\u00e9fica e favorece a oxigena\u00e7\u00e3o dos tecidos.","og_url":"https:\/\/alphea.it\/pt-pt\/products\/body-pt-pt\/cell-pro-line-pt-pt\/creme-termico-de-massagem\/","og_site_name":"Alphea","article_modified_time":"2022-03-09T14:22:26+00:00","og_image":[{"width":600,"height":600,"url":"https:\/\/alphea.it\/wp-content\/uploads\/2015\/12\/alphea_cell_pro_thermocrema_massaggio_500g.png","type":"image\/png"}],"twitter_card":"summary_large_image","schema":{"@context":"https:\/\/schema.org","@graph":[{"@type":"WebPage","@id":"https:\/\/alphea.it\/pt-pt\/products\/body-pt-pt\/cell-pro-line-pt-pt\/creme-termico-de-massagem\/","url":"https:\/\/alphea.it\/pt-pt\/products\/body-pt-pt\/cell-pro-line-pt-pt\/creme-termico-de-massagem\/","name":"Alphea - Creme t\u00e9rmico de massagem","isPartOf":{"@id":"https:\/\/alphea.it\/#website"},"primaryImageOfPage":{"@id":"https:\/\/alphea.it\/pt-pt\/products\/body-pt-pt\/cell-pro-line-pt-pt\/creme-termico-de-massagem\/#primaryimage"},"image":{"@id":"https:\/\/alphea.it\/pt-pt\/products\/body-pt-pt\/cell-pro-line-pt-pt\/creme-termico-de-massagem\/#primaryimage"},"thumbnailUrl":"https:\/\/alphea.it\/wp-content\/uploads\/2015\/12\/alphea_cell_pro_thermocrema_massaggio_500g.png","datePublished":"2015-12-15T16:05:43+00:00","dateModified":"2022-03-09T14:22:26+00:00","description":"O creme t\u00e9rmico de massagem profissional Alphea Cell-Pro confere uma sensa\u00e7\u00e3o de calor imediata e ben\u00e9fica e favorece a oxigena\u00e7\u00e3o dos tecidos.","breadcrumb":{"@id":"https:\/\/alphea.it\/pt-pt\/products\/body-pt-pt\/cell-pro-line-pt-pt\/creme-termico-de-massagem\/#breadcrumb"},"inLanguage":"pt-PT","potentialAction":[{"@type":"ReadAction","target":["https:\/\/alphea.it\/pt-pt\/products\/body-pt-pt\/cell-pro-line-pt-pt\/creme-termico-de-massagem\/"]}]},{"@type":"ImageObject","inLanguage":"pt-PT","@id":"https:\/\/alphea.it\/pt-pt\/products\/body-pt-pt\/cell-pro-line-pt-pt\/creme-termico-de-massagem\/#primaryimage","url":"https:\/\/alphea.it\/wp-content\/uploads\/2015\/12\/alphea_cell_pro_thermocrema_massaggio_500g.png","contentUrl":"https:\/\/alphea.it\/wp-content\/uploads\/2015\/12\/alphea_cell_pro_thermocrema_massaggio_500g.png","width":600,"height":600},{"@type":"BreadcrumbList","@id":"https:\/\/alphea.it\/pt-pt\/products\/body-pt-pt\/cell-pro-line-pt-pt\/creme-termico-de-massagem\/#breadcrumb","itemListElement":[{"@type":"ListItem","position":1,"name":"Home","item":"https:\/\/alphea.it\/pt-pt\/"},{"@type":"ListItem","position":2,"name":"Shop","item":"https:\/\/alphea.it\/pt-pt\/shop\/"},{"@type":"ListItem","position":3,"name":"Creme t\u00e9rmico de massagem"}]},{"@type":"WebSite","@id":"https:\/\/alphea.it\/#website","url":"https:\/\/alphea.it\/","name":"Alphea","description":"Beauty Line","potentialAction":[{"@type":"SearchAction","target":{"@type":"EntryPoint","urlTemplate":"https:\/\/alphea.it\/?s={search_term_string}"},"query-input":{"@type":"PropertyValueSpecification","valueRequired":true,"valueName":"search_term_string"}}],"inLanguage":"pt-PT"}]}},"_links":{"self":[{"href":"https:\/\/alphea.it\/pt-pt\/wp-json\/wp\/v2\/product\/1569","targetHints":{"allow":["GET"]}}],"collection":[{"href":"https:\/\/alphea.it\/pt-pt\/wp-json\/wp\/v2\/product"}],"about":[{"href":"https:\/\/alphea.it\/pt-pt\/wp-json\/wp\/v2\/types\/product"}],"replies":[{"embeddable":true,"href":"https:\/\/alphea.it\/pt-pt\/wp-json\/wp\/v2\/comments?post=1569"}],"wp:featuredmedia":[{"embeddable":true,"href":"https:\/\/alphea.it\/pt-pt\/wp-json\/wp\/v2\/media\/1213"}],"wp:attachment":[{"href":"https:\/\/alphea.it\/pt-pt\/wp-json\/wp\/v2\/media?parent=1569"}],"wp:term":[{"taxonomy":"product_brand","embeddable":true,"href":"https:\/\/alphea.it\/pt-pt\/wp-json\/wp\/v2\/product_brand?post=1569"},{"taxonomy":"product_cat","embeddable":true,"href":"https:\/\/alphea.it\/pt-pt\/wp-json\/wp\/v2\/product_cat?post=1569"},{"taxonomy":"product_tag","embeddable":true,"href":"https:\/\/alphea.it\/pt-pt\/wp-json\/wp\/v2\/product_tag?post=1569"}],"curies":[{"name":"wp","href":"https:\/\/api.w.org\/{rel}","templated":true}]}}