{"id":1566,"date":"2016-03-29T11:00:20","date_gmt":"2016-03-29T09:00:20","guid":{"rendered":"https:\/\/alphea.it\/products\/sem%20categoria\/lama-ativa-efeito-frio\/"},"modified":"2022-03-10T17:10:33","modified_gmt":"2022-03-10T16:10:33","slug":"lama-ativa-efeito-frio","status":"publish","type":"product","link":"https:\/\/alphea.it\/pt-pt\/products\/body-pt-pt\/cell-pro-line-pt-pt\/lama-ativa-efeito-frio\/","title":{"rendered":"Lama ativa efeito frio"},"content":{"rendered":"","protected":false},"excerpt":{"rendered":"<p><span style=\"font-weight: 400;\">A <\/span><b>lama ativa efeito frio<\/b><span style=\"font-weight: 400;\"> Alphea foi desenvolvida para favorecer a a\u00e7\u00e3o drenante e facilitar a elimina\u00e7\u00e3o do excesso de l\u00edquidos, combatendo as adiposidades localizadas e os problemas est\u00e9ticos causados pela celulite. Gra\u00e7as \u00e0 atua\u00e7\u00e3o sin\u00e9rgica dos <\/span><b>princ\u00edpios ativos preciosos<\/b><span style=\"font-weight: 400;\"> contidos na sua formula\u00e7\u00e3o exclusiva, \u00e9 ideal para tratar pontos cr\u00edticos do corpo: <\/span><b>reafirmando e tonificando<\/b><span style=\"font-weight: 400;\"> os tecidos atrav\u00e9s dos benef\u00edcios do frio, deixa a pele <\/span><b>suave, el\u00e1stica e mais compacta<\/b><span style=\"font-weight: 400;\">. A lama tonificante efeito frio Alphea \u00e9 particularmente indicada para peles sens\u00edveis e com fragilidades capilares.<\/span><\/p>\n<p><span style=\"font-weight: 400;\">Uso profissional<\/span><\/p>\n<p><span style=\"font-weight: 400;\">Formato de 500 ml<\/span><\/p>\n","protected":false},"featured_media":1205,"comment_status":"closed","ping_status":"closed","template":"","meta":{"_acf_changed":false},"product_brand":[],"product_cat":[55,56],"product_tag":[],"class_list":{"0":"post-1566","1":"product","2":"type-product","3":"status-publish","4":"has-post-thumbnail","6":"product_cat-body-pt-pt","7":"product_cat-cell-pro-line-pt-pt","9":"first","10":"instock","11":"shipping-taxable","12":"product-type-simple"},"acf":[],"yoast_head":"<!-- This site is optimized with the Yoast SEO plugin v26.8 - https:\/\/yoast.com\/product\/yoast-seo-wordpress\/ -->\n<title>Alphea - Lama ativa efeito frio<\/title>\n<meta name=\"description\" content=\"A lama ativa efeito frio Alphea foi desenvolvida para favorecer a a\u00e7\u00e3o drenante e facilitar a elimina\u00e7\u00e3o do excesso de l\u00edquidos, combatendo as adiposidades localizadas e os problemas est\u00e9ticos causados pela celulite.\" \/>\n<meta name=\"robots\" content=\"index, follow, max-snippet:-1, max-image-preview:large, max-video-preview:-1\" \/>\n<link rel=\"canonical\" href=\"https:\/\/alphea.it\/pt-pt\/products\/body-pt-pt\/cell-pro-line-pt-pt\/lama-ativa-efeito-frio\/\" \/>\n<meta property=\"og:locale\" content=\"pt_PT\" \/>\n<meta property=\"og:type\" content=\"article\" \/>\n<meta property=\"og:title\" content=\"Alphea - Lama ativa efeito frio\" \/>\n<meta property=\"og:description\" content=\"A lama ativa efeito frio Alphea foi desenvolvida para favorecer a a\u00e7\u00e3o drenante e facilitar a elimina\u00e7\u00e3o do excesso de l\u00edquidos, combatendo as adiposidades localizadas e os problemas est\u00e9ticos causados pela celulite.\" \/>\n<meta property=\"og:url\" content=\"https:\/\/alphea.it\/pt-pt\/products\/body-pt-pt\/cell-pro-line-pt-pt\/lama-ativa-efeito-frio\/\" \/>\n<meta property=\"og:site_name\" content=\"Alphea\" \/>\n<meta property=\"article:modified_time\" content=\"2022-03-10T16:10:33+00:00\" \/>\n<meta property=\"og:image\" content=\"https:\/\/alphea.it\/wp-content\/uploads\/2016\/03\/alphea_cell_pro_fango_attivo_effetto_freddo_1000g.png\" \/>\n\t<meta property=\"og:image:width\" content=\"600\" \/>\n\t<meta property=\"og:image:height\" content=\"600\" \/>\n\t<meta property=\"og:image:type\" content=\"image\/png\" \/>\n<meta name=\"twitter:card\" content=\"summary_large_image\" \/>\n<meta name=\"twitter:label1\" content=\"Tempo estimado de leitura\" \/>\n\t<meta name=\"twitter:data1\" content=\"1 minuto\" \/>\n<script type=\"application\/ld+json\" class=\"yoast-schema-graph\">{\"@context\":\"https:\/\/schema.org\",\"@graph\":[{\"@type\":\"WebPage\",\"@id\":\"https:\/\/alphea.it\/pt-pt\/products\/body-pt-pt\/cell-pro-line-pt-pt\/lama-ativa-efeito-frio\/\",\"url\":\"https:\/\/alphea.it\/pt-pt\/products\/body-pt-pt\/cell-pro-line-pt-pt\/lama-ativa-efeito-frio\/\",\"name\":\"Alphea - Lama ativa efeito frio\",\"isPartOf\":{\"@id\":\"https:\/\/alphea.it\/#website\"},\"primaryImageOfPage\":{\"@id\":\"https:\/\/alphea.it\/pt-pt\/products\/body-pt-pt\/cell-pro-line-pt-pt\/lama-ativa-efeito-frio\/#primaryimage\"},\"image\":{\"@id\":\"https:\/\/alphea.it\/pt-pt\/products\/body-pt-pt\/cell-pro-line-pt-pt\/lama-ativa-efeito-frio\/#primaryimage\"},\"thumbnailUrl\":\"https:\/\/alphea.it\/wp-content\/uploads\/2016\/03\/alphea_cell_pro_fango_attivo_effetto_freddo_1000g.png\",\"datePublished\":\"2016-03-29T09:00:20+00:00\",\"dateModified\":\"2022-03-10T16:10:33+00:00\",\"description\":\"A lama ativa efeito frio Alphea foi desenvolvida para favorecer a a\u00e7\u00e3o drenante e facilitar a elimina\u00e7\u00e3o do excesso de l\u00edquidos, combatendo as adiposidades localizadas e os problemas est\u00e9ticos causados pela celulite.\",\"breadcrumb\":{\"@id\":\"https:\/\/alphea.it\/pt-pt\/products\/body-pt-pt\/cell-pro-line-pt-pt\/lama-ativa-efeito-frio\/#breadcrumb\"},\"inLanguage\":\"pt-PT\",\"potentialAction\":[{\"@type\":\"ReadAction\",\"target\":[\"https:\/\/alphea.it\/pt-pt\/products\/body-pt-pt\/cell-pro-line-pt-pt\/lama-ativa-efeito-frio\/\"]}]},{\"@type\":\"ImageObject\",\"inLanguage\":\"pt-PT\",\"@id\":\"https:\/\/alphea.it\/pt-pt\/products\/body-pt-pt\/cell-pro-line-pt-pt\/lama-ativa-efeito-frio\/#primaryimage\",\"url\":\"https:\/\/alphea.it\/wp-content\/uploads\/2016\/03\/alphea_cell_pro_fango_attivo_effetto_freddo_1000g.png\",\"contentUrl\":\"https:\/\/alphea.it\/wp-content\/uploads\/2016\/03\/alphea_cell_pro_fango_attivo_effetto_freddo_1000g.png\",\"width\":600,\"height\":600},{\"@type\":\"BreadcrumbList\",\"@id\":\"https:\/\/alphea.it\/pt-pt\/products\/body-pt-pt\/cell-pro-line-pt-pt\/lama-ativa-efeito-frio\/#breadcrumb\",\"itemListElement\":[{\"@type\":\"ListItem\",\"position\":1,\"name\":\"Home\",\"item\":\"https:\/\/alphea.it\/pt-pt\/\"},{\"@type\":\"ListItem\",\"position\":2,\"name\":\"Shop\",\"item\":\"https:\/\/alphea.it\/pt-pt\/shop\/\"},{\"@type\":\"ListItem\",\"position\":3,\"name\":\"Lama ativa efeito frio\"}]},{\"@type\":\"WebSite\",\"@id\":\"https:\/\/alphea.it\/#website\",\"url\":\"https:\/\/alphea.it\/\",\"name\":\"Alphea\",\"description\":\"Beauty Line\",\"potentialAction\":[{\"@type\":\"SearchAction\",\"target\":{\"@type\":\"EntryPoint\",\"urlTemplate\":\"https:\/\/alphea.it\/?s={search_term_string}\"},\"query-input\":{\"@type\":\"PropertyValueSpecification\",\"valueRequired\":true,\"valueName\":\"search_term_string\"}}],\"inLanguage\":\"pt-PT\"}]}<\/script>\n<!-- \/ Yoast SEO plugin. -->","yoast_head_json":{"title":"Alphea - Lama ativa efeito frio","description":"A lama ativa efeito frio Alphea foi desenvolvida para favorecer a a\u00e7\u00e3o drenante e facilitar a elimina\u00e7\u00e3o do excesso de l\u00edquidos, combatendo as adiposidades localizadas e os problemas est\u00e9ticos causados pela celulite.","robots":{"index":"index","follow":"follow","max-snippet":"max-snippet:-1","max-image-preview":"max-image-preview:large","max-video-preview":"max-video-preview:-1"},"canonical":"https:\/\/alphea.it\/pt-pt\/products\/body-pt-pt\/cell-pro-line-pt-pt\/lama-ativa-efeito-frio\/","og_locale":"pt_PT","og_type":"article","og_title":"Alphea - Lama ativa efeito frio","og_description":"A lama ativa efeito frio Alphea foi desenvolvida para favorecer a a\u00e7\u00e3o drenante e facilitar a elimina\u00e7\u00e3o do excesso de l\u00edquidos, combatendo as adiposidades localizadas e os problemas est\u00e9ticos causados pela celulite.","og_url":"https:\/\/alphea.it\/pt-pt\/products\/body-pt-pt\/cell-pro-line-pt-pt\/lama-ativa-efeito-frio\/","og_site_name":"Alphea","article_modified_time":"2022-03-10T16:10:33+00:00","og_image":[{"width":600,"height":600,"url":"https:\/\/alphea.it\/wp-content\/uploads\/2016\/03\/alphea_cell_pro_fango_attivo_effetto_freddo_1000g.png","type":"image\/png"}],"twitter_card":"summary_large_image","twitter_misc":{"Tempo estimado de leitura":"1 minuto"},"schema":{"@context":"https:\/\/schema.org","@graph":[{"@type":"WebPage","@id":"https:\/\/alphea.it\/pt-pt\/products\/body-pt-pt\/cell-pro-line-pt-pt\/lama-ativa-efeito-frio\/","url":"https:\/\/alphea.it\/pt-pt\/products\/body-pt-pt\/cell-pro-line-pt-pt\/lama-ativa-efeito-frio\/","name":"Alphea - Lama ativa efeito frio","isPartOf":{"@id":"https:\/\/alphea.it\/#website"},"primaryImageOfPage":{"@id":"https:\/\/alphea.it\/pt-pt\/products\/body-pt-pt\/cell-pro-line-pt-pt\/lama-ativa-efeito-frio\/#primaryimage"},"image":{"@id":"https:\/\/alphea.it\/pt-pt\/products\/body-pt-pt\/cell-pro-line-pt-pt\/lama-ativa-efeito-frio\/#primaryimage"},"thumbnailUrl":"https:\/\/alphea.it\/wp-content\/uploads\/2016\/03\/alphea_cell_pro_fango_attivo_effetto_freddo_1000g.png","datePublished":"2016-03-29T09:00:20+00:00","dateModified":"2022-03-10T16:10:33+00:00","description":"A lama ativa efeito frio Alphea foi desenvolvida para favorecer a a\u00e7\u00e3o drenante e facilitar a elimina\u00e7\u00e3o do excesso de l\u00edquidos, combatendo as adiposidades localizadas e os problemas est\u00e9ticos causados pela celulite.","breadcrumb":{"@id":"https:\/\/alphea.it\/pt-pt\/products\/body-pt-pt\/cell-pro-line-pt-pt\/lama-ativa-efeito-frio\/#breadcrumb"},"inLanguage":"pt-PT","potentialAction":[{"@type":"ReadAction","target":["https:\/\/alphea.it\/pt-pt\/products\/body-pt-pt\/cell-pro-line-pt-pt\/lama-ativa-efeito-frio\/"]}]},{"@type":"ImageObject","inLanguage":"pt-PT","@id":"https:\/\/alphea.it\/pt-pt\/products\/body-pt-pt\/cell-pro-line-pt-pt\/lama-ativa-efeito-frio\/#primaryimage","url":"https:\/\/alphea.it\/wp-content\/uploads\/2016\/03\/alphea_cell_pro_fango_attivo_effetto_freddo_1000g.png","contentUrl":"https:\/\/alphea.it\/wp-content\/uploads\/2016\/03\/alphea_cell_pro_fango_attivo_effetto_freddo_1000g.png","width":600,"height":600},{"@type":"BreadcrumbList","@id":"https:\/\/alphea.it\/pt-pt\/products\/body-pt-pt\/cell-pro-line-pt-pt\/lama-ativa-efeito-frio\/#breadcrumb","itemListElement":[{"@type":"ListItem","position":1,"name":"Home","item":"https:\/\/alphea.it\/pt-pt\/"},{"@type":"ListItem","position":2,"name":"Shop","item":"https:\/\/alphea.it\/pt-pt\/shop\/"},{"@type":"ListItem","position":3,"name":"Lama ativa efeito frio"}]},{"@type":"WebSite","@id":"https:\/\/alphea.it\/#website","url":"https:\/\/alphea.it\/","name":"Alphea","description":"Beauty Line","potentialAction":[{"@type":"SearchAction","target":{"@type":"EntryPoint","urlTemplate":"https:\/\/alphea.it\/?s={search_term_string}"},"query-input":{"@type":"PropertyValueSpecification","valueRequired":true,"valueName":"search_term_string"}}],"inLanguage":"pt-PT"}]}},"_links":{"self":[{"href":"https:\/\/alphea.it\/pt-pt\/wp-json\/wp\/v2\/product\/1566","targetHints":{"allow":["GET"]}}],"collection":[{"href":"https:\/\/alphea.it\/pt-pt\/wp-json\/wp\/v2\/product"}],"about":[{"href":"https:\/\/alphea.it\/pt-pt\/wp-json\/wp\/v2\/types\/product"}],"replies":[{"embeddable":true,"href":"https:\/\/alphea.it\/pt-pt\/wp-json\/wp\/v2\/comments?post=1566"}],"wp:featuredmedia":[{"embeddable":true,"href":"https:\/\/alphea.it\/pt-pt\/wp-json\/wp\/v2\/media\/1205"}],"wp:attachment":[{"href":"https:\/\/alphea.it\/pt-pt\/wp-json\/wp\/v2\/media?parent=1566"}],"wp:term":[{"taxonomy":"product_brand","embeddable":true,"href":"https:\/\/alphea.it\/pt-pt\/wp-json\/wp\/v2\/product_brand?post=1566"},{"taxonomy":"product_cat","embeddable":true,"href":"https:\/\/alphea.it\/pt-pt\/wp-json\/wp\/v2\/product_cat?post=1566"},{"taxonomy":"product_tag","embeddable":true,"href":"https:\/\/alphea.it\/pt-pt\/wp-json\/wp\/v2\/product_tag?post=1566"}],"curies":[{"name":"wp","href":"https:\/\/api.w.org\/{rel}","templated":true}]}}