{"id":1564,"date":"2019-03-14T18:00:04","date_gmt":"2019-03-14T17:00:04","guid":{"rendered":"https:\/\/alphea.it\/products\/sem%20categoria\/sinergia-oleos-essenciais-drenante\/"},"modified":"2022-03-10T17:09:28","modified_gmt":"2022-03-10T16:09:28","slug":"sinergia-oleos-essenciais-drenante","status":"publish","type":"product","link":"https:\/\/alphea.it\/pt-pt\/products\/body-pt-pt\/cell-pro-line-pt-pt\/sinergia-oleos-essenciais-drenante\/","title":{"rendered":"Sinergia \u00d3leos Essenciais &#8211; Drenante"},"content":{"rendered":"","protected":false},"excerpt":{"rendered":"<p><span style=\"font-weight: 400;\">A <\/span><b>Sinergia drenante<\/b><span style=\"font-weight: 400;\"> favorece a redu\u00e7\u00e3o e a estagna\u00e7\u00e3o dos l\u00edquidos: combina a elevada a\u00e7\u00e3o depurativa e <\/span><i><span style=\"font-weight: 400;\">detox<\/span><\/i><span style=\"font-weight: 400;\"> com a capacidade de drenar os l\u00edquidos estagnados, ajudando a <\/span><b>combater a reten\u00e7\u00e3o de l\u00edquidos, a celulite e a pele tipo casca de laranja<\/b><span style=\"font-weight: 400;\">. As propriedades drenantes do complexo de \u00f3leos de <\/span><b>cipreste, funcho, ger\u00e2nio e hortel\u00e3-pimenta<\/b><span style=\"font-weight: 400;\"> permitem eliminar as impurezas e toxinas acumuladas e combater a acumula\u00e7\u00e3o adiposa localizada.\u00a0 Os benef\u00edcios dos princ\u00edpios ativos da f\u00f3rmula tornam o produto num \u00f3timo coadjuvante na <\/span><b>depura\u00e7\u00e3o do organismo<\/b><span style=\"font-weight: 400;\">, para utilizar como tratamento cosm\u00e9tico dos <\/span><b>problemas est\u00e9ticos associados \u00e0 reten\u00e7\u00e3o de l\u00edquidos<\/b><span style=\"font-weight: 400;\">.<\/span><\/p>\n<p><span style=\"font-weight: 400;\">Formato de 30 ml<\/span><\/p>\n","protected":false},"featured_media":1161,"comment_status":"closed","ping_status":"closed","template":"","meta":{"_acf_changed":false},"product_brand":[],"product_cat":[55,56],"product_tag":[],"class_list":{"0":"post-1564","1":"product","2":"type-product","3":"status-publish","4":"has-post-thumbnail","6":"product_cat-body-pt-pt","7":"product_cat-cell-pro-line-pt-pt","9":"first","10":"instock","11":"shipping-taxable","12":"product-type-simple"},"acf":[],"yoast_head":"<!-- This site is optimized with the Yoast SEO plugin v26.8 - https:\/\/yoast.com\/product\/yoast-seo-wordpress\/ -->\n<title>Sinergia \u00d3leos Essenciais - Drenante<\/title>\n<meta name=\"description\" content=\"A Sinergia drenante favorece a redu\u00e7\u00e3o e a estagna\u00e7\u00e3o dos l\u00edquidos: combina a elevada a\u00e7\u00e3o depurativa e detox com a capacidade de drenar os l\u00edquidos estagnados.\" \/>\n<meta name=\"robots\" content=\"index, follow, max-snippet:-1, max-image-preview:large, max-video-preview:-1\" \/>\n<link rel=\"canonical\" href=\"https:\/\/alphea.it\/pt-pt\/products\/body-pt-pt\/cell-pro-line-pt-pt\/sinergia-oleos-essenciais-drenante\/\" \/>\n<meta property=\"og:locale\" content=\"pt_PT\" \/>\n<meta property=\"og:type\" content=\"article\" \/>\n<meta property=\"og:title\" content=\"Sinergia \u00d3leos Essenciais - Drenante\" \/>\n<meta property=\"og:description\" content=\"A Sinergia drenante favorece a redu\u00e7\u00e3o e a estagna\u00e7\u00e3o dos l\u00edquidos: combina a elevada a\u00e7\u00e3o depurativa e detox com a capacidade de drenar os l\u00edquidos estagnados.\" \/>\n<meta property=\"og:url\" content=\"https:\/\/alphea.it\/pt-pt\/products\/body-pt-pt\/cell-pro-line-pt-pt\/sinergia-oleos-essenciais-drenante\/\" \/>\n<meta property=\"og:site_name\" content=\"Alphea\" \/>\n<meta property=\"article:modified_time\" content=\"2022-03-10T16:09:28+00:00\" \/>\n<meta property=\"og:image\" content=\"https:\/\/alphea.it\/wp-content\/uploads\/2019\/03\/alphea_cell_pro_sinergia_drenante_30ml.png\" \/>\n\t<meta property=\"og:image:width\" content=\"600\" \/>\n\t<meta property=\"og:image:height\" content=\"600\" \/>\n\t<meta property=\"og:image:type\" content=\"image\/png\" \/>\n<meta name=\"twitter:card\" content=\"summary_large_image\" \/>\n<script type=\"application\/ld+json\" class=\"yoast-schema-graph\">{\"@context\":\"https:\/\/schema.org\",\"@graph\":[{\"@type\":\"WebPage\",\"@id\":\"https:\/\/alphea.it\/pt-pt\/products\/body-pt-pt\/cell-pro-line-pt-pt\/sinergia-oleos-essenciais-drenante\/\",\"url\":\"https:\/\/alphea.it\/pt-pt\/products\/body-pt-pt\/cell-pro-line-pt-pt\/sinergia-oleos-essenciais-drenante\/\",\"name\":\"Sinergia \u00d3leos Essenciais - Drenante\",\"isPartOf\":{\"@id\":\"https:\/\/alphea.it\/#website\"},\"primaryImageOfPage\":{\"@id\":\"https:\/\/alphea.it\/pt-pt\/products\/body-pt-pt\/cell-pro-line-pt-pt\/sinergia-oleos-essenciais-drenante\/#primaryimage\"},\"image\":{\"@id\":\"https:\/\/alphea.it\/pt-pt\/products\/body-pt-pt\/cell-pro-line-pt-pt\/sinergia-oleos-essenciais-drenante\/#primaryimage\"},\"thumbnailUrl\":\"https:\/\/alphea.it\/wp-content\/uploads\/2019\/03\/alphea_cell_pro_sinergia_drenante_30ml.png\",\"datePublished\":\"2019-03-14T17:00:04+00:00\",\"dateModified\":\"2022-03-10T16:09:28+00:00\",\"description\":\"A Sinergia drenante favorece a redu\u00e7\u00e3o e a estagna\u00e7\u00e3o dos l\u00edquidos: combina a elevada a\u00e7\u00e3o depurativa e detox com a capacidade de drenar os l\u00edquidos estagnados.\",\"breadcrumb\":{\"@id\":\"https:\/\/alphea.it\/pt-pt\/products\/body-pt-pt\/cell-pro-line-pt-pt\/sinergia-oleos-essenciais-drenante\/#breadcrumb\"},\"inLanguage\":\"pt-PT\",\"potentialAction\":[{\"@type\":\"ReadAction\",\"target\":[\"https:\/\/alphea.it\/pt-pt\/products\/body-pt-pt\/cell-pro-line-pt-pt\/sinergia-oleos-essenciais-drenante\/\"]}]},{\"@type\":\"ImageObject\",\"inLanguage\":\"pt-PT\",\"@id\":\"https:\/\/alphea.it\/pt-pt\/products\/body-pt-pt\/cell-pro-line-pt-pt\/sinergia-oleos-essenciais-drenante\/#primaryimage\",\"url\":\"https:\/\/alphea.it\/wp-content\/uploads\/2019\/03\/alphea_cell_pro_sinergia_drenante_30ml.png\",\"contentUrl\":\"https:\/\/alphea.it\/wp-content\/uploads\/2019\/03\/alphea_cell_pro_sinergia_drenante_30ml.png\",\"width\":600,\"height\":600},{\"@type\":\"BreadcrumbList\",\"@id\":\"https:\/\/alphea.it\/pt-pt\/products\/body-pt-pt\/cell-pro-line-pt-pt\/sinergia-oleos-essenciais-drenante\/#breadcrumb\",\"itemListElement\":[{\"@type\":\"ListItem\",\"position\":1,\"name\":\"Home\",\"item\":\"https:\/\/alphea.it\/pt-pt\/\"},{\"@type\":\"ListItem\",\"position\":2,\"name\":\"Shop\",\"item\":\"https:\/\/alphea.it\/pt-pt\/shop\/\"},{\"@type\":\"ListItem\",\"position\":3,\"name\":\"Sinergia \u00d3leos Essenciais &#8211; Drenante\"}]},{\"@type\":\"WebSite\",\"@id\":\"https:\/\/alphea.it\/#website\",\"url\":\"https:\/\/alphea.it\/\",\"name\":\"Alphea\",\"description\":\"Beauty Line\",\"potentialAction\":[{\"@type\":\"SearchAction\",\"target\":{\"@type\":\"EntryPoint\",\"urlTemplate\":\"https:\/\/alphea.it\/?s={search_term_string}\"},\"query-input\":{\"@type\":\"PropertyValueSpecification\",\"valueRequired\":true,\"valueName\":\"search_term_string\"}}],\"inLanguage\":\"pt-PT\"}]}<\/script>\n<!-- \/ Yoast SEO plugin. -->","yoast_head_json":{"title":"Sinergia \u00d3leos Essenciais - Drenante","description":"A Sinergia drenante favorece a redu\u00e7\u00e3o e a estagna\u00e7\u00e3o dos l\u00edquidos: combina a elevada a\u00e7\u00e3o depurativa e detox com a capacidade de drenar os l\u00edquidos estagnados.","robots":{"index":"index","follow":"follow","max-snippet":"max-snippet:-1","max-image-preview":"max-image-preview:large","max-video-preview":"max-video-preview:-1"},"canonical":"https:\/\/alphea.it\/pt-pt\/products\/body-pt-pt\/cell-pro-line-pt-pt\/sinergia-oleos-essenciais-drenante\/","og_locale":"pt_PT","og_type":"article","og_title":"Sinergia \u00d3leos Essenciais - Drenante","og_description":"A Sinergia drenante favorece a redu\u00e7\u00e3o e a estagna\u00e7\u00e3o dos l\u00edquidos: combina a elevada a\u00e7\u00e3o depurativa e detox com a capacidade de drenar os l\u00edquidos estagnados.","og_url":"https:\/\/alphea.it\/pt-pt\/products\/body-pt-pt\/cell-pro-line-pt-pt\/sinergia-oleos-essenciais-drenante\/","og_site_name":"Alphea","article_modified_time":"2022-03-10T16:09:28+00:00","og_image":[{"width":600,"height":600,"url":"https:\/\/alphea.it\/wp-content\/uploads\/2019\/03\/alphea_cell_pro_sinergia_drenante_30ml.png","type":"image\/png"}],"twitter_card":"summary_large_image","schema":{"@context":"https:\/\/schema.org","@graph":[{"@type":"WebPage","@id":"https:\/\/alphea.it\/pt-pt\/products\/body-pt-pt\/cell-pro-line-pt-pt\/sinergia-oleos-essenciais-drenante\/","url":"https:\/\/alphea.it\/pt-pt\/products\/body-pt-pt\/cell-pro-line-pt-pt\/sinergia-oleos-essenciais-drenante\/","name":"Sinergia \u00d3leos Essenciais - Drenante","isPartOf":{"@id":"https:\/\/alphea.it\/#website"},"primaryImageOfPage":{"@id":"https:\/\/alphea.it\/pt-pt\/products\/body-pt-pt\/cell-pro-line-pt-pt\/sinergia-oleos-essenciais-drenante\/#primaryimage"},"image":{"@id":"https:\/\/alphea.it\/pt-pt\/products\/body-pt-pt\/cell-pro-line-pt-pt\/sinergia-oleos-essenciais-drenante\/#primaryimage"},"thumbnailUrl":"https:\/\/alphea.it\/wp-content\/uploads\/2019\/03\/alphea_cell_pro_sinergia_drenante_30ml.png","datePublished":"2019-03-14T17:00:04+00:00","dateModified":"2022-03-10T16:09:28+00:00","description":"A Sinergia drenante favorece a redu\u00e7\u00e3o e a estagna\u00e7\u00e3o dos l\u00edquidos: combina a elevada a\u00e7\u00e3o depurativa e detox com a capacidade de drenar os l\u00edquidos estagnados.","breadcrumb":{"@id":"https:\/\/alphea.it\/pt-pt\/products\/body-pt-pt\/cell-pro-line-pt-pt\/sinergia-oleos-essenciais-drenante\/#breadcrumb"},"inLanguage":"pt-PT","potentialAction":[{"@type":"ReadAction","target":["https:\/\/alphea.it\/pt-pt\/products\/body-pt-pt\/cell-pro-line-pt-pt\/sinergia-oleos-essenciais-drenante\/"]}]},{"@type":"ImageObject","inLanguage":"pt-PT","@id":"https:\/\/alphea.it\/pt-pt\/products\/body-pt-pt\/cell-pro-line-pt-pt\/sinergia-oleos-essenciais-drenante\/#primaryimage","url":"https:\/\/alphea.it\/wp-content\/uploads\/2019\/03\/alphea_cell_pro_sinergia_drenante_30ml.png","contentUrl":"https:\/\/alphea.it\/wp-content\/uploads\/2019\/03\/alphea_cell_pro_sinergia_drenante_30ml.png","width":600,"height":600},{"@type":"BreadcrumbList","@id":"https:\/\/alphea.it\/pt-pt\/products\/body-pt-pt\/cell-pro-line-pt-pt\/sinergia-oleos-essenciais-drenante\/#breadcrumb","itemListElement":[{"@type":"ListItem","position":1,"name":"Home","item":"https:\/\/alphea.it\/pt-pt\/"},{"@type":"ListItem","position":2,"name":"Shop","item":"https:\/\/alphea.it\/pt-pt\/shop\/"},{"@type":"ListItem","position":3,"name":"Sinergia \u00d3leos Essenciais &#8211; Drenante"}]},{"@type":"WebSite","@id":"https:\/\/alphea.it\/#website","url":"https:\/\/alphea.it\/","name":"Alphea","description":"Beauty Line","potentialAction":[{"@type":"SearchAction","target":{"@type":"EntryPoint","urlTemplate":"https:\/\/alphea.it\/?s={search_term_string}"},"query-input":{"@type":"PropertyValueSpecification","valueRequired":true,"valueName":"search_term_string"}}],"inLanguage":"pt-PT"}]}},"_links":{"self":[{"href":"https:\/\/alphea.it\/pt-pt\/wp-json\/wp\/v2\/product\/1564","targetHints":{"allow":["GET"]}}],"collection":[{"href":"https:\/\/alphea.it\/pt-pt\/wp-json\/wp\/v2\/product"}],"about":[{"href":"https:\/\/alphea.it\/pt-pt\/wp-json\/wp\/v2\/types\/product"}],"replies":[{"embeddable":true,"href":"https:\/\/alphea.it\/pt-pt\/wp-json\/wp\/v2\/comments?post=1564"}],"wp:featuredmedia":[{"embeddable":true,"href":"https:\/\/alphea.it\/pt-pt\/wp-json\/wp\/v2\/media\/1161"}],"wp:attachment":[{"href":"https:\/\/alphea.it\/pt-pt\/wp-json\/wp\/v2\/media?parent=1564"}],"wp:term":[{"taxonomy":"product_brand","embeddable":true,"href":"https:\/\/alphea.it\/pt-pt\/wp-json\/wp\/v2\/product_brand?post=1564"},{"taxonomy":"product_cat","embeddable":true,"href":"https:\/\/alphea.it\/pt-pt\/wp-json\/wp\/v2\/product_cat?post=1564"},{"taxonomy":"product_tag","embeddable":true,"href":"https:\/\/alphea.it\/pt-pt\/wp-json\/wp\/v2\/product_tag?post=1564"}],"curies":[{"name":"wp","href":"https:\/\/api.w.org\/{rel}","templated":true}]}}