{"id":1563,"date":"2015-12-15T16:53:47","date_gmt":"2015-12-15T15:53:47","guid":{"rendered":"https:\/\/alphea.it\/products\/sem%20categoria\/oleo-de-argao-para-rosto-e-corpo\/"},"modified":"2022-03-09T14:58:01","modified_gmt":"2022-03-09T13:58:01","slug":"oleo-de-argao-para-rosto-e-corpo","status":"publish","type":"product","link":"https:\/\/alphea.it\/pt-pt\/products\/face-pt-pt\/intensive-line-pt-pt\/oleo-de-argao-para-rosto-e-corpo\/","title":{"rendered":"\u00d3leo de Arg\u00e3o para rosto e corpo"},"content":{"rendered":"","protected":false},"excerpt":{"rendered":"<p><span style=\"font-weight: 400;\">Indispens\u00e1vel para renovar a beleza e o bem-estar da pele, o <\/span><b>\u00f3leo de arg\u00e3o para rosto e corpo<\/b><span style=\"font-weight: 400;\"> Alphea Intensive possui uma elevada concentra\u00e7\u00e3o de \u00e1cidos gordos polinsaturados e Vitamina e, que garantem <\/span><b>propriedades nutritivas, hidratantes e revitalizantes excecionais<\/b><span style=\"font-weight: 400;\">. Conhecido h\u00e1 v\u00e1rios s\u00e9culos como o &#8220;ouro do deserto&#8221; pelas suas m\u00faltiplas e preciosas virtudes, o elixir de beleza com arg\u00e3o para rosto e corpo reativa as <\/span><b>fun\u00e7\u00f5es vitais das c\u00e9lulas<\/b><span style=\"font-weight: 400;\">, atenuando o aparecimento das rugas e das olheiras. Gra\u00e7as \u00e0s subst\u00e2ncias antioxidantes e \u00e1cidos gordos essenciais, \u00e9 um \u00f3timo aliado <\/span><b>contra o envelhecimento cut\u00e2neo<\/b><span style=\"font-weight: 400;\">, sendo ainda excelente nas interven\u00e7\u00f5es cosm\u00e9ticas profissionais de<\/span><b> redu\u00e7\u00e3o das estrias<\/b><span style=\"font-weight: 400;\"> da gravidez.<\/span><\/p>\n<p><span style=\"font-weight: 400;\">Formato de 30 ml<\/span><\/p>\n","protected":false},"featured_media":1171,"comment_status":"closed","ping_status":"closed","template":"","meta":{"_acf_changed":false},"product_brand":[],"product_cat":[59,61],"product_tag":[],"class_list":{"0":"post-1563","1":"product","2":"type-product","3":"status-publish","4":"has-post-thumbnail","6":"product_cat-face-pt-pt","7":"product_cat-intensive-line-pt-pt","9":"first","10":"instock","11":"shipping-taxable","12":"product-type-simple"},"acf":[],"yoast_head":"<!-- This site is optimized with the Yoast SEO plugin v26.8 - https:\/\/yoast.com\/product\/yoast-seo-wordpress\/ -->\n<title>\u00d3leo de Arg\u00e3o para rosto e corpo - Alphea<\/title>\n<meta name=\"description\" content=\"Alphea Intensive possui uma elevada concentra\u00e7\u00e3o de \u00e1cidos gordos polinsaturados e Vitamina e, que garantem propriedades nutritivas, hidratantes e revitalizantes excecionais.\" \/>\n<meta name=\"robots\" content=\"index, follow, max-snippet:-1, max-image-preview:large, max-video-preview:-1\" \/>\n<link rel=\"canonical\" href=\"https:\/\/alphea.it\/pt-pt\/products\/face-pt-pt\/intensive-line-pt-pt\/oleo-de-argao-para-rosto-e-corpo\/\" \/>\n<meta property=\"og:locale\" content=\"pt_PT\" \/>\n<meta property=\"og:type\" content=\"article\" \/>\n<meta property=\"og:title\" content=\"\u00d3leo de Arg\u00e3o para rosto e corpo - Alphea\" \/>\n<meta property=\"og:description\" content=\"Alphea Intensive possui uma elevada concentra\u00e7\u00e3o de \u00e1cidos gordos polinsaturados e Vitamina e, que garantem propriedades nutritivas, hidratantes e revitalizantes excecionais.\" \/>\n<meta property=\"og:url\" content=\"https:\/\/alphea.it\/pt-pt\/products\/face-pt-pt\/intensive-line-pt-pt\/oleo-de-argao-para-rosto-e-corpo\/\" \/>\n<meta property=\"og:site_name\" content=\"Alphea\" \/>\n<meta property=\"article:modified_time\" content=\"2022-03-09T13:58:01+00:00\" \/>\n<meta property=\"og:image\" content=\"https:\/\/alphea.it\/wp-content\/uploads\/2015\/12\/alphea_intensive_olio_argan_30ml.png\" \/>\n\t<meta property=\"og:image:width\" content=\"600\" \/>\n\t<meta property=\"og:image:height\" content=\"600\" \/>\n\t<meta property=\"og:image:type\" content=\"image\/png\" \/>\n<meta name=\"twitter:card\" content=\"summary_large_image\" \/>\n<script type=\"application\/ld+json\" class=\"yoast-schema-graph\">{\"@context\":\"https:\/\/schema.org\",\"@graph\":[{\"@type\":\"WebPage\",\"@id\":\"https:\/\/alphea.it\/pt-pt\/products\/face-pt-pt\/intensive-line-pt-pt\/oleo-de-argao-para-rosto-e-corpo\/\",\"url\":\"https:\/\/alphea.it\/pt-pt\/products\/face-pt-pt\/intensive-line-pt-pt\/oleo-de-argao-para-rosto-e-corpo\/\",\"name\":\"\u00d3leo de Arg\u00e3o para rosto e corpo - Alphea\",\"isPartOf\":{\"@id\":\"https:\/\/alphea.it\/#website\"},\"primaryImageOfPage\":{\"@id\":\"https:\/\/alphea.it\/pt-pt\/products\/face-pt-pt\/intensive-line-pt-pt\/oleo-de-argao-para-rosto-e-corpo\/#primaryimage\"},\"image\":{\"@id\":\"https:\/\/alphea.it\/pt-pt\/products\/face-pt-pt\/intensive-line-pt-pt\/oleo-de-argao-para-rosto-e-corpo\/#primaryimage\"},\"thumbnailUrl\":\"https:\/\/alphea.it\/wp-content\/uploads\/2015\/12\/alphea_intensive_olio_argan_30ml.png\",\"datePublished\":\"2015-12-15T15:53:47+00:00\",\"dateModified\":\"2022-03-09T13:58:01+00:00\",\"description\":\"Alphea Intensive possui uma elevada concentra\u00e7\u00e3o de \u00e1cidos gordos polinsaturados e Vitamina e, que garantem propriedades nutritivas, hidratantes e revitalizantes excecionais.\",\"breadcrumb\":{\"@id\":\"https:\/\/alphea.it\/pt-pt\/products\/face-pt-pt\/intensive-line-pt-pt\/oleo-de-argao-para-rosto-e-corpo\/#breadcrumb\"},\"inLanguage\":\"pt-PT\",\"potentialAction\":[{\"@type\":\"ReadAction\",\"target\":[\"https:\/\/alphea.it\/pt-pt\/products\/face-pt-pt\/intensive-line-pt-pt\/oleo-de-argao-para-rosto-e-corpo\/\"]}]},{\"@type\":\"ImageObject\",\"inLanguage\":\"pt-PT\",\"@id\":\"https:\/\/alphea.it\/pt-pt\/products\/face-pt-pt\/intensive-line-pt-pt\/oleo-de-argao-para-rosto-e-corpo\/#primaryimage\",\"url\":\"https:\/\/alphea.it\/wp-content\/uploads\/2015\/12\/alphea_intensive_olio_argan_30ml.png\",\"contentUrl\":\"https:\/\/alphea.it\/wp-content\/uploads\/2015\/12\/alphea_intensive_olio_argan_30ml.png\",\"width\":600,\"height\":600},{\"@type\":\"BreadcrumbList\",\"@id\":\"https:\/\/alphea.it\/pt-pt\/products\/face-pt-pt\/intensive-line-pt-pt\/oleo-de-argao-para-rosto-e-corpo\/#breadcrumb\",\"itemListElement\":[{\"@type\":\"ListItem\",\"position\":1,\"name\":\"Home\",\"item\":\"https:\/\/alphea.it\/pt-pt\/\"},{\"@type\":\"ListItem\",\"position\":2,\"name\":\"Shop\",\"item\":\"https:\/\/alphea.it\/pt-pt\/shop\/\"},{\"@type\":\"ListItem\",\"position\":3,\"name\":\"\u00d3leo de Arg\u00e3o para rosto e corpo\"}]},{\"@type\":\"WebSite\",\"@id\":\"https:\/\/alphea.it\/#website\",\"url\":\"https:\/\/alphea.it\/\",\"name\":\"Alphea\",\"description\":\"Beauty Line\",\"potentialAction\":[{\"@type\":\"SearchAction\",\"target\":{\"@type\":\"EntryPoint\",\"urlTemplate\":\"https:\/\/alphea.it\/?s={search_term_string}\"},\"query-input\":{\"@type\":\"PropertyValueSpecification\",\"valueRequired\":true,\"valueName\":\"search_term_string\"}}],\"inLanguage\":\"pt-PT\"}]}<\/script>\n<!-- \/ Yoast SEO plugin. -->","yoast_head_json":{"title":"\u00d3leo de Arg\u00e3o para rosto e corpo - Alphea","description":"Alphea Intensive possui uma elevada concentra\u00e7\u00e3o de \u00e1cidos gordos polinsaturados e Vitamina e, que garantem propriedades nutritivas, hidratantes e revitalizantes excecionais.","robots":{"index":"index","follow":"follow","max-snippet":"max-snippet:-1","max-image-preview":"max-image-preview:large","max-video-preview":"max-video-preview:-1"},"canonical":"https:\/\/alphea.it\/pt-pt\/products\/face-pt-pt\/intensive-line-pt-pt\/oleo-de-argao-para-rosto-e-corpo\/","og_locale":"pt_PT","og_type":"article","og_title":"\u00d3leo de Arg\u00e3o para rosto e corpo - Alphea","og_description":"Alphea Intensive possui uma elevada concentra\u00e7\u00e3o de \u00e1cidos gordos polinsaturados e Vitamina e, que garantem propriedades nutritivas, hidratantes e revitalizantes excecionais.","og_url":"https:\/\/alphea.it\/pt-pt\/products\/face-pt-pt\/intensive-line-pt-pt\/oleo-de-argao-para-rosto-e-corpo\/","og_site_name":"Alphea","article_modified_time":"2022-03-09T13:58:01+00:00","og_image":[{"width":600,"height":600,"url":"https:\/\/alphea.it\/wp-content\/uploads\/2015\/12\/alphea_intensive_olio_argan_30ml.png","type":"image\/png"}],"twitter_card":"summary_large_image","schema":{"@context":"https:\/\/schema.org","@graph":[{"@type":"WebPage","@id":"https:\/\/alphea.it\/pt-pt\/products\/face-pt-pt\/intensive-line-pt-pt\/oleo-de-argao-para-rosto-e-corpo\/","url":"https:\/\/alphea.it\/pt-pt\/products\/face-pt-pt\/intensive-line-pt-pt\/oleo-de-argao-para-rosto-e-corpo\/","name":"\u00d3leo de Arg\u00e3o para rosto e corpo - Alphea","isPartOf":{"@id":"https:\/\/alphea.it\/#website"},"primaryImageOfPage":{"@id":"https:\/\/alphea.it\/pt-pt\/products\/face-pt-pt\/intensive-line-pt-pt\/oleo-de-argao-para-rosto-e-corpo\/#primaryimage"},"image":{"@id":"https:\/\/alphea.it\/pt-pt\/products\/face-pt-pt\/intensive-line-pt-pt\/oleo-de-argao-para-rosto-e-corpo\/#primaryimage"},"thumbnailUrl":"https:\/\/alphea.it\/wp-content\/uploads\/2015\/12\/alphea_intensive_olio_argan_30ml.png","datePublished":"2015-12-15T15:53:47+00:00","dateModified":"2022-03-09T13:58:01+00:00","description":"Alphea Intensive possui uma elevada concentra\u00e7\u00e3o de \u00e1cidos gordos polinsaturados e Vitamina e, que garantem propriedades nutritivas, hidratantes e revitalizantes excecionais.","breadcrumb":{"@id":"https:\/\/alphea.it\/pt-pt\/products\/face-pt-pt\/intensive-line-pt-pt\/oleo-de-argao-para-rosto-e-corpo\/#breadcrumb"},"inLanguage":"pt-PT","potentialAction":[{"@type":"ReadAction","target":["https:\/\/alphea.it\/pt-pt\/products\/face-pt-pt\/intensive-line-pt-pt\/oleo-de-argao-para-rosto-e-corpo\/"]}]},{"@type":"ImageObject","inLanguage":"pt-PT","@id":"https:\/\/alphea.it\/pt-pt\/products\/face-pt-pt\/intensive-line-pt-pt\/oleo-de-argao-para-rosto-e-corpo\/#primaryimage","url":"https:\/\/alphea.it\/wp-content\/uploads\/2015\/12\/alphea_intensive_olio_argan_30ml.png","contentUrl":"https:\/\/alphea.it\/wp-content\/uploads\/2015\/12\/alphea_intensive_olio_argan_30ml.png","width":600,"height":600},{"@type":"BreadcrumbList","@id":"https:\/\/alphea.it\/pt-pt\/products\/face-pt-pt\/intensive-line-pt-pt\/oleo-de-argao-para-rosto-e-corpo\/#breadcrumb","itemListElement":[{"@type":"ListItem","position":1,"name":"Home","item":"https:\/\/alphea.it\/pt-pt\/"},{"@type":"ListItem","position":2,"name":"Shop","item":"https:\/\/alphea.it\/pt-pt\/shop\/"},{"@type":"ListItem","position":3,"name":"\u00d3leo de Arg\u00e3o para rosto e corpo"}]},{"@type":"WebSite","@id":"https:\/\/alphea.it\/#website","url":"https:\/\/alphea.it\/","name":"Alphea","description":"Beauty Line","potentialAction":[{"@type":"SearchAction","target":{"@type":"EntryPoint","urlTemplate":"https:\/\/alphea.it\/?s={search_term_string}"},"query-input":{"@type":"PropertyValueSpecification","valueRequired":true,"valueName":"search_term_string"}}],"inLanguage":"pt-PT"}]}},"_links":{"self":[{"href":"https:\/\/alphea.it\/pt-pt\/wp-json\/wp\/v2\/product\/1563","targetHints":{"allow":["GET"]}}],"collection":[{"href":"https:\/\/alphea.it\/pt-pt\/wp-json\/wp\/v2\/product"}],"about":[{"href":"https:\/\/alphea.it\/pt-pt\/wp-json\/wp\/v2\/types\/product"}],"replies":[{"embeddable":true,"href":"https:\/\/alphea.it\/pt-pt\/wp-json\/wp\/v2\/comments?post=1563"}],"wp:featuredmedia":[{"embeddable":true,"href":"https:\/\/alphea.it\/pt-pt\/wp-json\/wp\/v2\/media\/1171"}],"wp:attachment":[{"href":"https:\/\/alphea.it\/pt-pt\/wp-json\/wp\/v2\/media?parent=1563"}],"wp:term":[{"taxonomy":"product_brand","embeddable":true,"href":"https:\/\/alphea.it\/pt-pt\/wp-json\/wp\/v2\/product_brand?post=1563"},{"taxonomy":"product_cat","embeddable":true,"href":"https:\/\/alphea.it\/pt-pt\/wp-json\/wp\/v2\/product_cat?post=1563"},{"taxonomy":"product_tag","embeddable":true,"href":"https:\/\/alphea.it\/pt-pt\/wp-json\/wp\/v2\/product_tag?post=1563"}],"curies":[{"name":"wp","href":"https:\/\/api.w.org\/{rel}","templated":true}]}}