{"id":1558,"date":"2015-12-15T15:33:45","date_gmt":"2015-12-15T14:33:45","guid":{"rendered":"https:\/\/alphea.it\/products\/sem%20categoria\/mascara-purificante-para-rosto\/"},"modified":"2022-03-09T14:37:29","modified_gmt":"2022-03-09T13:37:29","slug":"mascara-purificante-para-rosto","status":"publish","type":"product","link":"https:\/\/alphea.it\/pt-pt\/products\/face-pt-pt\/purify-line-pt-pt\/mascara-purificante-para-rosto\/","title":{"rendered":"M\u00e1scara purificante para rosto"},"content":{"rendered":"","protected":false},"excerpt":{"rendered":"<p><span style=\"font-weight: 400;\">A <\/span><b>m\u00e1scara purificante para rosto<\/b><span style=\"font-weight: 400;\"> Alphea Purify para uso profissional \u00e9 particularmente indicada para quem apresenta uma secre\u00e7\u00e3o sab\u00e1cea excessiva. Enriquecida em extratos vegetais dermopurificantes e adstringentes, como a <\/span><b>S\u00e1lvia, Hamam\u00e9lis e Prop\u00f3lis<\/b><span style=\"font-weight: 400;\">, \u00e9 aconselhada para purificar a pele com impurezas. A f\u00f3rmula da m\u00e1scara purificante beneficia das incr\u00edveis propriedades das <\/span><b>algas marinhas e da vitamina E:<\/b><span style=\"font-weight: 400;\"> estes princ\u00edpios ativos desenvolvem uma a\u00e7\u00e3o de absor\u00e7\u00e3o intensa e equilibrante, desobstruindo os poros das imperfei\u00e7\u00f5es e atuando diretamente contra a produ\u00e7\u00e3o excessiva de sebo, <\/span><b>limitando ainda as impurezas<\/b><span style=\"font-weight: 400;\"> que caracterizam as peles oleosas. A aplica\u00e7\u00e3o da m\u00e1scara permite obter um aspeto fresco e uma tez uniforme e purificada.<\/span><\/p>\n<p><span style=\"font-weight: 400;\">Uso profissional<\/span><\/p>\n<p><span style=\"font-weight: 400;\">Formato de 250 ml<\/span><\/p>\n","protected":false},"featured_media":1199,"comment_status":"closed","ping_status":"closed","template":"","meta":{"_acf_changed":false},"product_brand":[],"product_cat":[59,62],"product_tag":[],"class_list":{"0":"post-1558","1":"product","2":"type-product","3":"status-publish","4":"has-post-thumbnail","6":"product_cat-face-pt-pt","7":"product_cat-purify-line-pt-pt","9":"first","10":"instock","11":"shipping-taxable","12":"product-type-simple"},"acf":[],"yoast_head":"<!-- This site is optimized with the Yoast SEO plugin v26.8 - https:\/\/yoast.com\/product\/yoast-seo-wordpress\/ -->\n<title>M\u00e1scara purificante para rosto - Alphea<\/title>\n<meta name=\"description\" content=\"A m\u00e1scara purificante para rosto Alphea Purify para uso profissional \u00e9 particularmente indicada para quem apresenta uma secre\u00e7\u00e3o sab\u00e1cea excessiva.\" \/>\n<meta name=\"robots\" content=\"index, follow, max-snippet:-1, max-image-preview:large, max-video-preview:-1\" \/>\n<link rel=\"canonical\" href=\"https:\/\/alphea.it\/pt-pt\/products\/face-pt-pt\/purify-line-pt-pt\/mascara-purificante-para-rosto\/\" \/>\n<meta property=\"og:locale\" content=\"pt_PT\" \/>\n<meta property=\"og:type\" content=\"article\" \/>\n<meta property=\"og:title\" content=\"M\u00e1scara purificante para rosto - Alphea\" \/>\n<meta property=\"og:description\" content=\"A m\u00e1scara purificante para rosto Alphea Purify para uso profissional \u00e9 particularmente indicada para quem apresenta uma secre\u00e7\u00e3o sab\u00e1cea excessiva.\" \/>\n<meta property=\"og:url\" content=\"https:\/\/alphea.it\/pt-pt\/products\/face-pt-pt\/purify-line-pt-pt\/mascara-purificante-para-rosto\/\" \/>\n<meta property=\"og:site_name\" content=\"Alphea\" \/>\n<meta property=\"article:modified_time\" content=\"2022-03-09T13:37:29+00:00\" \/>\n<meta property=\"og:image\" content=\"https:\/\/alphea.it\/wp-content\/uploads\/2015\/12\/alphea_purify_maschera_viso_purificante_pelli_grasse_impure_250ml.png\" \/>\n\t<meta property=\"og:image:width\" content=\"600\" \/>\n\t<meta property=\"og:image:height\" content=\"600\" \/>\n\t<meta property=\"og:image:type\" content=\"image\/png\" \/>\n<meta name=\"twitter:card\" content=\"summary_large_image\" \/>\n<script type=\"application\/ld+json\" class=\"yoast-schema-graph\">{\"@context\":\"https:\/\/schema.org\",\"@graph\":[{\"@type\":\"WebPage\",\"@id\":\"https:\/\/alphea.it\/pt-pt\/products\/face-pt-pt\/purify-line-pt-pt\/mascara-purificante-para-rosto\/\",\"url\":\"https:\/\/alphea.it\/pt-pt\/products\/face-pt-pt\/purify-line-pt-pt\/mascara-purificante-para-rosto\/\",\"name\":\"M\u00e1scara purificante para rosto - Alphea\",\"isPartOf\":{\"@id\":\"https:\/\/alphea.it\/#website\"},\"primaryImageOfPage\":{\"@id\":\"https:\/\/alphea.it\/pt-pt\/products\/face-pt-pt\/purify-line-pt-pt\/mascara-purificante-para-rosto\/#primaryimage\"},\"image\":{\"@id\":\"https:\/\/alphea.it\/pt-pt\/products\/face-pt-pt\/purify-line-pt-pt\/mascara-purificante-para-rosto\/#primaryimage\"},\"thumbnailUrl\":\"https:\/\/alphea.it\/wp-content\/uploads\/2015\/12\/alphea_purify_maschera_viso_purificante_pelli_grasse_impure_250ml.png\",\"datePublished\":\"2015-12-15T14:33:45+00:00\",\"dateModified\":\"2022-03-09T13:37:29+00:00\",\"description\":\"A m\u00e1scara purificante para rosto Alphea Purify para uso profissional \u00e9 particularmente indicada para quem apresenta uma secre\u00e7\u00e3o sab\u00e1cea excessiva.\",\"breadcrumb\":{\"@id\":\"https:\/\/alphea.it\/pt-pt\/products\/face-pt-pt\/purify-line-pt-pt\/mascara-purificante-para-rosto\/#breadcrumb\"},\"inLanguage\":\"pt-PT\",\"potentialAction\":[{\"@type\":\"ReadAction\",\"target\":[\"https:\/\/alphea.it\/pt-pt\/products\/face-pt-pt\/purify-line-pt-pt\/mascara-purificante-para-rosto\/\"]}]},{\"@type\":\"ImageObject\",\"inLanguage\":\"pt-PT\",\"@id\":\"https:\/\/alphea.it\/pt-pt\/products\/face-pt-pt\/purify-line-pt-pt\/mascara-purificante-para-rosto\/#primaryimage\",\"url\":\"https:\/\/alphea.it\/wp-content\/uploads\/2015\/12\/alphea_purify_maschera_viso_purificante_pelli_grasse_impure_250ml.png\",\"contentUrl\":\"https:\/\/alphea.it\/wp-content\/uploads\/2015\/12\/alphea_purify_maschera_viso_purificante_pelli_grasse_impure_250ml.png\",\"width\":600,\"height\":600},{\"@type\":\"BreadcrumbList\",\"@id\":\"https:\/\/alphea.it\/pt-pt\/products\/face-pt-pt\/purify-line-pt-pt\/mascara-purificante-para-rosto\/#breadcrumb\",\"itemListElement\":[{\"@type\":\"ListItem\",\"position\":1,\"name\":\"Home\",\"item\":\"https:\/\/alphea.it\/pt-pt\/\"},{\"@type\":\"ListItem\",\"position\":2,\"name\":\"Shop\",\"item\":\"https:\/\/alphea.it\/pt-pt\/shop\/\"},{\"@type\":\"ListItem\",\"position\":3,\"name\":\"M\u00e1scara purificante para rosto\"}]},{\"@type\":\"WebSite\",\"@id\":\"https:\/\/alphea.it\/#website\",\"url\":\"https:\/\/alphea.it\/\",\"name\":\"Alphea\",\"description\":\"Beauty Line\",\"potentialAction\":[{\"@type\":\"SearchAction\",\"target\":{\"@type\":\"EntryPoint\",\"urlTemplate\":\"https:\/\/alphea.it\/?s={search_term_string}\"},\"query-input\":{\"@type\":\"PropertyValueSpecification\",\"valueRequired\":true,\"valueName\":\"search_term_string\"}}],\"inLanguage\":\"pt-PT\"}]}<\/script>\n<!-- \/ Yoast SEO plugin. -->","yoast_head_json":{"title":"M\u00e1scara purificante para rosto - Alphea","description":"A m\u00e1scara purificante para rosto Alphea Purify para uso profissional \u00e9 particularmente indicada para quem apresenta uma secre\u00e7\u00e3o sab\u00e1cea excessiva.","robots":{"index":"index","follow":"follow","max-snippet":"max-snippet:-1","max-image-preview":"max-image-preview:large","max-video-preview":"max-video-preview:-1"},"canonical":"https:\/\/alphea.it\/pt-pt\/products\/face-pt-pt\/purify-line-pt-pt\/mascara-purificante-para-rosto\/","og_locale":"pt_PT","og_type":"article","og_title":"M\u00e1scara purificante para rosto - Alphea","og_description":"A m\u00e1scara purificante para rosto Alphea Purify para uso profissional \u00e9 particularmente indicada para quem apresenta uma secre\u00e7\u00e3o sab\u00e1cea excessiva.","og_url":"https:\/\/alphea.it\/pt-pt\/products\/face-pt-pt\/purify-line-pt-pt\/mascara-purificante-para-rosto\/","og_site_name":"Alphea","article_modified_time":"2022-03-09T13:37:29+00:00","og_image":[{"width":600,"height":600,"url":"https:\/\/alphea.it\/wp-content\/uploads\/2015\/12\/alphea_purify_maschera_viso_purificante_pelli_grasse_impure_250ml.png","type":"image\/png"}],"twitter_card":"summary_large_image","schema":{"@context":"https:\/\/schema.org","@graph":[{"@type":"WebPage","@id":"https:\/\/alphea.it\/pt-pt\/products\/face-pt-pt\/purify-line-pt-pt\/mascara-purificante-para-rosto\/","url":"https:\/\/alphea.it\/pt-pt\/products\/face-pt-pt\/purify-line-pt-pt\/mascara-purificante-para-rosto\/","name":"M\u00e1scara purificante para rosto - Alphea","isPartOf":{"@id":"https:\/\/alphea.it\/#website"},"primaryImageOfPage":{"@id":"https:\/\/alphea.it\/pt-pt\/products\/face-pt-pt\/purify-line-pt-pt\/mascara-purificante-para-rosto\/#primaryimage"},"image":{"@id":"https:\/\/alphea.it\/pt-pt\/products\/face-pt-pt\/purify-line-pt-pt\/mascara-purificante-para-rosto\/#primaryimage"},"thumbnailUrl":"https:\/\/alphea.it\/wp-content\/uploads\/2015\/12\/alphea_purify_maschera_viso_purificante_pelli_grasse_impure_250ml.png","datePublished":"2015-12-15T14:33:45+00:00","dateModified":"2022-03-09T13:37:29+00:00","description":"A m\u00e1scara purificante para rosto Alphea Purify para uso profissional \u00e9 particularmente indicada para quem apresenta uma secre\u00e7\u00e3o sab\u00e1cea excessiva.","breadcrumb":{"@id":"https:\/\/alphea.it\/pt-pt\/products\/face-pt-pt\/purify-line-pt-pt\/mascara-purificante-para-rosto\/#breadcrumb"},"inLanguage":"pt-PT","potentialAction":[{"@type":"ReadAction","target":["https:\/\/alphea.it\/pt-pt\/products\/face-pt-pt\/purify-line-pt-pt\/mascara-purificante-para-rosto\/"]}]},{"@type":"ImageObject","inLanguage":"pt-PT","@id":"https:\/\/alphea.it\/pt-pt\/products\/face-pt-pt\/purify-line-pt-pt\/mascara-purificante-para-rosto\/#primaryimage","url":"https:\/\/alphea.it\/wp-content\/uploads\/2015\/12\/alphea_purify_maschera_viso_purificante_pelli_grasse_impure_250ml.png","contentUrl":"https:\/\/alphea.it\/wp-content\/uploads\/2015\/12\/alphea_purify_maschera_viso_purificante_pelli_grasse_impure_250ml.png","width":600,"height":600},{"@type":"BreadcrumbList","@id":"https:\/\/alphea.it\/pt-pt\/products\/face-pt-pt\/purify-line-pt-pt\/mascara-purificante-para-rosto\/#breadcrumb","itemListElement":[{"@type":"ListItem","position":1,"name":"Home","item":"https:\/\/alphea.it\/pt-pt\/"},{"@type":"ListItem","position":2,"name":"Shop","item":"https:\/\/alphea.it\/pt-pt\/shop\/"},{"@type":"ListItem","position":3,"name":"M\u00e1scara purificante para rosto"}]},{"@type":"WebSite","@id":"https:\/\/alphea.it\/#website","url":"https:\/\/alphea.it\/","name":"Alphea","description":"Beauty Line","potentialAction":[{"@type":"SearchAction","target":{"@type":"EntryPoint","urlTemplate":"https:\/\/alphea.it\/?s={search_term_string}"},"query-input":{"@type":"PropertyValueSpecification","valueRequired":true,"valueName":"search_term_string"}}],"inLanguage":"pt-PT"}]}},"_links":{"self":[{"href":"https:\/\/alphea.it\/pt-pt\/wp-json\/wp\/v2\/product\/1558","targetHints":{"allow":["GET"]}}],"collection":[{"href":"https:\/\/alphea.it\/pt-pt\/wp-json\/wp\/v2\/product"}],"about":[{"href":"https:\/\/alphea.it\/pt-pt\/wp-json\/wp\/v2\/types\/product"}],"replies":[{"embeddable":true,"href":"https:\/\/alphea.it\/pt-pt\/wp-json\/wp\/v2\/comments?post=1558"}],"wp:featuredmedia":[{"embeddable":true,"href":"https:\/\/alphea.it\/pt-pt\/wp-json\/wp\/v2\/media\/1199"}],"wp:attachment":[{"href":"https:\/\/alphea.it\/pt-pt\/wp-json\/wp\/v2\/media?parent=1558"}],"wp:term":[{"taxonomy":"product_brand","embeddable":true,"href":"https:\/\/alphea.it\/pt-pt\/wp-json\/wp\/v2\/product_brand?post=1558"},{"taxonomy":"product_cat","embeddable":true,"href":"https:\/\/alphea.it\/pt-pt\/wp-json\/wp\/v2\/product_cat?post=1558"},{"taxonomy":"product_tag","embeddable":true,"href":"https:\/\/alphea.it\/pt-pt\/wp-json\/wp\/v2\/product_tag?post=1558"}],"curies":[{"name":"wp","href":"https:\/\/api.w.org\/{rel}","templated":true}]}}