{"id":1555,"date":"2015-12-15T15:01:38","date_gmt":"2015-12-15T14:01:38","guid":{"rendered":"https:\/\/alphea.it\/products\/sem%20categoria\/leite-de-limpeza-purificante\/"},"modified":"2022-03-09T14:26:29","modified_gmt":"2022-03-09T13:26:29","slug":"leite-de-limpeza-purificante","status":"publish","type":"product","link":"https:\/\/alphea.it\/pt-pt\/products\/face-pt-pt\/purify-line-pt-pt\/leite-de-limpeza-purificante\/","title":{"rendered":"Leite de limpeza purificante"},"content":{"rendered":"","protected":false},"excerpt":{"rendered":"<p><span style=\"font-weight: 400;\">O <\/span><b>leite de limpeza purificante<\/b><span style=\"font-weight: 400;\"> Alphea Purify para uso profissional para peles oleosas e com impurezas desenvolve uma a\u00e7\u00e3o intensa de <\/span><b>limpeza da<\/b> <b>pele<\/b><span style=\"font-weight: 400;\"> com tend\u00eancia \u00e0 produ\u00e7\u00e3o excessiva de sebo. Caracterizado por incr\u00edveis propriedades fluidificantes e uma consist\u00eancia suave e leve, facilita a remo\u00e7\u00e3o das secre\u00e7\u00f5es, purificando a pele em profundidade: o leite de limpeza \u00e9 constitu\u00eddo por extratos de <\/span><b>bardana, prop\u00f3lis, hamam\u00e9lia e s\u00e1lvia<\/b><span style=\"font-weight: 400;\">, enriquecidos com subst\u00e2ncias purificantes com propriedades depurativas eficientes que lutam contra o excesso de secre\u00e7\u00e3o seb\u00e1cea e reduzem o aparecimento de impurezas relacionadas com as peles oleosas. Produto profissional para o setor est\u00e9tico, o leite de limpeza Alphea Purify garante uma <\/span><b>limpeza profunda da epiderme<\/b><span style=\"font-weight: 400;\"> e uma regula\u00e7\u00e3o da produ\u00e7\u00e3o de sebo.<\/span><\/p>\n<p><span style=\"font-weight: 400;\">Uso profissional<\/span><\/p>\n<p><span style=\"font-weight: 400;\">Formato de 500 ml<\/span><\/p>\n","protected":false},"featured_media":1203,"comment_status":"closed","ping_status":"closed","template":"","meta":{"_acf_changed":false},"product_brand":[],"product_cat":[59,62],"product_tag":[],"class_list":{"0":"post-1555","1":"product","2":"type-product","3":"status-publish","4":"has-post-thumbnail","6":"product_cat-face-pt-pt","7":"product_cat-purify-line-pt-pt","9":"first","10":"instock","11":"shipping-taxable","12":"product-type-simple"},"acf":[],"yoast_head":"<!-- This site is optimized with the Yoast SEO plugin v26.8 - https:\/\/yoast.com\/product\/yoast-seo-wordpress\/ -->\n<title>Leite de limpeza purificante - Alphea<\/title>\n<meta name=\"description\" content=\"O leite de limpeza purificante Alphea Purify para uso profissional para peles oleosas e com impurezas desenvolve uma a\u00e7\u00e3o intensa de limpeza da pele com tend\u00eancia \u00e0 produ\u00e7\u00e3o excessiva de sebo.\" \/>\n<meta name=\"robots\" content=\"index, follow, max-snippet:-1, max-image-preview:large, max-video-preview:-1\" \/>\n<link rel=\"canonical\" href=\"https:\/\/alphea.it\/pt-pt\/products\/face-pt-pt\/purify-line-pt-pt\/leite-de-limpeza-purificante\/\" \/>\n<meta property=\"og:locale\" content=\"pt_PT\" \/>\n<meta property=\"og:type\" content=\"article\" \/>\n<meta property=\"og:title\" content=\"Leite de limpeza purificante - Alphea\" \/>\n<meta property=\"og:description\" content=\"O leite de limpeza purificante Alphea Purify para uso profissional para peles oleosas e com impurezas desenvolve uma a\u00e7\u00e3o intensa de limpeza da pele com tend\u00eancia \u00e0 produ\u00e7\u00e3o excessiva de sebo.\" \/>\n<meta property=\"og:url\" content=\"https:\/\/alphea.it\/pt-pt\/products\/face-pt-pt\/purify-line-pt-pt\/leite-de-limpeza-purificante\/\" \/>\n<meta property=\"og:site_name\" content=\"Alphea\" \/>\n<meta property=\"article:modified_time\" content=\"2022-03-09T13:26:29+00:00\" \/>\n<meta property=\"og:image\" content=\"https:\/\/alphea.it\/wp-content\/uploads\/2015\/12\/alphea_purify_latte_detergente_purificante_pelli_grasse_impure.png\" \/>\n\t<meta property=\"og:image:width\" content=\"600\" \/>\n\t<meta property=\"og:image:height\" content=\"600\" \/>\n\t<meta property=\"og:image:type\" content=\"image\/png\" \/>\n<meta name=\"twitter:card\" content=\"summary_large_image\" \/>\n<script type=\"application\/ld+json\" class=\"yoast-schema-graph\">{\"@context\":\"https:\/\/schema.org\",\"@graph\":[{\"@type\":\"WebPage\",\"@id\":\"https:\/\/alphea.it\/pt-pt\/products\/face-pt-pt\/purify-line-pt-pt\/leite-de-limpeza-purificante\/\",\"url\":\"https:\/\/alphea.it\/pt-pt\/products\/face-pt-pt\/purify-line-pt-pt\/leite-de-limpeza-purificante\/\",\"name\":\"Leite de limpeza purificante - Alphea\",\"isPartOf\":{\"@id\":\"https:\/\/alphea.it\/#website\"},\"primaryImageOfPage\":{\"@id\":\"https:\/\/alphea.it\/pt-pt\/products\/face-pt-pt\/purify-line-pt-pt\/leite-de-limpeza-purificante\/#primaryimage\"},\"image\":{\"@id\":\"https:\/\/alphea.it\/pt-pt\/products\/face-pt-pt\/purify-line-pt-pt\/leite-de-limpeza-purificante\/#primaryimage\"},\"thumbnailUrl\":\"https:\/\/alphea.it\/wp-content\/uploads\/2015\/12\/alphea_purify_latte_detergente_purificante_pelli_grasse_impure.png\",\"datePublished\":\"2015-12-15T14:01:38+00:00\",\"dateModified\":\"2022-03-09T13:26:29+00:00\",\"description\":\"O leite de limpeza purificante Alphea Purify para uso profissional para peles oleosas e com impurezas desenvolve uma a\u00e7\u00e3o intensa de limpeza da pele com tend\u00eancia \u00e0 produ\u00e7\u00e3o excessiva de sebo.\",\"breadcrumb\":{\"@id\":\"https:\/\/alphea.it\/pt-pt\/products\/face-pt-pt\/purify-line-pt-pt\/leite-de-limpeza-purificante\/#breadcrumb\"},\"inLanguage\":\"pt-PT\",\"potentialAction\":[{\"@type\":\"ReadAction\",\"target\":[\"https:\/\/alphea.it\/pt-pt\/products\/face-pt-pt\/purify-line-pt-pt\/leite-de-limpeza-purificante\/\"]}]},{\"@type\":\"ImageObject\",\"inLanguage\":\"pt-PT\",\"@id\":\"https:\/\/alphea.it\/pt-pt\/products\/face-pt-pt\/purify-line-pt-pt\/leite-de-limpeza-purificante\/#primaryimage\",\"url\":\"https:\/\/alphea.it\/wp-content\/uploads\/2015\/12\/alphea_purify_latte_detergente_purificante_pelli_grasse_impure.png\",\"contentUrl\":\"https:\/\/alphea.it\/wp-content\/uploads\/2015\/12\/alphea_purify_latte_detergente_purificante_pelli_grasse_impure.png\",\"width\":600,\"height\":600},{\"@type\":\"BreadcrumbList\",\"@id\":\"https:\/\/alphea.it\/pt-pt\/products\/face-pt-pt\/purify-line-pt-pt\/leite-de-limpeza-purificante\/#breadcrumb\",\"itemListElement\":[{\"@type\":\"ListItem\",\"position\":1,\"name\":\"Home\",\"item\":\"https:\/\/alphea.it\/pt-pt\/\"},{\"@type\":\"ListItem\",\"position\":2,\"name\":\"Shop\",\"item\":\"https:\/\/alphea.it\/pt-pt\/shop\/\"},{\"@type\":\"ListItem\",\"position\":3,\"name\":\"Leite de limpeza purificante\"}]},{\"@type\":\"WebSite\",\"@id\":\"https:\/\/alphea.it\/#website\",\"url\":\"https:\/\/alphea.it\/\",\"name\":\"Alphea\",\"description\":\"Beauty Line\",\"potentialAction\":[{\"@type\":\"SearchAction\",\"target\":{\"@type\":\"EntryPoint\",\"urlTemplate\":\"https:\/\/alphea.it\/?s={search_term_string}\"},\"query-input\":{\"@type\":\"PropertyValueSpecification\",\"valueRequired\":true,\"valueName\":\"search_term_string\"}}],\"inLanguage\":\"pt-PT\"}]}<\/script>\n<!-- \/ Yoast SEO plugin. -->","yoast_head_json":{"title":"Leite de limpeza purificante - Alphea","description":"O leite de limpeza purificante Alphea Purify para uso profissional para peles oleosas e com impurezas desenvolve uma a\u00e7\u00e3o intensa de limpeza da pele com tend\u00eancia \u00e0 produ\u00e7\u00e3o excessiva de sebo.","robots":{"index":"index","follow":"follow","max-snippet":"max-snippet:-1","max-image-preview":"max-image-preview:large","max-video-preview":"max-video-preview:-1"},"canonical":"https:\/\/alphea.it\/pt-pt\/products\/face-pt-pt\/purify-line-pt-pt\/leite-de-limpeza-purificante\/","og_locale":"pt_PT","og_type":"article","og_title":"Leite de limpeza purificante - Alphea","og_description":"O leite de limpeza purificante Alphea Purify para uso profissional para peles oleosas e com impurezas desenvolve uma a\u00e7\u00e3o intensa de limpeza da pele com tend\u00eancia \u00e0 produ\u00e7\u00e3o excessiva de sebo.","og_url":"https:\/\/alphea.it\/pt-pt\/products\/face-pt-pt\/purify-line-pt-pt\/leite-de-limpeza-purificante\/","og_site_name":"Alphea","article_modified_time":"2022-03-09T13:26:29+00:00","og_image":[{"width":600,"height":600,"url":"https:\/\/alphea.it\/wp-content\/uploads\/2015\/12\/alphea_purify_latte_detergente_purificante_pelli_grasse_impure.png","type":"image\/png"}],"twitter_card":"summary_large_image","schema":{"@context":"https:\/\/schema.org","@graph":[{"@type":"WebPage","@id":"https:\/\/alphea.it\/pt-pt\/products\/face-pt-pt\/purify-line-pt-pt\/leite-de-limpeza-purificante\/","url":"https:\/\/alphea.it\/pt-pt\/products\/face-pt-pt\/purify-line-pt-pt\/leite-de-limpeza-purificante\/","name":"Leite de limpeza purificante - Alphea","isPartOf":{"@id":"https:\/\/alphea.it\/#website"},"primaryImageOfPage":{"@id":"https:\/\/alphea.it\/pt-pt\/products\/face-pt-pt\/purify-line-pt-pt\/leite-de-limpeza-purificante\/#primaryimage"},"image":{"@id":"https:\/\/alphea.it\/pt-pt\/products\/face-pt-pt\/purify-line-pt-pt\/leite-de-limpeza-purificante\/#primaryimage"},"thumbnailUrl":"https:\/\/alphea.it\/wp-content\/uploads\/2015\/12\/alphea_purify_latte_detergente_purificante_pelli_grasse_impure.png","datePublished":"2015-12-15T14:01:38+00:00","dateModified":"2022-03-09T13:26:29+00:00","description":"O leite de limpeza purificante Alphea Purify para uso profissional para peles oleosas e com impurezas desenvolve uma a\u00e7\u00e3o intensa de limpeza da pele com tend\u00eancia \u00e0 produ\u00e7\u00e3o excessiva de sebo.","breadcrumb":{"@id":"https:\/\/alphea.it\/pt-pt\/products\/face-pt-pt\/purify-line-pt-pt\/leite-de-limpeza-purificante\/#breadcrumb"},"inLanguage":"pt-PT","potentialAction":[{"@type":"ReadAction","target":["https:\/\/alphea.it\/pt-pt\/products\/face-pt-pt\/purify-line-pt-pt\/leite-de-limpeza-purificante\/"]}]},{"@type":"ImageObject","inLanguage":"pt-PT","@id":"https:\/\/alphea.it\/pt-pt\/products\/face-pt-pt\/purify-line-pt-pt\/leite-de-limpeza-purificante\/#primaryimage","url":"https:\/\/alphea.it\/wp-content\/uploads\/2015\/12\/alphea_purify_latte_detergente_purificante_pelli_grasse_impure.png","contentUrl":"https:\/\/alphea.it\/wp-content\/uploads\/2015\/12\/alphea_purify_latte_detergente_purificante_pelli_grasse_impure.png","width":600,"height":600},{"@type":"BreadcrumbList","@id":"https:\/\/alphea.it\/pt-pt\/products\/face-pt-pt\/purify-line-pt-pt\/leite-de-limpeza-purificante\/#breadcrumb","itemListElement":[{"@type":"ListItem","position":1,"name":"Home","item":"https:\/\/alphea.it\/pt-pt\/"},{"@type":"ListItem","position":2,"name":"Shop","item":"https:\/\/alphea.it\/pt-pt\/shop\/"},{"@type":"ListItem","position":3,"name":"Leite de limpeza purificante"}]},{"@type":"WebSite","@id":"https:\/\/alphea.it\/#website","url":"https:\/\/alphea.it\/","name":"Alphea","description":"Beauty Line","potentialAction":[{"@type":"SearchAction","target":{"@type":"EntryPoint","urlTemplate":"https:\/\/alphea.it\/?s={search_term_string}"},"query-input":{"@type":"PropertyValueSpecification","valueRequired":true,"valueName":"search_term_string"}}],"inLanguage":"pt-PT"}]}},"_links":{"self":[{"href":"https:\/\/alphea.it\/pt-pt\/wp-json\/wp\/v2\/product\/1555","targetHints":{"allow":["GET"]}}],"collection":[{"href":"https:\/\/alphea.it\/pt-pt\/wp-json\/wp\/v2\/product"}],"about":[{"href":"https:\/\/alphea.it\/pt-pt\/wp-json\/wp\/v2\/types\/product"}],"replies":[{"embeddable":true,"href":"https:\/\/alphea.it\/pt-pt\/wp-json\/wp\/v2\/comments?post=1555"}],"wp:featuredmedia":[{"embeddable":true,"href":"https:\/\/alphea.it\/pt-pt\/wp-json\/wp\/v2\/media\/1203"}],"wp:attachment":[{"href":"https:\/\/alphea.it\/pt-pt\/wp-json\/wp\/v2\/media?parent=1555"}],"wp:term":[{"taxonomy":"product_brand","embeddable":true,"href":"https:\/\/alphea.it\/pt-pt\/wp-json\/wp\/v2\/product_brand?post=1555"},{"taxonomy":"product_cat","embeddable":true,"href":"https:\/\/alphea.it\/pt-pt\/wp-json\/wp\/v2\/product_cat?post=1555"},{"taxonomy":"product_tag","embeddable":true,"href":"https:\/\/alphea.it\/pt-pt\/wp-json\/wp\/v2\/product_tag?post=1555"}],"curies":[{"name":"wp","href":"https:\/\/api.w.org\/{rel}","templated":true}]}}