{"id":1549,"date":"2015-12-15T14:23:54","date_gmt":"2015-12-15T13:23:54","guid":{"rendered":"https:\/\/alphea.it\/products\/sem%20categoria\/locao-tonica-normalizadora\/"},"modified":"2022-03-09T12:44:48","modified_gmt":"2022-03-09T11:44:48","slug":"locao-tonica-normalizadora","status":"publish","type":"product","link":"https:\/\/alphea.it\/pt-pt\/products\/face-pt-pt\/sensitive-line-pt-pt\/locao-tonica-normalizadora\/","title":{"rendered":"Lo\u00e7\u00e3o t\u00f3nica normalizadora"},"content":{"rendered":"","protected":false},"excerpt":{"rendered":"<p><span style=\"font-weight: 400;\">A <\/span><b>lo\u00e7\u00e3o t\u00f3nica normalizadora<\/b><span style=\"font-weight: 400;\"> Alphea Sensitive para uso profissional \u00e9 enriquecida em <\/span><b>subst\u00e2ncias emolientes<\/b><span style=\"font-weight: 400;\"> que desenvolvem uma a\u00e7\u00e3o revitalizante e refrescante na pele. Indicada para o tratamento est\u00e9tico das <\/span><b>peles secas e sens\u00edveis<\/b><span style=\"font-weight: 400;\">, a lo\u00e7\u00e3o Alphea foi formulada para formar uma compressa tonificante para a epiderme, conferindo elasticidade, suavidade e luminosidade. Sem \u00e1lcool, caracteriza-se por uma f\u00f3rmula de elevada toler\u00e2ncia, testada dermatologicamente: a combina\u00e7\u00e3o de princ\u00edpios ativos na sua composi\u00e7\u00e3o (<\/span><b>colag\u00e9nio marinho, extrato de cal\u00eandula e extrato<\/b> <b>de gilbardeira<\/b><span style=\"font-weight: 400;\">) fazem da lo\u00e7\u00e3o t\u00f3nica normalizante Alphea um produto para profissionais da est\u00e9tica que pretendem conjugar hidrata\u00e7\u00e3o, suavidade e tonifica\u00e7\u00e3o da pele com um <\/span><b>efeito suavizante e regenerante in\u00e9dito<\/b><span style=\"font-weight: 400;\">.<\/span><\/p>\n<p><span style=\"font-weight: 400;\">Uso profissional<\/span><\/p>\n<p><span style=\"font-weight: 400;\">Formato de 500 ml<\/span><\/p>\n","protected":false},"featured_media":1239,"comment_status":"closed","ping_status":"closed","template":"","meta":{"_acf_changed":false},"product_brand":[],"product_cat":[59,63],"product_tag":[],"class_list":{"0":"post-1549","1":"product","2":"type-product","3":"status-publish","4":"has-post-thumbnail","6":"product_cat-face-pt-pt","7":"product_cat-sensitive-line-pt-pt","9":"first","10":"instock","11":"shipping-taxable","12":"product-type-simple"},"acf":[],"yoast_head":"<!-- This site is optimized with the Yoast SEO plugin v26.8 - https:\/\/yoast.com\/product\/yoast-seo-wordpress\/ -->\n<title>Alphea - Lo\u00e7\u00e3o t\u00f3nica normalizadora<\/title>\n<meta name=\"description\" content=\"A lo\u00e7\u00e3o t\u00f3nica normalizadora Alphea Sensitive para uso profissional \u00e9 enriquecida em subst\u00e2ncias emolientes que desenvolvem uma a\u00e7\u00e3o revitalizante e refrescante na pele.\" \/>\n<meta name=\"robots\" content=\"index, follow, max-snippet:-1, max-image-preview:large, max-video-preview:-1\" \/>\n<link rel=\"canonical\" href=\"https:\/\/alphea.it\/pt-pt\/products\/face-pt-pt\/sensitive-line-pt-pt\/locao-tonica-normalizadora\/\" \/>\n<meta property=\"og:locale\" content=\"pt_PT\" \/>\n<meta property=\"og:type\" content=\"article\" \/>\n<meta property=\"og:title\" content=\"Alphea - Lo\u00e7\u00e3o t\u00f3nica normalizadora\" \/>\n<meta property=\"og:description\" content=\"A lo\u00e7\u00e3o t\u00f3nica normalizadora Alphea Sensitive para uso profissional \u00e9 enriquecida em subst\u00e2ncias emolientes que desenvolvem uma a\u00e7\u00e3o revitalizante e refrescante na pele.\" \/>\n<meta property=\"og:url\" content=\"https:\/\/alphea.it\/pt-pt\/products\/face-pt-pt\/sensitive-line-pt-pt\/locao-tonica-normalizadora\/\" \/>\n<meta property=\"og:site_name\" content=\"Alphea\" \/>\n<meta property=\"article:modified_time\" content=\"2022-03-09T11:44:48+00:00\" \/>\n<meta property=\"og:image\" content=\"https:\/\/alphea.it\/wp-content\/uploads\/2015\/12\/alphea_sensitive_lozione_tonica_normalizzante_pelli_normali_sensibili_500ml.png\" \/>\n\t<meta property=\"og:image:width\" content=\"600\" \/>\n\t<meta property=\"og:image:height\" content=\"600\" \/>\n\t<meta property=\"og:image:type\" content=\"image\/png\" \/>\n<meta name=\"twitter:card\" content=\"summary_large_image\" \/>\n<script type=\"application\/ld+json\" class=\"yoast-schema-graph\">{\"@context\":\"https:\/\/schema.org\",\"@graph\":[{\"@type\":\"WebPage\",\"@id\":\"https:\/\/alphea.it\/pt-pt\/products\/face-pt-pt\/sensitive-line-pt-pt\/locao-tonica-normalizadora\/\",\"url\":\"https:\/\/alphea.it\/pt-pt\/products\/face-pt-pt\/sensitive-line-pt-pt\/locao-tonica-normalizadora\/\",\"name\":\"Alphea - Lo\u00e7\u00e3o t\u00f3nica normalizadora\",\"isPartOf\":{\"@id\":\"https:\/\/alphea.it\/#website\"},\"primaryImageOfPage\":{\"@id\":\"https:\/\/alphea.it\/pt-pt\/products\/face-pt-pt\/sensitive-line-pt-pt\/locao-tonica-normalizadora\/#primaryimage\"},\"image\":{\"@id\":\"https:\/\/alphea.it\/pt-pt\/products\/face-pt-pt\/sensitive-line-pt-pt\/locao-tonica-normalizadora\/#primaryimage\"},\"thumbnailUrl\":\"https:\/\/alphea.it\/wp-content\/uploads\/2015\/12\/alphea_sensitive_lozione_tonica_normalizzante_pelli_normali_sensibili_500ml.png\",\"datePublished\":\"2015-12-15T13:23:54+00:00\",\"dateModified\":\"2022-03-09T11:44:48+00:00\",\"description\":\"A lo\u00e7\u00e3o t\u00f3nica normalizadora Alphea Sensitive para uso profissional \u00e9 enriquecida em subst\u00e2ncias emolientes que desenvolvem uma a\u00e7\u00e3o revitalizante e refrescante na pele.\",\"breadcrumb\":{\"@id\":\"https:\/\/alphea.it\/pt-pt\/products\/face-pt-pt\/sensitive-line-pt-pt\/locao-tonica-normalizadora\/#breadcrumb\"},\"inLanguage\":\"pt-PT\",\"potentialAction\":[{\"@type\":\"ReadAction\",\"target\":[\"https:\/\/alphea.it\/pt-pt\/products\/face-pt-pt\/sensitive-line-pt-pt\/locao-tonica-normalizadora\/\"]}]},{\"@type\":\"ImageObject\",\"inLanguage\":\"pt-PT\",\"@id\":\"https:\/\/alphea.it\/pt-pt\/products\/face-pt-pt\/sensitive-line-pt-pt\/locao-tonica-normalizadora\/#primaryimage\",\"url\":\"https:\/\/alphea.it\/wp-content\/uploads\/2015\/12\/alphea_sensitive_lozione_tonica_normalizzante_pelli_normali_sensibili_500ml.png\",\"contentUrl\":\"https:\/\/alphea.it\/wp-content\/uploads\/2015\/12\/alphea_sensitive_lozione_tonica_normalizzante_pelli_normali_sensibili_500ml.png\",\"width\":600,\"height\":600},{\"@type\":\"BreadcrumbList\",\"@id\":\"https:\/\/alphea.it\/pt-pt\/products\/face-pt-pt\/sensitive-line-pt-pt\/locao-tonica-normalizadora\/#breadcrumb\",\"itemListElement\":[{\"@type\":\"ListItem\",\"position\":1,\"name\":\"Home\",\"item\":\"https:\/\/alphea.it\/pt-pt\/\"},{\"@type\":\"ListItem\",\"position\":2,\"name\":\"Shop\",\"item\":\"https:\/\/alphea.it\/pt-pt\/shop\/\"},{\"@type\":\"ListItem\",\"position\":3,\"name\":\"Lo\u00e7\u00e3o t\u00f3nica normalizadora\"}]},{\"@type\":\"WebSite\",\"@id\":\"https:\/\/alphea.it\/#website\",\"url\":\"https:\/\/alphea.it\/\",\"name\":\"Alphea\",\"description\":\"Beauty Line\",\"potentialAction\":[{\"@type\":\"SearchAction\",\"target\":{\"@type\":\"EntryPoint\",\"urlTemplate\":\"https:\/\/alphea.it\/?s={search_term_string}\"},\"query-input\":{\"@type\":\"PropertyValueSpecification\",\"valueRequired\":true,\"valueName\":\"search_term_string\"}}],\"inLanguage\":\"pt-PT\"}]}<\/script>\n<!-- \/ Yoast SEO plugin. -->","yoast_head_json":{"title":"Alphea - Lo\u00e7\u00e3o t\u00f3nica normalizadora","description":"A lo\u00e7\u00e3o t\u00f3nica normalizadora Alphea Sensitive para uso profissional \u00e9 enriquecida em subst\u00e2ncias emolientes que desenvolvem uma a\u00e7\u00e3o revitalizante e refrescante na pele.","robots":{"index":"index","follow":"follow","max-snippet":"max-snippet:-1","max-image-preview":"max-image-preview:large","max-video-preview":"max-video-preview:-1"},"canonical":"https:\/\/alphea.it\/pt-pt\/products\/face-pt-pt\/sensitive-line-pt-pt\/locao-tonica-normalizadora\/","og_locale":"pt_PT","og_type":"article","og_title":"Alphea - Lo\u00e7\u00e3o t\u00f3nica normalizadora","og_description":"A lo\u00e7\u00e3o t\u00f3nica normalizadora Alphea Sensitive para uso profissional \u00e9 enriquecida em subst\u00e2ncias emolientes que desenvolvem uma a\u00e7\u00e3o revitalizante e refrescante na pele.","og_url":"https:\/\/alphea.it\/pt-pt\/products\/face-pt-pt\/sensitive-line-pt-pt\/locao-tonica-normalizadora\/","og_site_name":"Alphea","article_modified_time":"2022-03-09T11:44:48+00:00","og_image":[{"width":600,"height":600,"url":"https:\/\/alphea.it\/wp-content\/uploads\/2015\/12\/alphea_sensitive_lozione_tonica_normalizzante_pelli_normali_sensibili_500ml.png","type":"image\/png"}],"twitter_card":"summary_large_image","schema":{"@context":"https:\/\/schema.org","@graph":[{"@type":"WebPage","@id":"https:\/\/alphea.it\/pt-pt\/products\/face-pt-pt\/sensitive-line-pt-pt\/locao-tonica-normalizadora\/","url":"https:\/\/alphea.it\/pt-pt\/products\/face-pt-pt\/sensitive-line-pt-pt\/locao-tonica-normalizadora\/","name":"Alphea - Lo\u00e7\u00e3o t\u00f3nica normalizadora","isPartOf":{"@id":"https:\/\/alphea.it\/#website"},"primaryImageOfPage":{"@id":"https:\/\/alphea.it\/pt-pt\/products\/face-pt-pt\/sensitive-line-pt-pt\/locao-tonica-normalizadora\/#primaryimage"},"image":{"@id":"https:\/\/alphea.it\/pt-pt\/products\/face-pt-pt\/sensitive-line-pt-pt\/locao-tonica-normalizadora\/#primaryimage"},"thumbnailUrl":"https:\/\/alphea.it\/wp-content\/uploads\/2015\/12\/alphea_sensitive_lozione_tonica_normalizzante_pelli_normali_sensibili_500ml.png","datePublished":"2015-12-15T13:23:54+00:00","dateModified":"2022-03-09T11:44:48+00:00","description":"A lo\u00e7\u00e3o t\u00f3nica normalizadora Alphea Sensitive para uso profissional \u00e9 enriquecida em subst\u00e2ncias emolientes que desenvolvem uma a\u00e7\u00e3o revitalizante e refrescante na pele.","breadcrumb":{"@id":"https:\/\/alphea.it\/pt-pt\/products\/face-pt-pt\/sensitive-line-pt-pt\/locao-tonica-normalizadora\/#breadcrumb"},"inLanguage":"pt-PT","potentialAction":[{"@type":"ReadAction","target":["https:\/\/alphea.it\/pt-pt\/products\/face-pt-pt\/sensitive-line-pt-pt\/locao-tonica-normalizadora\/"]}]},{"@type":"ImageObject","inLanguage":"pt-PT","@id":"https:\/\/alphea.it\/pt-pt\/products\/face-pt-pt\/sensitive-line-pt-pt\/locao-tonica-normalizadora\/#primaryimage","url":"https:\/\/alphea.it\/wp-content\/uploads\/2015\/12\/alphea_sensitive_lozione_tonica_normalizzante_pelli_normali_sensibili_500ml.png","contentUrl":"https:\/\/alphea.it\/wp-content\/uploads\/2015\/12\/alphea_sensitive_lozione_tonica_normalizzante_pelli_normali_sensibili_500ml.png","width":600,"height":600},{"@type":"BreadcrumbList","@id":"https:\/\/alphea.it\/pt-pt\/products\/face-pt-pt\/sensitive-line-pt-pt\/locao-tonica-normalizadora\/#breadcrumb","itemListElement":[{"@type":"ListItem","position":1,"name":"Home","item":"https:\/\/alphea.it\/pt-pt\/"},{"@type":"ListItem","position":2,"name":"Shop","item":"https:\/\/alphea.it\/pt-pt\/shop\/"},{"@type":"ListItem","position":3,"name":"Lo\u00e7\u00e3o t\u00f3nica normalizadora"}]},{"@type":"WebSite","@id":"https:\/\/alphea.it\/#website","url":"https:\/\/alphea.it\/","name":"Alphea","description":"Beauty Line","potentialAction":[{"@type":"SearchAction","target":{"@type":"EntryPoint","urlTemplate":"https:\/\/alphea.it\/?s={search_term_string}"},"query-input":{"@type":"PropertyValueSpecification","valueRequired":true,"valueName":"search_term_string"}}],"inLanguage":"pt-PT"}]}},"_links":{"self":[{"href":"https:\/\/alphea.it\/pt-pt\/wp-json\/wp\/v2\/product\/1549","targetHints":{"allow":["GET"]}}],"collection":[{"href":"https:\/\/alphea.it\/pt-pt\/wp-json\/wp\/v2\/product"}],"about":[{"href":"https:\/\/alphea.it\/pt-pt\/wp-json\/wp\/v2\/types\/product"}],"replies":[{"embeddable":true,"href":"https:\/\/alphea.it\/pt-pt\/wp-json\/wp\/v2\/comments?post=1549"}],"wp:featuredmedia":[{"embeddable":true,"href":"https:\/\/alphea.it\/pt-pt\/wp-json\/wp\/v2\/media\/1239"}],"wp:attachment":[{"href":"https:\/\/alphea.it\/pt-pt\/wp-json\/wp\/v2\/media?parent=1549"}],"wp:term":[{"taxonomy":"product_brand","embeddable":true,"href":"https:\/\/alphea.it\/pt-pt\/wp-json\/wp\/v2\/product_brand?post=1549"},{"taxonomy":"product_cat","embeddable":true,"href":"https:\/\/alphea.it\/pt-pt\/wp-json\/wp\/v2\/product_cat?post=1549"},{"taxonomy":"product_tag","embeddable":true,"href":"https:\/\/alphea.it\/pt-pt\/wp-json\/wp\/v2\/product_tag?post=1549"}],"curies":[{"name":"wp","href":"https:\/\/api.w.org\/{rel}","templated":true}]}}