{"id":1548,"date":"2015-12-15T14:11:16","date_gmt":"2015-12-15T13:11:16","guid":{"rendered":"https:\/\/alphea.it\/products\/sem%20categoria\/leite-de-limpeza-normalizador\/"},"modified":"2022-03-09T12:40:31","modified_gmt":"2022-03-09T11:40:31","slug":"leite-de-limpeza-normalizador","status":"publish","type":"product","link":"https:\/\/alphea.it\/pt-pt\/products\/face-pt-pt\/sensitive-line-pt-pt\/leite-de-limpeza-normalizador\/","title":{"rendered":"Leite de limpeza normalizador"},"content":{"rendered":"","protected":false},"excerpt":{"rendered":"<p><span style=\"font-weight: 400;\">O <\/span><b>leite de limpeza normalizador<\/b><span style=\"font-weight: 400;\"> Alphea Sensitive para uso profissional representa o primeiro passo para a<\/span><b> limpeza da camada epid\u00e9rmica<\/b><span style=\"font-weight: 400;\">. Delicado e com uma consist\u00eancia leve, remove eficazmente as impurezas superficiais do rosto, limpando a pele sem irrit\u00e1-la. A elevada a\u00e7\u00e3o de limpeza \u00e9 proporcionada pela elevada presen\u00e7a de<\/span><b> subst\u00e2ncias emolientes<\/b><span style=\"font-weight: 400;\"> e nutrientes: o <\/span><b>colag\u00e9nio marinho<\/b><span style=\"font-weight: 400;\"> \u00e9 enriquecido em \u00e1cidos gordos essenciais \u00d3mega 3 e em prote\u00ednas que contribuem para consolidar as estruturas celulares desagregadas, para um efeito antioxidante e tonificante da pele do rosto, enquanto os <\/span><b>elementos vitam\u00ednicos<\/b><span style=\"font-weight: 400;\"> do leite de limpeza normalizador Alphea hidratam e dinamizam a epiderme, para proporcionar uma luminosidade in\u00e9dita inigual\u00e1vel.<\/span><\/p>\n<p><span style=\"font-weight: 400;\">Uso profissional<\/span><\/p>\n<p><span style=\"font-weight: 400;\">Formato de 500 ml<\/span><\/p>\n","protected":false},"featured_media":1241,"comment_status":"closed","ping_status":"closed","template":"","meta":{"_acf_changed":false},"product_brand":[],"product_cat":[59,63],"product_tag":[],"class_list":{"0":"post-1548","1":"product","2":"type-product","3":"status-publish","4":"has-post-thumbnail","6":"product_cat-face-pt-pt","7":"product_cat-sensitive-line-pt-pt","9":"first","10":"instock","11":"shipping-taxable","12":"product-type-simple"},"acf":[],"yoast_head":"<!-- This site is optimized with the Yoast SEO plugin v26.8 - https:\/\/yoast.com\/product\/yoast-seo-wordpress\/ -->\n<title>Alphea - Leite de limpeza normalizador<\/title>\n<meta name=\"description\" content=\"O leite de limpeza normalizador Alphea Sensitive para uso profissional representa o primeiro passo para a limpeza da camada epid\u00e9rmica.\" \/>\n<meta name=\"robots\" content=\"index, follow, max-snippet:-1, max-image-preview:large, max-video-preview:-1\" \/>\n<link rel=\"canonical\" href=\"https:\/\/alphea.it\/pt-pt\/products\/face-pt-pt\/sensitive-line-pt-pt\/leite-de-limpeza-normalizador\/\" \/>\n<meta property=\"og:locale\" content=\"pt_PT\" \/>\n<meta property=\"og:type\" content=\"article\" \/>\n<meta property=\"og:title\" content=\"Alphea - Leite de limpeza normalizador\" \/>\n<meta property=\"og:description\" content=\"O leite de limpeza normalizador Alphea Sensitive para uso profissional representa o primeiro passo para a limpeza da camada epid\u00e9rmica.\" \/>\n<meta property=\"og:url\" content=\"https:\/\/alphea.it\/pt-pt\/products\/face-pt-pt\/sensitive-line-pt-pt\/leite-de-limpeza-normalizador\/\" \/>\n<meta property=\"og:site_name\" content=\"Alphea\" \/>\n<meta property=\"article:modified_time\" content=\"2022-03-09T11:40:31+00:00\" \/>\n<meta property=\"og:image\" content=\"https:\/\/alphea.it\/wp-content\/uploads\/2015\/12\/alphea_sensitive_latte_detergente_normalizzante_pelli_normali_sensibili_500ml.png\" \/>\n\t<meta property=\"og:image:width\" content=\"600\" \/>\n\t<meta property=\"og:image:height\" content=\"600\" \/>\n\t<meta property=\"og:image:type\" content=\"image\/png\" \/>\n<meta name=\"twitter:card\" content=\"summary_large_image\" \/>\n<script type=\"application\/ld+json\" class=\"yoast-schema-graph\">{\"@context\":\"https:\/\/schema.org\",\"@graph\":[{\"@type\":\"WebPage\",\"@id\":\"https:\/\/alphea.it\/pt-pt\/products\/face-pt-pt\/sensitive-line-pt-pt\/leite-de-limpeza-normalizador\/\",\"url\":\"https:\/\/alphea.it\/pt-pt\/products\/face-pt-pt\/sensitive-line-pt-pt\/leite-de-limpeza-normalizador\/\",\"name\":\"Alphea - Leite de limpeza normalizador\",\"isPartOf\":{\"@id\":\"https:\/\/alphea.it\/#website\"},\"primaryImageOfPage\":{\"@id\":\"https:\/\/alphea.it\/pt-pt\/products\/face-pt-pt\/sensitive-line-pt-pt\/leite-de-limpeza-normalizador\/#primaryimage\"},\"image\":{\"@id\":\"https:\/\/alphea.it\/pt-pt\/products\/face-pt-pt\/sensitive-line-pt-pt\/leite-de-limpeza-normalizador\/#primaryimage\"},\"thumbnailUrl\":\"https:\/\/alphea.it\/wp-content\/uploads\/2015\/12\/alphea_sensitive_latte_detergente_normalizzante_pelli_normali_sensibili_500ml.png\",\"datePublished\":\"2015-12-15T13:11:16+00:00\",\"dateModified\":\"2022-03-09T11:40:31+00:00\",\"description\":\"O leite de limpeza normalizador Alphea Sensitive para uso profissional representa o primeiro passo para a limpeza da camada epid\u00e9rmica.\",\"breadcrumb\":{\"@id\":\"https:\/\/alphea.it\/pt-pt\/products\/face-pt-pt\/sensitive-line-pt-pt\/leite-de-limpeza-normalizador\/#breadcrumb\"},\"inLanguage\":\"pt-PT\",\"potentialAction\":[{\"@type\":\"ReadAction\",\"target\":[\"https:\/\/alphea.it\/pt-pt\/products\/face-pt-pt\/sensitive-line-pt-pt\/leite-de-limpeza-normalizador\/\"]}]},{\"@type\":\"ImageObject\",\"inLanguage\":\"pt-PT\",\"@id\":\"https:\/\/alphea.it\/pt-pt\/products\/face-pt-pt\/sensitive-line-pt-pt\/leite-de-limpeza-normalizador\/#primaryimage\",\"url\":\"https:\/\/alphea.it\/wp-content\/uploads\/2015\/12\/alphea_sensitive_latte_detergente_normalizzante_pelli_normali_sensibili_500ml.png\",\"contentUrl\":\"https:\/\/alphea.it\/wp-content\/uploads\/2015\/12\/alphea_sensitive_latte_detergente_normalizzante_pelli_normali_sensibili_500ml.png\",\"width\":600,\"height\":600},{\"@type\":\"BreadcrumbList\",\"@id\":\"https:\/\/alphea.it\/pt-pt\/products\/face-pt-pt\/sensitive-line-pt-pt\/leite-de-limpeza-normalizador\/#breadcrumb\",\"itemListElement\":[{\"@type\":\"ListItem\",\"position\":1,\"name\":\"Home\",\"item\":\"https:\/\/alphea.it\/pt-pt\/\"},{\"@type\":\"ListItem\",\"position\":2,\"name\":\"Shop\",\"item\":\"https:\/\/alphea.it\/pt-pt\/shop\/\"},{\"@type\":\"ListItem\",\"position\":3,\"name\":\"Leite de limpeza normalizador\"}]},{\"@type\":\"WebSite\",\"@id\":\"https:\/\/alphea.it\/#website\",\"url\":\"https:\/\/alphea.it\/\",\"name\":\"Alphea\",\"description\":\"Beauty Line\",\"potentialAction\":[{\"@type\":\"SearchAction\",\"target\":{\"@type\":\"EntryPoint\",\"urlTemplate\":\"https:\/\/alphea.it\/?s={search_term_string}\"},\"query-input\":{\"@type\":\"PropertyValueSpecification\",\"valueRequired\":true,\"valueName\":\"search_term_string\"}}],\"inLanguage\":\"pt-PT\"}]}<\/script>\n<!-- \/ Yoast SEO plugin. -->","yoast_head_json":{"title":"Alphea - Leite de limpeza normalizador","description":"O leite de limpeza normalizador Alphea Sensitive para uso profissional representa o primeiro passo para a limpeza da camada epid\u00e9rmica.","robots":{"index":"index","follow":"follow","max-snippet":"max-snippet:-1","max-image-preview":"max-image-preview:large","max-video-preview":"max-video-preview:-1"},"canonical":"https:\/\/alphea.it\/pt-pt\/products\/face-pt-pt\/sensitive-line-pt-pt\/leite-de-limpeza-normalizador\/","og_locale":"pt_PT","og_type":"article","og_title":"Alphea - Leite de limpeza normalizador","og_description":"O leite de limpeza normalizador Alphea Sensitive para uso profissional representa o primeiro passo para a limpeza da camada epid\u00e9rmica.","og_url":"https:\/\/alphea.it\/pt-pt\/products\/face-pt-pt\/sensitive-line-pt-pt\/leite-de-limpeza-normalizador\/","og_site_name":"Alphea","article_modified_time":"2022-03-09T11:40:31+00:00","og_image":[{"width":600,"height":600,"url":"https:\/\/alphea.it\/wp-content\/uploads\/2015\/12\/alphea_sensitive_latte_detergente_normalizzante_pelli_normali_sensibili_500ml.png","type":"image\/png"}],"twitter_card":"summary_large_image","schema":{"@context":"https:\/\/schema.org","@graph":[{"@type":"WebPage","@id":"https:\/\/alphea.it\/pt-pt\/products\/face-pt-pt\/sensitive-line-pt-pt\/leite-de-limpeza-normalizador\/","url":"https:\/\/alphea.it\/pt-pt\/products\/face-pt-pt\/sensitive-line-pt-pt\/leite-de-limpeza-normalizador\/","name":"Alphea - Leite de limpeza normalizador","isPartOf":{"@id":"https:\/\/alphea.it\/#website"},"primaryImageOfPage":{"@id":"https:\/\/alphea.it\/pt-pt\/products\/face-pt-pt\/sensitive-line-pt-pt\/leite-de-limpeza-normalizador\/#primaryimage"},"image":{"@id":"https:\/\/alphea.it\/pt-pt\/products\/face-pt-pt\/sensitive-line-pt-pt\/leite-de-limpeza-normalizador\/#primaryimage"},"thumbnailUrl":"https:\/\/alphea.it\/wp-content\/uploads\/2015\/12\/alphea_sensitive_latte_detergente_normalizzante_pelli_normali_sensibili_500ml.png","datePublished":"2015-12-15T13:11:16+00:00","dateModified":"2022-03-09T11:40:31+00:00","description":"O leite de limpeza normalizador Alphea Sensitive para uso profissional representa o primeiro passo para a limpeza da camada epid\u00e9rmica.","breadcrumb":{"@id":"https:\/\/alphea.it\/pt-pt\/products\/face-pt-pt\/sensitive-line-pt-pt\/leite-de-limpeza-normalizador\/#breadcrumb"},"inLanguage":"pt-PT","potentialAction":[{"@type":"ReadAction","target":["https:\/\/alphea.it\/pt-pt\/products\/face-pt-pt\/sensitive-line-pt-pt\/leite-de-limpeza-normalizador\/"]}]},{"@type":"ImageObject","inLanguage":"pt-PT","@id":"https:\/\/alphea.it\/pt-pt\/products\/face-pt-pt\/sensitive-line-pt-pt\/leite-de-limpeza-normalizador\/#primaryimage","url":"https:\/\/alphea.it\/wp-content\/uploads\/2015\/12\/alphea_sensitive_latte_detergente_normalizzante_pelli_normali_sensibili_500ml.png","contentUrl":"https:\/\/alphea.it\/wp-content\/uploads\/2015\/12\/alphea_sensitive_latte_detergente_normalizzante_pelli_normali_sensibili_500ml.png","width":600,"height":600},{"@type":"BreadcrumbList","@id":"https:\/\/alphea.it\/pt-pt\/products\/face-pt-pt\/sensitive-line-pt-pt\/leite-de-limpeza-normalizador\/#breadcrumb","itemListElement":[{"@type":"ListItem","position":1,"name":"Home","item":"https:\/\/alphea.it\/pt-pt\/"},{"@type":"ListItem","position":2,"name":"Shop","item":"https:\/\/alphea.it\/pt-pt\/shop\/"},{"@type":"ListItem","position":3,"name":"Leite de limpeza normalizador"}]},{"@type":"WebSite","@id":"https:\/\/alphea.it\/#website","url":"https:\/\/alphea.it\/","name":"Alphea","description":"Beauty Line","potentialAction":[{"@type":"SearchAction","target":{"@type":"EntryPoint","urlTemplate":"https:\/\/alphea.it\/?s={search_term_string}"},"query-input":{"@type":"PropertyValueSpecification","valueRequired":true,"valueName":"search_term_string"}}],"inLanguage":"pt-PT"}]}},"_links":{"self":[{"href":"https:\/\/alphea.it\/pt-pt\/wp-json\/wp\/v2\/product\/1548","targetHints":{"allow":["GET"]}}],"collection":[{"href":"https:\/\/alphea.it\/pt-pt\/wp-json\/wp\/v2\/product"}],"about":[{"href":"https:\/\/alphea.it\/pt-pt\/wp-json\/wp\/v2\/types\/product"}],"replies":[{"embeddable":true,"href":"https:\/\/alphea.it\/pt-pt\/wp-json\/wp\/v2\/comments?post=1548"}],"wp:featuredmedia":[{"embeddable":true,"href":"https:\/\/alphea.it\/pt-pt\/wp-json\/wp\/v2\/media\/1241"}],"wp:attachment":[{"href":"https:\/\/alphea.it\/pt-pt\/wp-json\/wp\/v2\/media?parent=1548"}],"wp:term":[{"taxonomy":"product_brand","embeddable":true,"href":"https:\/\/alphea.it\/pt-pt\/wp-json\/wp\/v2\/product_brand?post=1548"},{"taxonomy":"product_cat","embeddable":true,"href":"https:\/\/alphea.it\/pt-pt\/wp-json\/wp\/v2\/product_cat?post=1548"},{"taxonomy":"product_tag","embeddable":true,"href":"https:\/\/alphea.it\/pt-pt\/wp-json\/wp\/v2\/product_tag?post=1548"}],"curies":[{"name":"wp","href":"https:\/\/api.w.org\/{rel}","templated":true}]}}