{"id":1467,"date":"2022-03-09T10:23:26","date_gmt":"2022-03-09T09:23:26","guid":{"rendered":"https:\/\/alphea.it\/identity\/"},"modified":"2022-03-10T12:33:11","modified_gmt":"2022-03-10T11:33:11","slug":"identity","status":"publish","type":"page","link":"https:\/\/alphea.it\/pt-pt\/identity\/","title":{"rendered":"identity"},"content":{"rendered":"<div class=\"wpb-content-wrapper\"><p>[vc_row][vc_column][vc_empty_space height=&#8221;50px&#8221;][vc_empty_space height=&#8221;50px&#8221;][vc_row_inner][vc_column_inner width=&#8221;1\/3&#8243;][vc_column_text]<\/p>\n<h1 style=\"text-align: left;\"><span style=\"font-size: 23pt; color: #747474;\">Alphea: desenvolvida para preservar a linguagem universal da beleza<\/span><\/h1>\n<p>[\/vc_column_text][\/vc_column_inner][vc_column_inner width=&#8221;1\/3&#8243;][vc_column_text]<\/p>\n<p style=\"text-align: justify;\"><span style=\"color: #747474; font-size: 12pt;\">O estudo preciso da morfologia e das <strong>caracter\u00edsticas da pele<\/strong>, a experi\u00eancia de v\u00e1rios anos no<strong> setor cosm\u00e9tico<\/strong>, o valor de princ\u00edpios <strong>ativos preciosos<\/strong> e ben\u00e9ficos: <strong>Alphea<\/strong> \u00e9 o parceiro ideal do profissional do ramo da est\u00e9tica, conhecido desde sempre no percurso especialista para favorecer e proteger a <strong>linguagem universal da beleza. <\/strong><\/span><span style=\"font-size: 12pt; color: #747474;\">A investiga\u00e7\u00e3o cient\u00edfica de ponta pretende\u00a0<\/span><\/p>\n<p>[\/vc_column_text][\/vc_column_inner][vc_column_inner width=&#8221;1\/3&#8243;][vc_column_text]<\/p>\n<p style=\"text-align: justify;\"><span style=\"font-size: 12pt; color: #747474;\">melhorar, corrigir\u00a0e preservar o aspeto e o<strong> bem-estar da pele<\/strong> , atrav\u00e9s programas espec\u00edficos para cada exig\u00eancia: <strong>tratamentos de rosto e de corpo,<\/strong> concebidos para todos os tipos de pele (normais e sens\u00edveis, oleosas e com impurezas, maduras e com rugas) garantem um equil\u00edbrio in\u00e9dito, valorizado por f\u00f3rmulas que resultam das <strong>tecnologias cosm\u00e9ticas modernas.<\/strong><\/span><\/p>\n<p>[\/vc_column_text][\/vc_column_inner][\/vc_row_inner][vc_empty_space height=&#8221;50px&#8221;][\/vc_column][\/vc_row][vc_row full_width=&#8221;stretch_row_content_no_spaces&#8221; parallax=&#8221;content-moving&#8221; parallax_image=&#8221;377&#8243; css=&#8221;.vc_custom_1450263319996{padding-top: 0px !important;padding-right: 0px !important;padding-bottom: 0px !important;padding-left: 0px !important;}&#8221;][vc_column][vc_empty_space height=&#8221;200px&#8221;][vc_empty_space height=&#8221;200px&#8221;][\/vc_column][\/vc_row][vc_row full_width=&#8221;stretch_row&#8221; css=&#8221;.vc_custom_1450264132745{background-color: #edbd5e !important;}&#8221;][vc_column][vc_empty_space height=&#8221;50px&#8221;][vc_column_text]<\/p>\n<h1 style=\"text-align: center;\"><span style=\"font-size: 23pt; color: #ffffff;\">A voca\u00e7\u00e3o da beleza: princ\u00edpios ativos preciosos<br \/>\ne tecnologia inovadora para o rosto e para o corpo<\/span><\/h1>\n<p>[\/vc_column_text][vc_separator color=&#8221;white&#8221; border_width=&#8221;2&#8243; el_width=&#8221;10&#8243;][vc_row_inner][vc_column_inner width=&#8221;1\/6&#8243;][\/vc_column_inner][vc_column_inner width=&#8221;1\/3&#8243;][vc_column_text]<\/p>\n<p style=\"text-align: justify;\"><span style=\"font-size: 12pt; color: #ffffff;\">As <strong>mat\u00e9rias-primas<\/strong> utilizadas pela Alphea s\u00e3o selecionadas rigorosamente para oferecer o benef\u00edcio que garante um excelente resultado: os <strong>princ\u00edpios ativos<\/strong> condensados nas formula\u00e7\u00f5es s\u00e3o extra\u00eddos pelos laborat\u00f3rios Alphea, atrav\u00e9s de m\u00e9todos e tecnologias permanentemente atualizadas. A nossa miss\u00e3o pretende oferecer uma <strong>linha de beleza cada\u00a0<\/strong><\/span><\/p>\n<p>[\/vc_column_text][\/vc_column_inner][vc_column_inner width=&#8221;1\/3&#8243;][vc_column_text]<\/p>\n<p style=\"text-align: justify;\"><span style=\"font-size: 12pt; color: #ffffff;\"><strong>vez mais exclusiva e preciosa, <\/strong>ao servi\u00e7o do bem-estar do seu rosto e corpo, uma vez que n\u00e3o pode ser descurado o valor da beleza: todos os tratamentos e produtos cosm\u00e9ticos profissionais conexos para centros de est\u00e9tica, esteticistas, institutos de beleza e spa nascem da <strong>compet\u00eancia e atualiza\u00e7\u00e3o constantes<\/strong> que caracterizam o percurso empresarial da Alphea. <\/span><\/p>\n<p>[\/vc_column_text][\/vc_column_inner][vc_column_inner width=&#8221;1\/6&#8243;][\/vc_column_inner][\/vc_row_inner][vc_empty_space height=&#8221;50px&#8221;][\/vc_column][\/vc_row][vc_row][vc_column][vc_empty_space height=&#8221;50px&#8221;][vc_column_text]<\/p>\n<h1 style=\"text-align: center;\"><span style=\"font-size: 23pt; color: #747474;\">O Made in Italy: a garantia da excel\u00eancia italiana<br \/>\nao servi\u00e7o do profissional<\/span><\/h1>\n<p>[\/vc_column_text][vc_separator border_width=&#8221;2&#8243; el_width=&#8221;10&#8243;][vc_row_inner][vc_column_inner width=&#8221;1\/6&#8243;][\/vc_column_inner][vc_column_inner width=&#8221;1\/3&#8243;][vc_column_text]<\/p>\n<p style=\"text-align: justify;\"><span style=\"font-size: 12pt; color: #747474;\">Todos os<strong> produtos cosm\u00e9ticos<\/strong> profissionais Alphea s\u00e3o <strong>formulados, criados e fabricados na It\u00e1lia.<\/strong> A credibilidade e o profissionalismo italianos est\u00e3o na base da<strong> filosofia empresarial.<\/strong> O estudo meticuloso das <strong>mat\u00e9rias-primas<\/strong> e a cria\u00e7\u00e3o das formula\u00e7\u00f5es revolucion\u00e1rias dos <strong>tratamentos para rosto e corpo<\/strong> Alphea resultam da <strong>voca\u00e7\u00e3o<\/strong> caseira <strong>para a qualidade<\/strong>: nascida na continuidade\u00a0<\/span><span style=\"font-size: 12pt; color: #747474;\">da\u00a0<\/span><\/p>\n<p>[\/vc_column_text][\/vc_column_inner][vc_column_inner width=&#8221;1\/3&#8243;][vc_column_text]<\/p>\n<p style=\"text-align: justify;\"><span style=\"font-size: 12pt; color: #747474;\">tradi\u00e7\u00e3o cosm\u00e9tica italiana e da funda\u00e7\u00e3o hist\u00f3rica da ci\u00eancia que tem como objeto a <strong>melhoria est\u00e9tica da pele,<\/strong> os produtos Alphea apoiam a <strong>a\u00e7\u00e3o profissional<\/strong> de centros est\u00e9ticos, de esteticistas, de institutos de beleza e spa, deixando-se inspirar pelo conhecimento e sinergia in\u00e9ditos criados entre uma <strong>tecnologia de ponta<\/strong> e a <strong>redescoberta de valores<\/strong> e virtudes com ra\u00edzes na tradi\u00e7\u00e3o caseira.<\/span><\/p>\n<p>[\/vc_column_text][\/vc_column_inner][vc_column_inner width=&#8221;1\/6&#8243;][\/vc_column_inner][\/vc_row_inner][vc_empty_space height=&#8221;50px&#8221;][\/vc_column][\/vc_row][vc_row full_width=&#8221;stretch_row_content_no_spaces&#8221; parallax=&#8221;content-moving&#8221; parallax_image=&#8221;405&#8243; css=&#8221;.vc_custom_1450266541814{padding-top: 0px !important;padding-right: 0px !important;padding-bottom: 0px !important;padding-left: 0px !important;}&#8221;][vc_column][vc_empty_space height=&#8221;200px&#8221;][vc_empty_space height=&#8221;200px&#8221;][\/vc_column][\/vc_row]<\/p>\n<\/div>","protected":false},"excerpt":{"rendered":"<p>[vc_row][vc_column][vc_empty_space height=&#8221;50px&#8221;][vc_empty_space height=&#8221;50px&#8221;][vc_row_inner][vc_column_inner width=&#8221;1\/3&#8243;][vc_column_text] Alphea: desenvolvida para preservar a linguagem universal da beleza [\/vc_column_text][\/vc_column_inner][vc_column_inner width=&#8221;1\/3&#8243;][vc_column_text] O estudo preciso da morfologia e das caracter\u00edsticas da pele, a experi\u00eancia de v\u00e1rios anos no setor cosm\u00e9tico, o valor de princ\u00edpios ativos preciosos e ben\u00e9ficos: Alphea \u00e9 o parceiro ideal do profissional do ramo da est\u00e9tica, conhecido desde sempre  [&#8230;]<\/p>\n","protected":false},"author":4,"featured_media":0,"parent":0,"menu_order":0,"comment_status":"closed","ping_status":"closed","template":"","meta":{"_acf_changed":false,"footnotes":""},"class_list":["post-1467","page","type-page","status-publish","hentry"],"acf":[],"yoast_head":"<!-- This site is optimized with the Yoast SEO plugin v26.8 - https:\/\/yoast.com\/product\/yoast-seo-wordpress\/ -->\n<title>identity - Alphea<\/title>\n<meta name=\"description\" content=\"Mat\u00e9rias-primas preciosas, produtos inovadores e a produ\u00e7\u00e3o em It\u00e1lia est\u00e3o na base da filosofia empresarial Alphea.\" \/>\n<meta name=\"robots\" content=\"index, follow, max-snippet:-1, max-image-preview:large, max-video-preview:-1\" \/>\n<link rel=\"canonical\" href=\"https:\/\/alphea.it\/pt-pt\/identity\/\" \/>\n<meta property=\"og:locale\" content=\"pt_PT\" \/>\n<meta property=\"og:type\" content=\"article\" \/>\n<meta property=\"og:title\" content=\"identity - Alphea\" \/>\n<meta property=\"og:description\" content=\"Mat\u00e9rias-primas preciosas, produtos inovadores e a produ\u00e7\u00e3o em It\u00e1lia est\u00e3o na base da filosofia empresarial Alphea.\" \/>\n<meta property=\"og:url\" content=\"https:\/\/alphea.it\/pt-pt\/identity\/\" \/>\n<meta property=\"og:site_name\" content=\"Alphea\" \/>\n<meta property=\"article:modified_time\" content=\"2022-03-10T11:33:11+00:00\" \/>\n<meta name=\"twitter:card\" content=\"summary_large_image\" \/>\n<meta name=\"twitter:label1\" content=\"Tempo estimado de leitura\" \/>\n\t<meta name=\"twitter:data1\" content=\"3 minutos\" \/>\n<script type=\"application\/ld+json\" class=\"yoast-schema-graph\">{\"@context\":\"https:\/\/schema.org\",\"@graph\":[{\"@type\":\"WebPage\",\"@id\":\"https:\/\/alphea.it\/pt-pt\/identity\/\",\"url\":\"https:\/\/alphea.it\/pt-pt\/identity\/\",\"name\":\"identity - Alphea\",\"isPartOf\":{\"@id\":\"https:\/\/alphea.it\/#website\"},\"datePublished\":\"2022-03-09T09:23:26+00:00\",\"dateModified\":\"2022-03-10T11:33:11+00:00\",\"description\":\"Mat\u00e9rias-primas preciosas, produtos inovadores e a produ\u00e7\u00e3o em It\u00e1lia est\u00e3o na base da filosofia empresarial Alphea.\",\"breadcrumb\":{\"@id\":\"https:\/\/alphea.it\/pt-pt\/identity\/#breadcrumb\"},\"inLanguage\":\"pt-PT\",\"potentialAction\":[{\"@type\":\"ReadAction\",\"target\":[\"https:\/\/alphea.it\/pt-pt\/identity\/\"]}]},{\"@type\":\"BreadcrumbList\",\"@id\":\"https:\/\/alphea.it\/pt-pt\/identity\/#breadcrumb\",\"itemListElement\":[{\"@type\":\"ListItem\",\"position\":1,\"name\":\"Home\",\"item\":\"https:\/\/alphea.it\/pt-pt\/\"},{\"@type\":\"ListItem\",\"position\":2,\"name\":\"identity\"}]},{\"@type\":\"WebSite\",\"@id\":\"https:\/\/alphea.it\/#website\",\"url\":\"https:\/\/alphea.it\/\",\"name\":\"Alphea\",\"description\":\"Beauty Line\",\"potentialAction\":[{\"@type\":\"SearchAction\",\"target\":{\"@type\":\"EntryPoint\",\"urlTemplate\":\"https:\/\/alphea.it\/?s={search_term_string}\"},\"query-input\":{\"@type\":\"PropertyValueSpecification\",\"valueRequired\":true,\"valueName\":\"search_term_string\"}}],\"inLanguage\":\"pt-PT\"}]}<\/script>\n<!-- \/ Yoast SEO plugin. -->","yoast_head_json":{"title":"identity - Alphea","description":"Mat\u00e9rias-primas preciosas, produtos inovadores e a produ\u00e7\u00e3o em It\u00e1lia est\u00e3o na base da filosofia empresarial Alphea.","robots":{"index":"index","follow":"follow","max-snippet":"max-snippet:-1","max-image-preview":"max-image-preview:large","max-video-preview":"max-video-preview:-1"},"canonical":"https:\/\/alphea.it\/pt-pt\/identity\/","og_locale":"pt_PT","og_type":"article","og_title":"identity - Alphea","og_description":"Mat\u00e9rias-primas preciosas, produtos inovadores e a produ\u00e7\u00e3o em It\u00e1lia est\u00e3o na base da filosofia empresarial Alphea.","og_url":"https:\/\/alphea.it\/pt-pt\/identity\/","og_site_name":"Alphea","article_modified_time":"2022-03-10T11:33:11+00:00","twitter_card":"summary_large_image","twitter_misc":{"Tempo estimado de leitura":"3 minutos"},"schema":{"@context":"https:\/\/schema.org","@graph":[{"@type":"WebPage","@id":"https:\/\/alphea.it\/pt-pt\/identity\/","url":"https:\/\/alphea.it\/pt-pt\/identity\/","name":"identity - Alphea","isPartOf":{"@id":"https:\/\/alphea.it\/#website"},"datePublished":"2022-03-09T09:23:26+00:00","dateModified":"2022-03-10T11:33:11+00:00","description":"Mat\u00e9rias-primas preciosas, produtos inovadores e a produ\u00e7\u00e3o em It\u00e1lia est\u00e3o na base da filosofia empresarial Alphea.","breadcrumb":{"@id":"https:\/\/alphea.it\/pt-pt\/identity\/#breadcrumb"},"inLanguage":"pt-PT","potentialAction":[{"@type":"ReadAction","target":["https:\/\/alphea.it\/pt-pt\/identity\/"]}]},{"@type":"BreadcrumbList","@id":"https:\/\/alphea.it\/pt-pt\/identity\/#breadcrumb","itemListElement":[{"@type":"ListItem","position":1,"name":"Home","item":"https:\/\/alphea.it\/pt-pt\/"},{"@type":"ListItem","position":2,"name":"identity"}]},{"@type":"WebSite","@id":"https:\/\/alphea.it\/#website","url":"https:\/\/alphea.it\/","name":"Alphea","description":"Beauty Line","potentialAction":[{"@type":"SearchAction","target":{"@type":"EntryPoint","urlTemplate":"https:\/\/alphea.it\/?s={search_term_string}"},"query-input":{"@type":"PropertyValueSpecification","valueRequired":true,"valueName":"search_term_string"}}],"inLanguage":"pt-PT"}]}},"_links":{"self":[{"href":"https:\/\/alphea.it\/pt-pt\/wp-json\/wp\/v2\/pages\/1467","targetHints":{"allow":["GET"]}}],"collection":[{"href":"https:\/\/alphea.it\/pt-pt\/wp-json\/wp\/v2\/pages"}],"about":[{"href":"https:\/\/alphea.it\/pt-pt\/wp-json\/wp\/v2\/types\/page"}],"author":[{"embeddable":true,"href":"https:\/\/alphea.it\/pt-pt\/wp-json\/wp\/v2\/users\/4"}],"replies":[{"embeddable":true,"href":"https:\/\/alphea.it\/pt-pt\/wp-json\/wp\/v2\/comments?post=1467"}],"version-history":[{"count":0,"href":"https:\/\/alphea.it\/pt-pt\/wp-json\/wp\/v2\/pages\/1467\/revisions"}],"wp:attachment":[{"href":"https:\/\/alphea.it\/pt-pt\/wp-json\/wp\/v2\/media?parent=1467"}],"curies":[{"name":"wp","href":"https:\/\/api.w.org\/{rel}","templated":true}]}}