{"id":1463,"date":"2022-03-09T10:06:26","date_gmt":"2022-03-09T09:06:26","guid":{"rendered":"https:\/\/alphea.it\/home\/"},"modified":"2023-10-23T15:45:46","modified_gmt":"2023-10-23T13:45:46","slug":"home","status":"publish","type":"page","link":"https:\/\/alphea.it\/pt-pt\/","title":{"rendered":"Home"},"content":{"rendered":"<div class=\"wpb-content-wrapper\"><p>[vc_row][vc_column][vc_empty_space height=&#8221;100&#8243; css=&#8221;.vc_custom_1450196984095{margin-top: 0px !important;margin-right: 0px !important;margin-bottom: 0px !important;margin-left: 0px !important;border-top-width: 0px !important;border-right-width: 0px !important;border-bottom-width: 0px !important;border-left-width: 0px !important;padding-top: 0px !important;padding-right: 0px !important;padding-bottom: 0px !important;padding-left: 0px !important;}&#8221;][vc_column_text]<\/p>\n<h1 style=\"text-align: center;\"><span style=\"font-size: 23pt; color: #747474;\">Alphea: desenvolvida para preservar<br \/>\na linguagem universal da beleza<\/span><\/h1>\n<p>[\/vc_column_text][vc_separator border_width=&#8221;2&#8243; el_width=&#8221;10&#8243;][vc_row_inner][vc_column_inner width=&#8221;1\/6&#8243;][\/vc_column_inner][vc_column_inner width=&#8221;1\/3&#8243;][vc_column_text css=&#8221;.vc_custom_1450707410143{padding-right: 10px !important;padding-left: 10px !important;}&#8221;]<\/p>\n<p style=\"text-align: justify;\"><span style=\"font-size: 12pt; color: #747474;\"><strong><span style=\"font-weight: 400;\">O estudo preciso da morfologia e das <strong>caracter\u00edsticas da pele<\/strong>, a experi\u00eancia de v\u00e1rios anos no <strong>setor cosm\u00e9tico<\/strong>, o valor de princ\u00edpios <strong>ativos preciosos<\/strong> e ben\u00e9ficos: <strong>Alphea<\/strong> \u00e9 o parceiro ideal do profissional do ramo da est\u00e9tica, conhecido desde sempre no percurso especialista para favorecer e proteger a <strong>linguagem universal da beleza.<\/strong><\/span><\/strong><\/span><\/p>\n<p>[\/vc_column_text][\/vc_column_inner][vc_column_inner width=&#8221;1\/3&#8243;][vc_column_text css=&#8221;.vc_custom_1450707419931{padding-right: 10px !important;padding-left: 10px !important;}&#8221;]<\/p>\n<p style=\"text-align: justify;\"><span style=\"font-size: 12pt; color: #747474;\">A investiga\u00e7\u00e3o cient\u00edfica de ponta pretende melhorar, corrigir e preservar o aspeto e o <strong>bem-estar da pele<\/strong>, atrav\u00e9s programas espec\u00edficos para cada exig\u00eancia: tratamentos de rosto e de corpo, concebidos para <strong>todos os tipos de pele<\/strong> garantem um equil\u00edbrio in\u00e9dito, valorizado por f\u00f3rmulas que resultam das <strong>tecnologias cosm\u00e9ticas modernas.<\/strong><br \/>\n<\/span><\/p>\n<p>[\/vc_column_text][\/vc_column_inner][vc_column_inner width=&#8221;1\/6&#8243;][\/vc_column_inner][\/vc_row_inner][vc_empty_space height=&#8221;100&#8243; css=&#8221;.vc_custom_1450196992589{margin-top: 0px !important;margin-right: 0px !important;margin-bottom: 0px !important;margin-left: 0px !important;border-top-width: 0px !important;border-right-width: 0px !important;border-bottom-width: 0px !important;border-left-width: 0px !important;padding-top: 0px !important;padding-right: 0px !important;padding-bottom: 0px !important;padding-left: 0px !important;}&#8221;][\/vc_column][\/vc_row][vc_row parallax=&#8221;content-moving&#8221; parallax_image=&#8221;663&#8243; css=&#8221;.vc_custom_1450713880424{margin-top: 0px !important;margin-right: 0px !important;margin-bottom: 0px !important;margin-left: 0px !important;border-top-width: 0px !important;border-right-width: 0px !important;border-bottom-width: 0px !important;border-left-width: 0px !important;padding-top: 0px !important;padding-right: 0px !important;padding-bottom: 0px !important;padding-left: 0px !important;}&#8221;][vc_column css=&#8221;.vc_custom_1449852921378{margin-top: 0px !important;margin-right: 0px !important;margin-bottom: 0px !important;margin-left: 0px !important;border-top-width: 0px !important;border-right-width: 0px !important;border-bottom-width: 0px !important;border-left-width: 0px !important;padding-top: 0px !important;padding-right: 0px !important;padding-bottom: 0px !important;padding-left: 0px !important;}&#8221;][vc_empty_space height=&#8221;300&#8243; css=&#8221;.vc_custom_1450091075729{margin-top: 0px !important;margin-right: 0px !important;margin-bottom: 0px !important;margin-left: 0px !important;border-top-width: 0px !important;border-right-width: 0px !important;border-bottom-width: 0px !important;border-left-width: 0px !important;padding-top: 0px !important;padding-right: 0px !important;padding-bottom: 0px !important;padding-left: 0px !important;}&#8221;][vc_row_inner][vc_column_inner width=&#8221;1\/6&#8243;][\/vc_column_inner][vc_column_inner width=&#8221;1\/4&#8243;][vc_column_text css=&#8221;.vc_custom_1646818713591{padding-left: 5px !important;}&#8221;]<\/p>\n<h1><span style=\"color: #565656; background-color: #ecccbd;\">Existe um tratamento<br \/>\nde beleza personalizado para cada mulher<\/span><\/h1>\n<p>[\/vc_column_text][\/vc_column_inner][\/vc_row_inner][vc_empty_space height=&#8221;300&#8243; css=&#8221;.vc_custom_1450091082493{margin-top: 0px !important;margin-right: 0px !important;margin-bottom: 0px !important;margin-left: 0px !important;border-top-width: 0px !important;border-right-width: 0px !important;border-bottom-width: 0px !important;border-left-width: 0px !important;padding-top: 0px !important;padding-right: 0px !important;padding-bottom: 0px !important;padding-left: 0px !important;}&#8221;][\/vc_column][\/vc_row][vc_row css=&#8221;.vc_custom_1450687416233{padding-top: 0px !important;padding-right: 15px !important;padding-bottom: 0px !important;padding-left: 15px !important;}&#8221;][vc_column css=&#8221;.vc_custom_1450687461509{margin-top: 0px !important;margin-bottom: 0px !important;border-top-width: 0px !important;border-bottom-width: 0px !important;padding-top: 0px !important;padding-right: 15px !important;padding-bottom: 0px !important;padding-left: 15px !important;background-color: #edbda6 !important;}&#8221;][vc_column_text]<\/p>\n<h1 style=\"text-align: center;\"><span style=\"color: #725547;\">LINHA PARA ROSTO<\/span><\/h1>\n<p>[\/vc_column_text][\/vc_column][\/vc_row][vc_row css=&#8221;.vc_custom_1450690297781{padding-top: 0px !important;padding-right: 15px !important;padding-bottom: 0px !important;padding-left: 15px !important;}&#8221;][vc_column width=&#8221;1\/4&#8243; css=&#8221;.vc_custom_1450099152588{padding-top: 0px !important;padding-right: 0px !important;padding-bottom: 0px !important;padding-left: 0px !important;}&#8221;][vc_single_image image=&#8221;1796&#8243; img_size=&#8221;full&#8221; alignment=&#8221;center&#8221; onclick=&#8221;custom_link&#8221; css_animation=&#8221;appear&#8221; link=&#8221;https:\/\/alphea.it\/pt-pt\/catalog\/face-pt-pt\/sensitive-line-pt-pt\/&#8221; css=&#8221;.vc_custom_1698068665236{margin-top: 0px !important;margin-bottom: 0px !important;border-top-width: 0px !important;border-bottom-width: 0px !important;padding-top: 0px !important;padding-bottom: 0px !important;}&#8221;][\/vc_column][vc_column width=&#8221;1\/4&#8243; css=&#8221;.vc_custom_1450099287064{padding-top: 0px !important;padding-right: 0px !important;padding-bottom: 0px !important;padding-left: 0px !important;}&#8221;][vc_single_image image=&#8221;1799&#8243; img_size=&#8221;full&#8221; alignment=&#8221;center&#8221; onclick=&#8221;custom_link&#8221; css_animation=&#8221;appear&#8221; link=&#8221;https:\/\/alphea.it\/pt-pt\/catalog\/face-pt-pt\/purify-line-pt-pt\/&#8221; css=&#8221;.vc_custom_1698068676483{margin-top: 0px !important;margin-bottom: 0px !important;border-top-width: 0px !important;border-bottom-width: 0px !important;padding-top: 0px !important;padding-bottom: 0px !important;}&#8221;][\/vc_column][vc_column width=&#8221;1\/4&#8243; css=&#8221;.vc_custom_1450099308856{padding-top: 0px !important;padding-right: 0px !important;padding-bottom: 0px !important;padding-left: 0px !important;}&#8221;][vc_single_image image=&#8221;1805&#8243; img_size=&#8221;full&#8221; alignment=&#8221;center&#8221; onclick=&#8221;custom_link&#8221; css_animation=&#8221;appear&#8221; link=&#8221;https:\/\/alphea.it\/pt-pt\/catalog\/face-pt-pt\/anti-age-line-pt-pt\/&#8221; css=&#8221;.vc_custom_1698068688568{margin-top: 0px !important;margin-bottom: 0px !important;border-top-width: 0px !important;border-bottom-width: 0px !important;padding-top: 0px !important;padding-bottom: 0px !important;}&#8221;][\/vc_column][vc_column width=&#8221;1\/4&#8243; css=&#8221;.vc_custom_1450709712000{padding-top: 0px !important;padding-right: 0px !important;padding-bottom: 0px !important;padding-left: 0px !important;}&#8221;][vc_single_image image=&#8221;1802&#8243; img_size=&#8221;full&#8221; alignment=&#8221;center&#8221; onclick=&#8221;custom_link&#8221; css_animation=&#8221;appear&#8221; link=&#8221;https:\/\/alphea.it\/pt-pt\/catalog\/face-pt-pt\/intensive-line-pt-pt\/&#8221; css=&#8221;.vc_custom_1698068702051{margin-top: 0px !important;margin-bottom: 0px !important;border-top-width: 0px !important;border-bottom-width: 0px !important;padding-top: 0px !important;padding-bottom: 0px !important;}&#8221;][\/vc_column][\/vc_row][vc_row parallax=&#8221;content-moving&#8221; parallax_image=&#8221;656&#8243; css=&#8221;.vc_custom_1450713219768{margin-top: 0px !important;margin-right: 0px !important;margin-bottom: 0px !important;margin-left: 0px !important;border-top-width: 0px !important;border-right-width: 0px !important;border-bottom-width: 0px !important;border-left-width: 0px !important;padding-top: 0px !important;padding-right: 0px !important;padding-bottom: 0px !important;padding-left: 0px !important;}&#8221;][vc_column css=&#8221;.vc_custom_1449852921378{margin-top: 0px !important;margin-right: 0px !important;margin-bottom: 0px !important;margin-left: 0px !important;border-top-width: 0px !important;border-right-width: 0px !important;border-bottom-width: 0px !important;border-left-width: 0px !important;padding-top: 0px !important;padding-right: 0px !important;padding-bottom: 0px !important;padding-left: 0px !important;}&#8221;][vc_empty_space height=&#8221;300&#8243; css=&#8221;.vc_custom_1450091075729{margin-top: 0px !important;margin-right: 0px !important;margin-bottom: 0px !important;margin-left: 0px !important;border-top-width: 0px !important;border-right-width: 0px !important;border-bottom-width: 0px !important;border-left-width: 0px !important;padding-top: 0px !important;padding-right: 0px !important;padding-bottom: 0px !important;padding-left: 0px !important;}&#8221;][vc_row_inner][vc_column_inner width=&#8221;1\/6&#8243;][\/vc_column_inner][vc_column_inner width=&#8221;1\/4&#8243;][vc_column_text css=&#8221;.vc_custom_1648200134236{padding-left: 5px !important;}&#8221;]<\/p>\n<h1><span style=\"color: #565656; background-color: #faeeca;\">Rituais di\u00e1rios para renover o bem-estar da sua cliente<\/span><\/h1>\n<p>[\/vc_column_text][\/vc_column_inner][\/vc_row_inner][vc_empty_space height=&#8221;300&#8243; css=&#8221;.vc_custom_1450091082493{margin-top: 0px !important;margin-right: 0px !important;margin-bottom: 0px !important;margin-left: 0px !important;border-top-width: 0px !important;border-right-width: 0px !important;border-bottom-width: 0px !important;border-left-width: 0px !important;padding-top: 0px !important;padding-right: 0px !important;padding-bottom: 0px !important;padding-left: 0px !important;}&#8221;][\/vc_column][\/vc_row][vc_row css=&#8221;.vc_custom_1450687416233{padding-top: 0px !important;padding-right: 15px !important;padding-bottom: 0px !important;padding-left: 15px !important;}&#8221;][vc_column css=&#8221;.vc_custom_1450687637762{margin-top: 0px !important;margin-bottom: 0px !important;border-top-width: 0px !important;border-bottom-width: 0px !important;padding-top: 0px !important;padding-right: 15px !important;padding-bottom: 0px !important;padding-left: 15px !important;background-color: #fbe18f !important;}&#8221;][vc_column_text]<\/p>\n<h1 style=\"text-align: center;\"><span style=\"color: #e8b000;\">LINHA PARA CORPO<\/span><\/h1>\n<p>[\/vc_column_text][\/vc_column][\/vc_row][vc_row css=&#8221;.vc_custom_1450690297781{padding-top: 0px !important;padding-right: 15px !important;padding-bottom: 0px !important;padding-left: 15px !important;}&#8221;][vc_column width=&#8221;1\/3&#8243; css=&#8221;.vc_custom_1450099152588{padding-top: 0px !important;padding-right: 0px !important;padding-bottom: 0px !important;padding-left: 0px !important;}&#8221;][vc_single_image image=&#8221;1786&#8243; img_size=&#8221;full&#8221; alignment=&#8221;center&#8221; onclick=&#8221;custom_link&#8221; css_animation=&#8221;appear&#8221; link=&#8221;https:\/\/alphea.it\/pt-pt\/catalog\/body-pt-pt\/cell-pro-line-pt-pt\/&#8221; css=&#8221;.vc_custom_1698068715361{margin-top: 0px !important;margin-bottom: 0px !important;border-top-width: 0px !important;border-bottom-width: 0px !important;padding-top: 0px !important;padding-bottom: 0px !important;}&#8221;][\/vc_column][vc_column width=&#8221;1\/3&#8243; css=&#8221;.vc_custom_1450099287064{padding-top: 0px !important;padding-right: 0px !important;padding-bottom: 0px !important;padding-left: 0px !important;}&#8221;][vc_single_image image=&#8221;1792&#8243; img_size=&#8221;full&#8221; alignment=&#8221;center&#8221; onclick=&#8221;custom_link&#8221; css_animation=&#8221;appear&#8221; link=&#8221;https:\/\/alphea.it\/pt-pt\/catalog\/body-pt-pt\/tonic-line-pt-pt\/&#8221; css=&#8221;.vc_custom_1698068724326{margin-top: 0px !important;margin-bottom: 0px !important;border-top-width: 0px !important;border-bottom-width: 0px !important;padding-top: 0px !important;padding-bottom: 0px !important;}&#8221;][\/vc_column][vc_column width=&#8221;1\/3&#8243; css=&#8221;.vc_custom_1450099308856{padding-top: 0px !important;padding-right: 0px !important;padding-bottom: 0px !important;padding-left: 0px !important;}&#8221;][vc_single_image image=&#8221;1789&#8243; img_size=&#8221;full&#8221; alignment=&#8221;center&#8221; onclick=&#8221;custom_link&#8221; css_animation=&#8221;appear&#8221; link=&#8221;https:\/\/alphea.it\/pt-pt\/catalog\/body-pt-pt\/special-line-pt-pt\/&#8221; css=&#8221;.vc_custom_1698068740668{margin-top: 0px !important;margin-bottom: 0px !important;border-top-width: 0px !important;border-bottom-width: 0px !important;padding-top: 0px !important;padding-bottom: 0px !important;}&#8221;][\/vc_column][\/vc_row]<\/p>\n<\/div>","protected":false},"excerpt":{"rendered":"<p>[vc_row][vc_column][vc_empty_space height=&#8221;100&#8243; css=&#8221;.vc_custom_1450196984095{margin-top: 0px !important;margin-right: 0px !important;margin-bottom: 0px !important;margin-left: 0px !important;border-top-width: 0px !important;border-right-width: 0px !important;border-bottom-width: 0px !important;border-left-width: 0px !important;padding-top: 0px !important;padding-right: 0px !important;padding-bottom: 0px !important;padding-left: 0px !important;}&#8221;][vc_column_text] Alphea: desenvolvida para preservar a linguagem universal da beleza [\/vc_column_text][vc_separator border_width=&#8221;2&#8243; el_width=&#8221;10&#8243;][vc_row_inner][vc_column_inner width=&#8221;1\/6&#8243;][\/vc_column_inner][vc_column_inner width=&#8221;1\/3&#8243;][vc_column_text css=&#8221;.vc_custom_1450707410143{padding-right: 10px !important;padding-left: 10px !important;}&#8221;] O estudo preciso da morfologia e das caracter\u00edsticas da  [&#8230;]<\/p>\n","protected":false},"author":4,"featured_media":0,"parent":0,"menu_order":0,"comment_status":"closed","ping_status":"closed","template":"100-width.php","meta":{"_acf_changed":false,"footnotes":""},"class_list":["post-1463","page","type-page","status-publish","hentry"],"acf":[],"yoast_head":"<!-- This site is optimized with the Yoast SEO plugin v26.8 - https:\/\/yoast.com\/product\/yoast-seo-wordpress\/ -->\n<title>Alphea | Produtos cosm\u00e9ticos profissionais para rosto e corpo<\/title>\n<meta name=\"description\" content=\"Alphea, produtos cosm\u00e9ticos profissionais para rosto e corpo para centros est\u00e9ticos e Spa: o melhor da cosm\u00e9tica Comprof para o profissional de est\u00e9tica.\" \/>\n<meta name=\"robots\" content=\"index, follow, max-snippet:-1, max-image-preview:large, max-video-preview:-1\" \/>\n<link rel=\"canonical\" href=\"https:\/\/alphea.it\/pt-pt\/\" \/>\n<meta property=\"og:locale\" content=\"pt_PT\" \/>\n<meta property=\"og:type\" content=\"article\" \/>\n<meta property=\"og:title\" content=\"Alphea | Produtos cosm\u00e9ticos profissionais para rosto e corpo\" \/>\n<meta property=\"og:description\" content=\"Alphea, produtos cosm\u00e9ticos profissionais para rosto e corpo para centros est\u00e9ticos e Spa: o melhor da cosm\u00e9tica Comprof para o profissional de est\u00e9tica.\" \/>\n<meta property=\"og:url\" content=\"https:\/\/alphea.it\/pt-pt\/\" \/>\n<meta property=\"og:site_name\" content=\"Alphea\" \/>\n<meta property=\"article:modified_time\" content=\"2023-10-23T13:45:46+00:00\" \/>\n<meta name=\"twitter:card\" content=\"summary_large_image\" \/>\n<meta name=\"twitter:label1\" content=\"Tempo estimado de leitura\" \/>\n\t<meta name=\"twitter:data1\" content=\"4 minutos\" \/>\n<script type=\"application\/ld+json\" class=\"yoast-schema-graph\">{\"@context\":\"https:\/\/schema.org\",\"@graph\":[{\"@type\":\"WebPage\",\"@id\":\"https:\/\/alphea.it\/pt-pt\/\",\"url\":\"https:\/\/alphea.it\/pt-pt\/\",\"name\":\"Alphea | Produtos cosm\u00e9ticos profissionais para rosto e corpo\",\"isPartOf\":{\"@id\":\"https:\/\/alphea.it\/#website\"},\"datePublished\":\"2022-03-09T09:06:26+00:00\",\"dateModified\":\"2023-10-23T13:45:46+00:00\",\"description\":\"Alphea, produtos cosm\u00e9ticos profissionais para rosto e corpo para centros est\u00e9ticos e Spa: o melhor da cosm\u00e9tica Comprof para o profissional de est\u00e9tica.\",\"breadcrumb\":{\"@id\":\"https:\/\/alphea.it\/pt-pt\/#breadcrumb\"},\"inLanguage\":\"pt-PT\",\"potentialAction\":[{\"@type\":\"ReadAction\",\"target\":[\"https:\/\/alphea.it\/pt-pt\/\"]}]},{\"@type\":\"BreadcrumbList\",\"@id\":\"https:\/\/alphea.it\/pt-pt\/#breadcrumb\",\"itemListElement\":[{\"@type\":\"ListItem\",\"position\":1,\"name\":\"Home\",\"item\":\"https:\/\/alphea.it\/pt-pt\/\"},{\"@type\":\"ListItem\",\"position\":2,\"name\":\"Home\"}]},{\"@type\":\"WebSite\",\"@id\":\"https:\/\/alphea.it\/#website\",\"url\":\"https:\/\/alphea.it\/\",\"name\":\"Alphea\",\"description\":\"Beauty Line\",\"potentialAction\":[{\"@type\":\"SearchAction\",\"target\":{\"@type\":\"EntryPoint\",\"urlTemplate\":\"https:\/\/alphea.it\/?s={search_term_string}\"},\"query-input\":{\"@type\":\"PropertyValueSpecification\",\"valueRequired\":true,\"valueName\":\"search_term_string\"}}],\"inLanguage\":\"pt-PT\"}]}<\/script>\n<!-- \/ Yoast SEO plugin. -->","yoast_head_json":{"title":"Alphea | Produtos cosm\u00e9ticos profissionais para rosto e corpo","description":"Alphea, produtos cosm\u00e9ticos profissionais para rosto e corpo para centros est\u00e9ticos e Spa: o melhor da cosm\u00e9tica Comprof para o profissional de est\u00e9tica.","robots":{"index":"index","follow":"follow","max-snippet":"max-snippet:-1","max-image-preview":"max-image-preview:large","max-video-preview":"max-video-preview:-1"},"canonical":"https:\/\/alphea.it\/pt-pt\/","og_locale":"pt_PT","og_type":"article","og_title":"Alphea | Produtos cosm\u00e9ticos profissionais para rosto e corpo","og_description":"Alphea, produtos cosm\u00e9ticos profissionais para rosto e corpo para centros est\u00e9ticos e Spa: o melhor da cosm\u00e9tica Comprof para o profissional de est\u00e9tica.","og_url":"https:\/\/alphea.it\/pt-pt\/","og_site_name":"Alphea","article_modified_time":"2023-10-23T13:45:46+00:00","twitter_card":"summary_large_image","twitter_misc":{"Tempo estimado de leitura":"4 minutos"},"schema":{"@context":"https:\/\/schema.org","@graph":[{"@type":"WebPage","@id":"https:\/\/alphea.it\/pt-pt\/","url":"https:\/\/alphea.it\/pt-pt\/","name":"Alphea | Produtos cosm\u00e9ticos profissionais para rosto e corpo","isPartOf":{"@id":"https:\/\/alphea.it\/#website"},"datePublished":"2022-03-09T09:06:26+00:00","dateModified":"2023-10-23T13:45:46+00:00","description":"Alphea, produtos cosm\u00e9ticos profissionais para rosto e corpo para centros est\u00e9ticos e Spa: o melhor da cosm\u00e9tica Comprof para o profissional de est\u00e9tica.","breadcrumb":{"@id":"https:\/\/alphea.it\/pt-pt\/#breadcrumb"},"inLanguage":"pt-PT","potentialAction":[{"@type":"ReadAction","target":["https:\/\/alphea.it\/pt-pt\/"]}]},{"@type":"BreadcrumbList","@id":"https:\/\/alphea.it\/pt-pt\/#breadcrumb","itemListElement":[{"@type":"ListItem","position":1,"name":"Home","item":"https:\/\/alphea.it\/pt-pt\/"},{"@type":"ListItem","position":2,"name":"Home"}]},{"@type":"WebSite","@id":"https:\/\/alphea.it\/#website","url":"https:\/\/alphea.it\/","name":"Alphea","description":"Beauty Line","potentialAction":[{"@type":"SearchAction","target":{"@type":"EntryPoint","urlTemplate":"https:\/\/alphea.it\/?s={search_term_string}"},"query-input":{"@type":"PropertyValueSpecification","valueRequired":true,"valueName":"search_term_string"}}],"inLanguage":"pt-PT"}]}},"_links":{"self":[{"href":"https:\/\/alphea.it\/pt-pt\/wp-json\/wp\/v2\/pages\/1463","targetHints":{"allow":["GET"]}}],"collection":[{"href":"https:\/\/alphea.it\/pt-pt\/wp-json\/wp\/v2\/pages"}],"about":[{"href":"https:\/\/alphea.it\/pt-pt\/wp-json\/wp\/v2\/types\/page"}],"author":[{"embeddable":true,"href":"https:\/\/alphea.it\/pt-pt\/wp-json\/wp\/v2\/users\/4"}],"replies":[{"embeddable":true,"href":"https:\/\/alphea.it\/pt-pt\/wp-json\/wp\/v2\/comments?post=1463"}],"version-history":[{"count":0,"href":"https:\/\/alphea.it\/pt-pt\/wp-json\/wp\/v2\/pages\/1463\/revisions"}],"wp:attachment":[{"href":"https:\/\/alphea.it\/pt-pt\/wp-json\/wp\/v2\/media?parent=1463"}],"curies":[{"name":"wp","href":"https:\/\/api.w.org\/{rel}","templated":true}]}}