{"id":1443,"date":"2022-03-08T16:49:38","date_gmt":"2022-03-08T15:49:38","guid":{"rendered":"https:\/\/alphea.it\/dados-da-sociedade-completos\/"},"modified":"2022-03-08T16:49:38","modified_gmt":"2022-03-08T15:49:38","slug":"dados-da-sociedade-completos","status":"publish","type":"page","link":"https:\/\/alphea.it\/pt-pt\/dados-da-sociedade-completos\/","title":{"rendered":"Dados da sociedade completos"},"content":{"rendered":"<p>Comprof Milano S.r.l.<\/p>\n<p>N\u00famero de IVA: IT07479001211<\/p>\n<p>Sede legal: P.zza S. Maria degli Angeli a Pizzofalcone 1, N\u00e1poles (Na) 80132<\/p>\n<p>Sede Operacional: Cis di Nola Isola 8, lotto 8032-8035, 80035 Nola (Na)<\/p>\n<p>Conservat\u00f3ria do registo comercial: N\u00e1poles \u2013 sec\u00e7\u00e3o ordin\u00e1ria<\/p>\n<p>N\u00famero de inscri\u00e7\u00e3o no registo comercial: 07479001211<\/p>\n<p>Capital social realizado: \u20ac 100.000,00<\/p>\n<p>Endere\u00e7o de correio eletr\u00f3nico certificado:\u00a0<a href=\"mailto:comprofmilano@legalmail.it\">comprofmilano@legalmail.it<\/a><\/p>\n","protected":false},"excerpt":{"rendered":"<p>Comprof Milano S.r.l. N\u00famero de IVA: IT07479001211 Sede legal: P.zza S. Maria degli Angeli a Pizzofalcone 1, N\u00e1poles (Na) 80132 Sede Operacional: Cis di Nola Isola 8, lotto 8032-8035, 80035 Nola (Na) Conservat\u00f3ria do registo comercial: N\u00e1poles \u2013 sec\u00e7\u00e3o ordin\u00e1ria N\u00famero de inscri\u00e7\u00e3o no registo comercial: 07479001211 Capital social realizado: \u20ac 100.000,00 Endere\u00e7o de correio  [&#8230;]<\/p>\n","protected":false},"author":4,"featured_media":0,"parent":0,"menu_order":0,"comment_status":"closed","ping_status":"closed","template":"","meta":{"_acf_changed":false,"footnotes":""},"class_list":["post-1443","page","type-page","status-publish","hentry"],"acf":[],"yoast_head":"<!-- This site is optimized with the Yoast SEO plugin v26.8 - https:\/\/yoast.com\/product\/yoast-seo-wordpress\/ -->\n<title>Dados da sociedade completos - Alphea<\/title>\n<meta name=\"robots\" content=\"noindex, nofollow\" \/>\n<meta property=\"og:locale\" content=\"pt_PT\" \/>\n<meta property=\"og:type\" content=\"article\" \/>\n<meta property=\"og:title\" content=\"Dados da sociedade completos - Alphea\" \/>\n<meta property=\"og:description\" content=\"Comprof Milano S.r.l. N\u00famero de IVA: IT07479001211 Sede legal: P.zza S. Maria degli Angeli a Pizzofalcone 1, N\u00e1poles (Na) 80132 Sede Operacional: Cis di Nola Isola 8, lotto 8032-8035, 80035 Nola (Na) Conservat\u00f3ria do registo comercial: N\u00e1poles \u2013 sec\u00e7\u00e3o ordin\u00e1ria N\u00famero de inscri\u00e7\u00e3o no registo comercial: 07479001211 Capital social realizado: \u20ac 100.000,00 Endere\u00e7o de correio [...]\" \/>\n<meta property=\"og:url\" content=\"https:\/\/alphea.it\/dati-societari-completi\/\" \/>\n<meta property=\"og:site_name\" content=\"Alphea\" \/>\n<meta name=\"twitter:card\" content=\"summary_large_image\" \/>\n<script type=\"application\/ld+json\" class=\"yoast-schema-graph\">{\"@context\":\"https:\/\/schema.org\",\"@graph\":[{\"@type\":\"WebPage\",\"@id\":\"https:\/\/alphea.it\/dati-societari-completi\/\",\"url\":\"https:\/\/alphea.it\/dati-societari-completi\/\",\"name\":\"Dados da sociedade completos - Alphea\",\"isPartOf\":{\"@id\":\"https:\/\/alphea.it\/#website\"},\"datePublished\":\"2022-03-08T15:49:38+00:00\",\"breadcrumb\":{\"@id\":\"https:\/\/alphea.it\/dati-societari-completi\/#breadcrumb\"},\"inLanguage\":\"pt-PT\",\"potentialAction\":[{\"@type\":\"ReadAction\",\"target\":[\"https:\/\/alphea.it\/dati-societari-completi\/\"]}]},{\"@type\":\"BreadcrumbList\",\"@id\":\"https:\/\/alphea.it\/dati-societari-completi\/#breadcrumb\",\"itemListElement\":[{\"@type\":\"ListItem\",\"position\":1,\"name\":\"Home\",\"item\":\"https:\/\/alphea.it\/pt-pt\/\"},{\"@type\":\"ListItem\",\"position\":2,\"name\":\"Dados da sociedade completos\"}]},{\"@type\":\"WebSite\",\"@id\":\"https:\/\/alphea.it\/#website\",\"url\":\"https:\/\/alphea.it\/\",\"name\":\"Alphea\",\"description\":\"Beauty Line\",\"potentialAction\":[{\"@type\":\"SearchAction\",\"target\":{\"@type\":\"EntryPoint\",\"urlTemplate\":\"https:\/\/alphea.it\/?s={search_term_string}\"},\"query-input\":{\"@type\":\"PropertyValueSpecification\",\"valueRequired\":true,\"valueName\":\"search_term_string\"}}],\"inLanguage\":\"pt-PT\"}]}<\/script>\n<!-- \/ Yoast SEO plugin. -->","yoast_head_json":{"title":"Dados da sociedade completos - Alphea","robots":{"index":"noindex","follow":"nofollow"},"og_locale":"pt_PT","og_type":"article","og_title":"Dados da sociedade completos - Alphea","og_description":"Comprof Milano S.r.l. N\u00famero de IVA: IT07479001211 Sede legal: P.zza S. Maria degli Angeli a Pizzofalcone 1, N\u00e1poles (Na) 80132 Sede Operacional: Cis di Nola Isola 8, lotto 8032-8035, 80035 Nola (Na) Conservat\u00f3ria do registo comercial: N\u00e1poles \u2013 sec\u00e7\u00e3o ordin\u00e1ria N\u00famero de inscri\u00e7\u00e3o no registo comercial: 07479001211 Capital social realizado: \u20ac 100.000,00 Endere\u00e7o de correio [...]","og_url":"https:\/\/alphea.it\/dati-societari-completi\/","og_site_name":"Alphea","twitter_card":"summary_large_image","schema":{"@context":"https:\/\/schema.org","@graph":[{"@type":"WebPage","@id":"https:\/\/alphea.it\/dati-societari-completi\/","url":"https:\/\/alphea.it\/dati-societari-completi\/","name":"Dados da sociedade completos - Alphea","isPartOf":{"@id":"https:\/\/alphea.it\/#website"},"datePublished":"2022-03-08T15:49:38+00:00","breadcrumb":{"@id":"https:\/\/alphea.it\/dati-societari-completi\/#breadcrumb"},"inLanguage":"pt-PT","potentialAction":[{"@type":"ReadAction","target":["https:\/\/alphea.it\/dati-societari-completi\/"]}]},{"@type":"BreadcrumbList","@id":"https:\/\/alphea.it\/dati-societari-completi\/#breadcrumb","itemListElement":[{"@type":"ListItem","position":1,"name":"Home","item":"https:\/\/alphea.it\/pt-pt\/"},{"@type":"ListItem","position":2,"name":"Dados da sociedade completos"}]},{"@type":"WebSite","@id":"https:\/\/alphea.it\/#website","url":"https:\/\/alphea.it\/","name":"Alphea","description":"Beauty Line","potentialAction":[{"@type":"SearchAction","target":{"@type":"EntryPoint","urlTemplate":"https:\/\/alphea.it\/?s={search_term_string}"},"query-input":{"@type":"PropertyValueSpecification","valueRequired":true,"valueName":"search_term_string"}}],"inLanguage":"pt-PT"}]}},"_links":{"self":[{"href":"https:\/\/alphea.it\/pt-pt\/wp-json\/wp\/v2\/pages\/1443","targetHints":{"allow":["GET"]}}],"collection":[{"href":"https:\/\/alphea.it\/pt-pt\/wp-json\/wp\/v2\/pages"}],"about":[{"href":"https:\/\/alphea.it\/pt-pt\/wp-json\/wp\/v2\/types\/page"}],"author":[{"embeddable":true,"href":"https:\/\/alphea.it\/pt-pt\/wp-json\/wp\/v2\/users\/4"}],"replies":[{"embeddable":true,"href":"https:\/\/alphea.it\/pt-pt\/wp-json\/wp\/v2\/comments?post=1443"}],"version-history":[{"count":0,"href":"https:\/\/alphea.it\/pt-pt\/wp-json\/wp\/v2\/pages\/1443\/revisions"}],"wp:attachment":[{"href":"https:\/\/alphea.it\/pt-pt\/wp-json\/wp\/v2\/media?parent=1443"}],"curies":[{"name":"wp","href":"https:\/\/api.w.org\/{rel}","templated":true}]}}